{"id":773,"date":"2021-05-23T08:17:18","date_gmt":"2021-05-23T08:17:18","guid":{"rendered":"https:\/\/apaselda.es\/?page_id=773"},"modified":"2021-05-23T09:39:24","modified_gmt":"2021-05-23T09:39:24","slug":"escuela-de-padres-y-madres","status":"publish","type":"page","link":"https:\/\/apaselda.es\/?page_id=773","title":{"rendered":"ESCUELA DE PADRES Y MADRES 2020"},"content":{"rendered":"<div id=\"fb-root\"><\/div>\n\t\t<div data-elementor-type=\"wp-page\" data-elementor-id=\"773\" class=\"elementor elementor-773\">\n\t\t\t\t\t\t<section class=\"elementor-section elementor-top-section elementor-element elementor-element-91757a9 elementor-section-boxed elementor-section-height-default elementor-section-height-default\" data-id=\"91757a9\" data-element_type=\"section\" data-e-type=\"section\">\n\t\t\t\t\t\t<div class=\"elementor-container elementor-column-gap-default\">\n\t\t\t\t\t<div class=\"elementor-column elementor-col-100 elementor-top-column elementor-element elementor-element-dc43796\" data-id=\"dc43796\" data-element_type=\"column\" data-e-type=\"column\">\n\t\t\t<div class=\"elementor-widget-wrap elementor-element-populated\">\n\t\t\t\t\t\t<div class=\"elementor-element elementor-element-0e6a348 elementor-widget__width-inherit elementor-widget elementor-widget-text-editor\" data-id=\"0e6a348\" data-element_type=\"widget\" data-e-type=\"widget\" data-widget_type=\"text-editor.default\">\n\t\t\t\t<div class=\"elementor-widget-container\">\n\t\t\t\t\t\t\t\t\t<section class=\"elementor-section elementor-top-section elementor-element elementor-element-dfbe80f elementor-section-stretched elementor-section-boxed elementor-section-height-default elementor-section-height-default\" data-id=\"dfbe80f\" data-element_type=\"section\" data-settings=\"{&quot;stretch_section&quot;:&quot;section-stretched&quot;}\"><div class=\"elementor-container elementor-column-gap-default\"><div class=\"elementor-column elementor-col-100 elementor-top-column elementor-element elementor-element-cdea5a9\" data-id=\"cdea5a9\" data-element_type=\"column\"><div class=\"elementor-widget-wrap elementor-element-populated\"><div class=\"elementor-element elementor-element-cbe633b elementor-widget elementor-widget-text-editor\" data-id=\"cbe633b\" data-element_type=\"widget\" data-widget_type=\"text-editor.default\"><div class=\"elementor-widget-container\"><h3 class=\"entry-title\">El Ayuntamiento de Elda organiza una Escuela de Familia para ayudar a los padres y madres a abordar la actual situaci\u00f3n sanitaria y otros problemas relacionados con la educaci\u00f3n<\/h3><\/div><\/div><\/div><\/div><\/div><\/section><section class=\"elementor-section elementor-top-section elementor-element elementor-element-efc83fd elementor-section-stretched elementor-section-boxed elementor-section-height-default elementor-section-height-default\" data-id=\"efc83fd\" data-element_type=\"section\" data-settings=\"{&quot;stretch_section&quot;:&quot;section-stretched&quot;}\"><div class=\"elementor-container elementor-column-gap-default\"><div class=\"elementor-column elementor-col-100 elementor-top-column elementor-element elementor-element-fb4fffb\" data-id=\"fb4fffb\" data-element_type=\"column\"><div class=\"elementor-widget-wrap elementor-element-populated\"><div class=\"elementor-element elementor-element-f3e4c5c elementor-widget elementor-widget-text-editor\" data-id=\"f3e4c5c\" data-element_type=\"widget\" data-widget_type=\"text-editor.default\"><div class=\"elementor-widget-container\"><p>Bajo el t\u00edtulo de \u2018Educaci\u00f3n en tiempos de Covid\u2019, participar\u00e1n destacados ponentes que de manera telem\u00e1tica orientar\u00e1n a las familias y resolver\u00e1n todas las dudas que surjan<\/p><\/div><\/div><\/div><\/div><\/div><\/section><section class=\"elementor-section elementor-top-section elementor-element elementor-element-63ef209 elementor-section-stretched elementor-section-boxed elementor-section-height-default elementor-section-height-default\" data-id=\"63ef209\" data-element_type=\"section\" data-settings=\"{&quot;stretch_section&quot;:&quot;section-stretched&quot;}\"><div class=\"elementor-container elementor-column-gap-default\"><div class=\"elementor-column elementor-col-100 elementor-top-column elementor-element elementor-element-04a1c2b\" data-id=\"04a1c2b\" data-element_type=\"column\"><div class=\"elementor-widget-wrap elementor-element-populated\"><div class=\"elementor-element elementor-element-5951447 elementor-widget elementor-widget-text-editor\" data-id=\"5951447\" data-element_type=\"widget\" data-widget_type=\"text-editor.default\"><div class=\"elementor-widget-container\"><div class=\"et_pb_column et_pb_column_2_3 et_pb_column_1 et_pb_css_mix_blend_mode_passthrough\"><div class=\"et_pb_module et_pb_text et_pb_text_1 et_pb_text_align_justified et_pb_bg_layout_dark\"><div class=\"et_pb_text_inner\"><p>El Ayuntamiento de Elda y la Agrupaci\u00f3n Local de AMPAS han presentado hoy la primera edici\u00f3n de la Escuela de Familia, que se va a desarrollar del 9 al 13 de diciembre de forma online y abierta para todos los ciudadanos a trav\u00e9s de la p\u00e1gina de Facebook del Ayuntamiento de Elda.<\/p><p>El concejal de Educaci\u00f3n,\u00a0<strong>Fernando G\u00f3mez<\/strong><strong>,<\/strong>\u00a0ha afirmado que<strong>\u00a0\u201cbajo el t\u00edtulo de \u2018Educaci\u00f3n en tiempos de Covid\u2019, no s\u00f3lo se centrar\u00e1 en la situaci\u00f3n sanitaria que estamos viviendo, tambi\u00e9n se abordar\u00e1n otros muchos temas con el objetivo de ayudar a las familias. No s\u00f3lo se trata de un ciclo de conferencias, 5 en total, tambi\u00e9n ser\u00e1 un foro de formaci\u00f3n y encuentro que servir\u00e1 de orientaci\u00f3n para solventar dudas\u201d.<\/strong><\/p><p>G\u00f3mez ha asegurado que<strong>\u00a0\u201ccuando hablamos de educaci\u00f3n, \u00faltimamente se centra en la escuela, y nos olvidamos de la familia, que termina siendo determinante. La familia es el primer agente socializador de los hijos por lo que educar bien es un reto, una responsabilidad y una de nuestras mayores satisfacciones. Actualmente la sociedad compleja y sus influencias en los ni\u00f1os hace que nos enfrentemos a un reto; las escuelas de familias son reuniones que proporcionan un marco ideal para intercambiar experiencias y contrastar rutinas en la educaci\u00f3n dentro del hogar familiar\u201d.<\/strong><\/p><p>La Escuela de Familia contar\u00e1 con los siguientes ponentes:<\/p><p>\u2013\u00a0<strong>Esther Roca<\/strong>\u00a0(directora del M\u00e1ster de Necesidades Educativas Especiales y Atenci\u00f3n Temprana en la Universidad Internacional de Valencia, especialista en Neuroeducaci\u00f3n e Inclusi\u00f3n Educativa).<\/p><p>\u2013\u00a0<strong>Marina Marroqu\u00ed\u00a0<\/strong>(educadora social en Violencia de Genero).<\/p><p>\u2013\u00a0<strong>Gaspar Pablo Tom\u00e1s<\/strong>\u00a0(sex\u00f3logo y fisioterapeuta especializado en el \u00e1mbito de la discapacidad).<\/p><p>\u2013\u00a0<strong>Isabel Sanz y Sara Ochoa<\/strong>\u00a0(doctora en Psicolog\u00eda y psic\u00f3loga en el \u00e1mbito infantil y juvenil).<\/p><p>\u2013\u00a0<strong>Daniel Gim\u00e9nez<\/strong>\u00a0(Doctor en Salud P\u00fablica, dietista-nutricionista y Docente Universitario).<\/p><p>Fernando G\u00f3mez ha agradecido a la Agrupacion Local de AMPAS, cuyo presidente Carlos Vicente, ha asistido tambi\u00e9n a la presentaci\u00f3n,\u00a0<strong>\u201csu esfuerzo con el Gobierno Local en su apuesta por mejorar la educaci\u00f3n y coorganizar por primera vez en nuestra ciudad una Escuela para Familias como \u00e9sta, como hab\u00e9is podido comprobar dirigida a Infantil, Primaria, Secundaria y Educaci\u00f3n Especial\u201d.<\/strong><\/p><\/div><\/div><\/div><div class=\"et_pb_column et_pb_column_1_3 et_pb_column_2 et_pb_css_mix_blend_mode_passthrough et-last-child\"><div class=\"et_pb_module et_pb_gallery et_pb_gallery_0 et_pb_bg_layout_dark et_pb_slider et_pb_gallery_fullwidth\"><div class=\"et_pb_gallery_items et_post_gallery clearfix\" data-per_page=\"4\"><div class=\"et_pb_gallery_item et_pb_bg_layout_dark et_pb_gallery_item_0_0 et-pb-active-slide\">\u00a0<\/div><\/div><\/div><\/div><\/div><\/div><\/div><\/div><\/div><\/section>\t\t\t\t\t\t\t\t<\/div>\n\t\t\t\t<\/div>\n\t\t\t\t\t<\/div>\n\t\t<\/div>\n\t\t\t\t\t<\/div>\n\t\t<\/section>\n\t\t\t\t<section class=\"elementor-section elementor-top-section elementor-element elementor-element-bad6a1d elementor-section-boxed elementor-section-height-default elementor-section-height-default\" data-id=\"bad6a1d\" data-element_type=\"section\" data-e-type=\"section\">\n\t\t\t\t\t\t<div class=\"elementor-container elementor-column-gap-default\">\n\t\t\t\t\t<div class=\"elementor-column elementor-col-100 elementor-top-column elementor-element elementor-element-a6ef5a9\" data-id=\"a6ef5a9\" data-element_type=\"column\" data-e-type=\"column\">\n\t\t\t<div class=\"elementor-widget-wrap elementor-element-populated\">\n\t\t\t\t\t\t<div class=\"elementor-element elementor-element-2af6ce6 elementor-widget__width-inherit elementor-widget elementor-widget-image\" data-id=\"2af6ce6\" data-element_type=\"widget\" data-e-type=\"widget\" data-widget_type=\"image.default\">\n\t\t\t\t<div class=\"elementor-widget-container\">\n\t\t\t\t\t\t\t\t\t\t\t\t\t\t\t<img fetchpriority=\"high\" decoding=\"async\" width=\"525\" height=\"745\" src=\"https:\/\/apaselda.es\/wp-content\/uploads\/2021\/05\/IMAGEN-ESCUELA-DE-FAMILIA-722x1024.jpeg\" class=\"attachment-large size-large wp-image-779\" alt=\"\" srcset=\"https:\/\/apaselda.es\/wp-content\/uploads\/2021\/05\/IMAGEN-ESCUELA-DE-FAMILIA-722x1024.jpeg 722w, https:\/\/apaselda.es\/wp-content\/uploads\/2021\/05\/IMAGEN-ESCUELA-DE-FAMILIA-212x300.jpeg 212w, https:\/\/apaselda.es\/wp-content\/uploads\/2021\/05\/IMAGEN-ESCUELA-DE-FAMILIA-768x1089.jpeg 768w, https:\/\/apaselda.es\/wp-content\/uploads\/2021\/05\/IMAGEN-ESCUELA-DE-FAMILIA.jpeg 875w\" sizes=\"100vw\" \/>\t\t\t\t\t\t\t\t\t\t\t\t\t\t\t<\/div>\n\t\t\t\t<\/div>\n\t\t\t\t\t<\/div>\n\t\t<\/div>\n\t\t\t\t\t<\/div>\n\t\t<\/section>\n\t\t\t\t<section class=\"elementor-section elementor-top-section elementor-element elementor-element-8eeb062 elementor-section-boxed elementor-section-height-default elementor-section-height-default\" data-id=\"8eeb062\" data-element_type=\"section\" data-e-type=\"section\">\n\t\t\t\t\t\t<div class=\"elementor-container elementor-column-gap-default\">\n\t\t\t\t\t<div class=\"elementor-column elementor-col-50 elementor-top-column elementor-element elementor-element-644a5d6\" data-id=\"644a5d6\" data-element_type=\"column\" data-e-type=\"column\">\n\t\t\t<div class=\"elementor-widget-wrap elementor-element-populated\">\n\t\t\t\t\t\t<div class=\"elementor-element elementor-element-f953829 elementor-widget elementor-widget-shortcode\" data-id=\"f953829\" data-element_type=\"widget\" data-e-type=\"widget\" data-widget_type=\"shortcode.default\">\n\t\t\t\t<div class=\"elementor-widget-container\">\n\t\t\t\t\t\t\t<div class=\"elementor-shortcode\"><div class=\"fb-video\" data-href=\"https:\/\/www.facebook.com\/watch\/?v=375812717054505\" data-width=\"500\" data-show-text=\"true\"><blockquote cite=\"https:\/\/developers.facebook.com\/aytoelda\/videos\/375812717054505\/\" class=\"fb-xfbml-parse-ignore\"><a href=\"https:\/\/developers.facebook.com\/aytoelda\/videos\/375812717054505\/\">ESCUELA DE FAMILIA<\/a><p>ESCUELA DE FAMILIA\n\nGaspar P. Tom\u00e1s, Sex\u00f3logo<\/p>Publicada por <a href=\"https:\/\/www.facebook.com\/aytoelda\/\">Ayuntamiento de Elda<\/a> en Domingo, 13 de diciembre de 2020<\/blockquote><\/div><\/div>\n\t\t\t\t\t\t<\/div>\n\t\t\t\t<\/div>\n\t\t\t\t\t<\/div>\n\t\t<\/div>\n\t\t\t\t<div class=\"elementor-column elementor-col-50 elementor-top-column elementor-element elementor-element-55182ae\" data-id=\"55182ae\" data-element_type=\"column\" data-e-type=\"column\">\n\t\t\t<div class=\"elementor-widget-wrap elementor-element-populated\">\n\t\t\t\t\t\t<div class=\"elementor-element elementor-element-60e2569 elementor-widget__width-inherit elementor-widget elementor-widget-shortcode\" data-id=\"60e2569\" data-element_type=\"widget\" data-e-type=\"widget\" data-widget_type=\"shortcode.default\">\n\t\t\t\t<div class=\"elementor-widget-container\">\n\t\t\t\t\t\t\t<div class=\"elementor-shortcode\"><div class=\"fb-video\" data-href=\"https:\/\/www.facebook.com\/aytoelda\/videos\/1095320690902251\" data-width=\"500\" data-show-text=\"true\"><blockquote cite=\"https:\/\/developers.facebook.com\/aytoelda\/videos\/1095320690902251\/\" class=\"fb-xfbml-parse-ignore\"><a href=\"https:\/\/developers.facebook.com\/aytoelda\/videos\/1095320690902251\/\">ESCUELA DE FAMILIA<\/a><p>ESCUELA DE FAMILIA\n\nDaniel Gim\u00e9nez Monz\u00f3, nutricionista.<\/p>Publicada por <a href=\"https:\/\/www.facebook.com\/aytoelda\/\">Ayuntamiento de Elda<\/a> en Viernes, 11 de diciembre de 2020<\/blockquote><\/div><\/div>\n\t\t\t\t\t\t<\/div>\n\t\t\t\t<\/div>\n\t\t\t\t\t<\/div>\n\t\t<\/div>\n\t\t\t\t\t<\/div>\n\t\t<\/section>\n\t\t\t\t<section class=\"elementor-section elementor-top-section elementor-element elementor-element-4897751 elementor-section-boxed elementor-section-height-default elementor-section-height-default\" data-id=\"4897751\" data-element_type=\"section\" data-e-type=\"section\">\n\t\t\t\t\t\t<div class=\"elementor-container elementor-column-gap-default\">\n\t\t\t\t\t<div class=\"elementor-column elementor-col-50 elementor-top-column elementor-element elementor-element-2d72b95\" data-id=\"2d72b95\" data-element_type=\"column\" data-e-type=\"column\">\n\t\t\t<div class=\"elementor-widget-wrap elementor-element-populated\">\n\t\t\t\t\t\t<div class=\"elementor-element elementor-element-09f0628 elementor-widget elementor-widget-shortcode\" data-id=\"09f0628\" data-element_type=\"widget\" data-e-type=\"widget\" data-widget_type=\"shortcode.default\">\n\t\t\t\t<div class=\"elementor-widget-container\">\n\t\t\t\t\t\t\t<div class=\"elementor-shortcode\"><div class=\"fb-video\" data-href=\"https:\/\/www.facebook.com\/aytoelda\/videos\/1489621788095370\" data-width=\"500\" data-show-text=\"true\"><blockquote cite=\"https:\/\/developers.facebook.com\/aytoelda\/videos\/1489621788095370\/\" class=\"fb-xfbml-parse-ignore\"><a href=\"https:\/\/developers.facebook.com\/aytoelda\/videos\/1489621788095370\/\">ESCUELA DE FAMILIA<\/a><p>ESCUELA DE FAMILIA\n\nEsther Roca Campos (Dra. Universidad de Val\u00e8ncia)<\/p>Publicada por <a href=\"https:\/\/www.facebook.com\/aytoelda\/\">Ayuntamiento de Elda<\/a> en Jueves, 10 de diciembre de 2020<\/blockquote><\/div><\/div>\n\t\t\t\t\t\t<\/div>\n\t\t\t\t<\/div>\n\t\t\t\t\t<\/div>\n\t\t<\/div>\n\t\t\t\t<div class=\"elementor-column elementor-col-50 elementor-top-column elementor-element elementor-element-63d9de0\" data-id=\"63d9de0\" data-element_type=\"column\" data-e-type=\"column\">\n\t\t\t<div class=\"elementor-widget-wrap elementor-element-populated\">\n\t\t\t\t\t\t<div class=\"elementor-element elementor-element-5eeb17f elementor-widget elementor-widget-shortcode\" data-id=\"5eeb17f\" data-element_type=\"widget\" data-e-type=\"widget\" data-widget_type=\"shortcode.default\">\n\t\t\t\t<div class=\"elementor-widget-container\">\n\t\t\t\t\t\t\t<div class=\"elementor-shortcode\"><div class=\"fb-video\" data-href=\"https:\/\/www.facebook.com\/aytoelda\/videos\/415245906329276\" data-width=\"500\" data-show-text=\"true\"><blockquote cite=\"https:\/\/developers.facebook.com\/aytoelda\/videos\/415245906329276\/\" class=\"fb-xfbml-parse-ignore\"><a href=\"https:\/\/developers.facebook.com\/aytoelda\/videos\/415245906329276\/\">ESCUELA EN FAMILIA<\/a><p>ESCUELA DE FAMILIA\n\nIsabel Sanz Men\u00e9ndez y Sara Ochoa Navarro (Psic\u00f3logas)<\/p>Publicada por <a href=\"https:\/\/www.facebook.com\/aytoelda\/\">Ayuntamiento de Elda<\/a> en Mi\u00e9rcoles, 9 de diciembre de 2020<\/blockquote><\/div><\/div>\n\t\t\t\t\t\t<\/div>\n\t\t\t\t<\/div>\n\t\t\t\t\t<\/div>\n\t\t<\/div>\n\t\t\t\t\t<\/div>\n\t\t<\/section>\n\t\t\t\t<\/div>\n\t\t","protected":false},"excerpt":{"rendered":"<p>El Ayuntamiento de Elda organiza una Escuela de Familia para ayudar a los padres y madres a abordar la actual situaci\u00f3n sanitaria y otros problemas relacionados con la educaci\u00f3n Bajo el t\u00edtulo de \u2018Educaci\u00f3n en tiempos de Covid\u2019, participar\u00e1n destacados ponentes que de manera telem\u00e1tica orientar\u00e1n a las familias y resolver\u00e1n todas las dudas que &hellip; <\/p>\n<p class=\"link-more\"><a href=\"https:\/\/apaselda.es\/?page_id=773\" class=\"more-link\">Continuar leyendo<span class=\"screen-reader-text\"> &#8220;ESCUELA DE PADRES Y MADRES 2020&#8221;<\/span><\/a><\/p>\n","protected":false},"author":1,"featured_media":0,"parent":0,"menu_order":0,"comment_status":"closed","ping_status":"closed","template":"","meta":{"footnotes":""},"class_list":["post-773","page","type-page","status-publish","hentry"],"_links":{"self":[{"href":"https:\/\/apaselda.es\/index.php?rest_route=\/wp\/v2\/pages\/773","targetHints":{"allow":["GET"]}}],"collection":[{"href":"https:\/\/apaselda.es\/index.php?rest_route=\/wp\/v2\/pages"}],"about":[{"href":"https:\/\/apaselda.es\/index.php?rest_route=\/wp\/v2\/types\/page"}],"author":[{"embeddable":true,"href":"https:\/\/apaselda.es\/index.php?rest_route=\/wp\/v2\/users\/1"}],"replies":[{"embeddable":true,"href":"https:\/\/apaselda.es\/index.php?rest_route=%2Fwp%2Fv2%2Fcomments&post=773"}],"version-history":[{"count":59,"href":"https:\/\/apaselda.es\/index.php?rest_route=\/wp\/v2\/pages\/773\/revisions"}],"predecessor-version":[{"id":839,"href":"https:\/\/apaselda.es\/index.php?rest_route=\/wp\/v2\/pages\/773\/revisions\/839"}],"wp:attachment":[{"href":"https:\/\/apaselda.es\/index.php?rest_route=%2Fwp%2Fv2%2Fmedia&parent=773"}],"curies":[{"name":"wp","href":"https:\/\/api.w.org\/{rel}","templated":true}]}}