{"id":539,"date":"2020-06-22T13:34:43","date_gmt":"2020-06-22T13:34:43","guid":{"rendered":"http:\/\/apaselda.es\/?page_id=539"},"modified":"2021-05-18T19:32:26","modified_gmt":"2021-05-18T19:32:26","slug":"documentacion-a-presentar","status":"publish","type":"page","link":"https:\/\/apaselda.es\/?page_id=539","title":{"rendered":"DOCUMENTACI\u00d3N"},"content":{"rendered":"<div id=\"fb-root\"><\/div>\n\t\t<div data-elementor-type=\"wp-page\" data-elementor-id=\"539\" class=\"elementor elementor-539\">\n\t\t\t\t\t\t<section class=\"elementor-section elementor-top-section elementor-element elementor-element-32a11a21 elementor-section-boxed elementor-section-height-default elementor-section-height-default\" data-id=\"32a11a21\" data-element_type=\"section\" data-e-type=\"section\">\n\t\t\t\t\t\t<div class=\"elementor-container elementor-column-gap-default\">\n\t\t\t\t\t<div class=\"elementor-column elementor-col-100 elementor-top-column elementor-element elementor-element-4ae0e626\" data-id=\"4ae0e626\" data-element_type=\"column\" data-e-type=\"column\">\n\t\t\t<div class=\"elementor-widget-wrap elementor-element-populated\">\n\t\t\t\t\t\t<div class=\"elementor-element elementor-element-44be291c elementor-widget elementor-widget-text-editor\" data-id=\"44be291c\" data-element_type=\"widget\" data-e-type=\"widget\" data-widget_type=\"text-editor.default\">\n\t\t\t\t<div class=\"elementor-widget-container\">\n\t\t\t\t\t\t\t\t\t\n<ul class=\"wp-block-list\"><li><strong>A continuaci\u00f3n se detalla los documentos que han de presentarse para la inscripci\u00f3n del ni\u00f1o o  ni\u00f1a a la escuela &#8220;CONCILIA VERANO 2020&#8221;.<\/strong><\/li><\/ul>\n\n\n\n<ul class=\"wp-block-list\"><li>La solicitud (FICHA DE INSCRIPCION) se descargar\u00e1 del enlace aqu\u00ed debajo puesto y una vez cumplimentada, se ha de enviar la solicitud al correo electr\u00f3nico <a href=\"mailto:agrupacionapaselda@gmail.com\">agrupacionapaselda@gmail.com<\/a> y se le asignar\u00e1 un n\u00famero de identificaci\u00f3n para cada solicitud que se le ser\u00e1 remitido al correo electr\u00f3nico que nos facilite.<\/li><\/ul>\n\n\n\n<p><span class=\"has-inline-color has-vivid-red-color\">&#8212;<strong> <a href=\"http:\/\/apaselda.es\/wp-content\/uploads\/2020\/06\/FICHA-INSCRIPCION-2020.pdf\">DESCARGAR FICHA DE INSCRIPCI\u00d3N PDF<\/a><\/strong><\/span><\/p>\n\n\n\n<ul class=\"wp-block-list\"><li>Deber\u00e1n anexarse al envi\u00f3 de la solicitud la DOCUMENTACI\u00d3N que se detalla a continuaci\u00f3n :                                                                                                                                                                          <\/li><\/ul>\n\n\n\n<p>&#8211; Declaraci\u00f3n Jurada COVID 19. &#8212; <a href=\"http:\/\/apaselda.es\/wp-content\/uploads\/2020\/06\/DECLARACI%C3%93N-RESPONSABLE-1.pdf\"><strong>DESCARGAR PDF<\/strong><\/a> &#8211; <\/p>\n\n\n\n<p>&#8211; Hoja tratamientos de datos. &#8212; <a href=\"http:\/\/apaselda.es\/wp-content\/uploads\/2020\/06\/HOJA-INFORMATIVA-TRATAMIENTOS-DE-DATOS-ESCUELA-DE-VERANO-AGRUPACI%C3%93N-ELDA3357-1.pdf\"><strong>DESCARGAR PDF<\/strong><\/a> <\/p>\n\n\n\n<p>&#8211; Justificante del ingreso de la cuota.<\/p>\n\t\t\t\t\t\t\t\t<\/div>\n\t\t\t\t<\/div>\n\t\t\t\t\t<\/div>\n\t\t<\/div>\n\t\t\t\t\t<\/div>\n\t\t<\/section>\n\t\t\t\t<\/div>\n\t\t","protected":false},"excerpt":{"rendered":"<p>A continuaci\u00f3n se detalla los documentos que han de presentarse para la inscripci\u00f3n del ni\u00f1o o ni\u00f1a a la escuela &#8220;CONCILIA VERANO 2020&#8221;. La solicitud (FICHA DE INSCRIPCION) se descargar\u00e1 del enlace aqu\u00ed debajo puesto y una vez cumplimentada, se ha de enviar la solicitud al correo electr\u00f3nico agrupacionapaselda@gmail.com y se le asignar\u00e1 un n\u00famero &hellip; <\/p>\n<p class=\"link-more\"><a href=\"https:\/\/apaselda.es\/?page_id=539\" class=\"more-link\">Continuar leyendo<span class=\"screen-reader-text\"> &#8220;DOCUMENTACI\u00d3N&#8221;<\/span><\/a><\/p>\n","protected":false},"author":1,"featured_media":0,"parent":0,"menu_order":0,"comment_status":"closed","ping_status":"closed","template":"","meta":{"footnotes":""},"class_list":["post-539","page","type-page","status-publish","hentry"],"_links":{"self":[{"href":"https:\/\/apaselda.es\/index.php?rest_route=\/wp\/v2\/pages\/539","targetHints":{"allow":["GET"]}}],"collection":[{"href":"https:\/\/apaselda.es\/index.php?rest_route=\/wp\/v2\/pages"}],"about":[{"href":"https:\/\/apaselda.es\/index.php?rest_route=\/wp\/v2\/types\/page"}],"author":[{"embeddable":true,"href":"https:\/\/apaselda.es\/index.php?rest_route=\/wp\/v2\/users\/1"}],"replies":[{"embeddable":true,"href":"https:\/\/apaselda.es\/index.php?rest_route=%2Fwp%2Fv2%2Fcomments&post=539"}],"version-history":[{"count":10,"href":"https:\/\/apaselda.es\/index.php?rest_route=\/wp\/v2\/pages\/539\/revisions"}],"predecessor-version":[{"id":689,"href":"https:\/\/apaselda.es\/index.php?rest_route=\/wp\/v2\/pages\/539\/revisions\/689"}],"wp:attachment":[{"href":"https:\/\/apaselda.es\/index.php?rest_route=%2Fwp%2Fv2%2Fmedia&parent=539"}],"curies":[{"name":"wp","href":"https:\/\/api.w.org\/{rel}","templated":true}]}}