{"id":535,"date":"2020-06-22T13:14:40","date_gmt":"2020-06-22T13:14:40","guid":{"rendered":"http:\/\/apaselda.es\/?page_id=535"},"modified":"2021-05-18T19:28:23","modified_gmt":"2021-05-18T19:28:23","slug":"concilia-verano","status":"publish","type":"page","link":"https:\/\/apaselda.es\/?page_id=535","title":{"rendered":"CONCILIA VERANO"},"content":{"rendered":"<div id=\"fb-root\"><\/div>\n\t\t<div data-elementor-type=\"wp-page\" data-elementor-id=\"535\" class=\"elementor elementor-535\">\n\t\t\t\t\t\t<section class=\"elementor-section elementor-top-section elementor-element elementor-element-7268a54e elementor-section-boxed elementor-section-height-default elementor-section-height-default\" data-id=\"7268a54e\" data-element_type=\"section\" data-e-type=\"section\">\n\t\t\t\t\t\t<div class=\"elementor-container elementor-column-gap-default\">\n\t\t\t\t\t<div class=\"elementor-column elementor-col-100 elementor-top-column elementor-element elementor-element-1e2144ef\" data-id=\"1e2144ef\" data-element_type=\"column\" data-e-type=\"column\">\n\t\t\t<div class=\"elementor-widget-wrap elementor-element-populated\">\n\t\t\t\t\t\t<div class=\"elementor-element elementor-element-712bbe25 elementor-widget elementor-widget-text-editor\" data-id=\"712bbe25\" data-element_type=\"widget\" data-e-type=\"widget\" data-widget_type=\"text-editor.default\">\n\t\t\t\t<div class=\"elementor-widget-container\">\n\t\t\t\t\t\t\t\t\t\n<div class=\"wp-block-image\"><figure class=\"aligncenter size-large is-resized\"><img decoding=\"async\" src=\"http:\/\/apaselda.es\/wp-content\/uploads\/2020\/06\/IMG-20200622-WA00073389.jpg\" alt=\"\" class=\"wp-image-536\" width=\"171\" height=\"238\" srcset=\"https:\/\/apaselda.es\/wp-content\/uploads\/2020\/06\/IMG-20200622-WA00073389.jpg 624w, https:\/\/apaselda.es\/wp-content\/uploads\/2020\/06\/IMG-20200622-WA00073389-215x300.jpg 215w\" sizes=\"(max-width: 171px) 100vw, 171px\" \/><\/figure><\/div>\n\n\n\n<h2 class=\"wp-block-heading\">Desde la Agrupaci\u00f3n Local de Apas de Elda queremos convocar el programa \u201cConciliamos Verano\u201d dirigido a la atenci\u00f3n l\u00fadica de ni\u00f1os y ni\u00f1as nacidos entre el 2008 y 2015 durante los periodos vacacionales, con el fin de facilitar la conciliaci\u00f3n de la vida familiar y laboral. \u00a0El horario de la escuela de verano ser\u00e1 de 9:00 a 13:00, con opci\u00f3n de ampliar la salida a las 14:00.<\/h2>\n\n\n\n<ul class=\"wp-block-list\"><li><strong><u><span class=\"has-inline-color has-vivid-red-color\">\u00bfQU\u00c9 REQUISITOS DEBO CUMPLIR?<\/span><\/u><\/strong><\/li><\/ul>\n\n\n\n<p>a) El programa se dirige a menores nacidos entre el 2008 y el 2015.<\/p>\n\n\n\n<p>b) Se dar\u00e1 preferencia a los progenitores, personas tutoras o acogedoras de los menores deber\u00e1n que se encuentre en alguna de las siguientes situaciones:<\/p>\n\n\n\n<ul class=\"wp-block-list\"><li>Desarrollar una actividad profesional durante los per\u00edodos y en la franja horaria de desarrollo del programa.<\/li><li>Realizar actividades formativas impulsadas por el Servicio P\u00fablico de Empleo o la Consejer\u00eda de Familia e Igualdad de Oportunidades, para la inserci\u00f3n socio-laboral, durante el per\u00edodo de funcionamiento del programa y en la franja horaria de desarrollo del mismo.<\/li><li>Tener reconocido el car\u00e1cter de cuidadores familiares de personas dependientes.<\/li><li>Padecer enfermedad grave y\/o deban seguir tratamientos m\u00e9dicos que imposibiliten el cuidado de sus hijos.<\/li><\/ul>\n\n\n\n<p>c) La Agrupaci\u00f3n local de Apas de Elda en caso de ser necesario podr\u00e1 requerir la documentaci\u00f3n justificativa de la situaci\u00f3n socio-laboral que declara en la solicitud, por lo que en caso de no ser veraces los datos facilitados ser\u00e1 motivo de exclusi\u00f3n de la escuela sin reembolso del pago realizado.<\/p>\n\n\n\n<p>d) SE CONSIDERARA SOCIO DEL APA\/AMPA TODO AQUEL QUE HAYA PAGADO LA CUOTA DEL CURSO 2019\/2020 DE LAS APAS\/AMPAS FEDERADAS A LA AGRUPACION LOCAL DE APAS &nbsp;DE ELDA.<\/p>\n\n\n\n<p>e) SE PRIPORIZARA A LOS VECINOS DE ELDA.<\/p>\n\n\n\n<p><strong><u><span class=\"has-inline-color has-vivid-red-color\">\u00bfQU\u00c9 DOCUMENTOS NECESITO?<\/span><\/u><\/strong><\/p>\n\n\n\n<ul class=\"wp-block-list\"><li>La solicitud se descargar\u00e1 a trav\u00e9s de la aplicaci\u00f3n web donde disponible en\u00a0<a href=\"http:\/\/www.apaselda.es\/\"><strong>www.apaselda.es<\/strong><\/a>\u00a0. VER APARTADOS DOCUMENTOS.<\/li><li>Una vez cumplimentada, enviar la solicitud al correo electr\u00f3nico\u00a0<a href=\"mailto:agrupacionapaselda@gmail.com\">agrupacionapaselda@gmail.com<\/a>\u00a0y se le asignar\u00e1 un n\u00famero de identificaci\u00f3n para cada solicitud que se le ser\u00e1 remitido al correo electr\u00f3nico que nos facilite.<\/li><li>Con la solicitud deber\u00e1n anexarse la DOCUMENTACI\u00d3N que se relacionan a continuaci\u00f3n:<\/li><li>Declaraci\u00f3n Jurada COVID 19<\/li><li>Hoja tratamientos de datos.<\/li><li>Justificante del ingreso de la cuota<\/li><\/ul>\n\n\n\n<p><strong><u><span class=\"has-inline-color has-vivid-red-color\">CRITERIO DE SELECCI\u00d3N<\/span><\/u><\/strong><\/p>\n\n\n\n<ul class=\"wp-block-list\"><li>Se dar\u00e1 prioridad a las solicitudes que cumplan los requisitos.<\/li><li>Se inscribir\u00e1 por orden de presentaci\u00f3n, quedando registrado d\u00eda y hora en el correo electr\u00f3nico de la Agrupaci\u00f3n Local de Apas de Elda.<\/li><li>Se facilitar\u00e1 a las familias con varios hijos e hijas las plazas para toda la familia en la escuela de verano.<\/li><li>Se elegir\u00e1 una quincena de las dos ofertadas, aunque se podr\u00e1 elegir la opci\u00f3n de 2 quincenas marcando el orden de preferencia y en caso de haber plazas libres podr\u00e1 disfrutar de la escuela completa.<\/li><li>En caso de no quedar plazas en el centro elegido como preferente se le comunicar\u00e1 si quedan plazas libres en otros centros.<\/li><\/ul>\n\n\n\n<p><strong><u><span class=\"has-inline-color has-vivid-red-color\">\u00bfQU\u00c9 PLAZO TENGO PARA SOLICITARLO?<\/span><\/u><\/strong><\/p>\n\n\n\n<p>La solicitud se registrar\u00e1 en los siguientes plazos:<\/p>\n\n\n\n<p>\u2192 Del 23 al 26 de JUNIO podr\u00e1n solicitarse las quincenas deseadas marcando el orden de preferencia en caso de querer disfrutar ambas quincenas. Dichas quincenas son las semanas comprendidas entre el 1 y el 15 de julio o semanas comprendidas entre el 16 de julio y el 31 de julio.<\/p>\n\n\n\n<p>\u2192 Del 4 al 6 de JULIO podr\u00e1n solicitarse las plazas (siempre que queden disponibles) de la escuela de las semanas comprendidas entre el 16 de julio y el 31 de julio.<\/p>\n\n\n\n<ul class=\"wp-block-list\"><li>El 27 de junio se notificar\u00e1 a las familias mediante correo electr\u00f3nico el periodo concedido. Por lo que el pago de la escuela deber\u00e1 realizarse antes del comienzo de la misma (FECHA M\u00c1XIMA 31 JULIO).<\/li><\/ul>\n\n\n\n<ul class=\"wp-block-list\"><li><strong><u><span class=\"has-inline-color has-vivid-red-color\">TEMPORALIZACION Y PRECIOS.<\/span><\/u><\/strong><\/li><\/ul>\n\n\n\n<figure class=\"wp-block-table\"><table><tbody><tr><td><strong>1\u00aaQUINCENA (1&nbsp; AL 15 JULIO<\/strong>)<\/td><td><strong>65 \u20ac SOCIOS AMPA<\/strong>*<\/td><td><strong>80 \u20ac NO SOCIOS<\/strong><\/td><\/tr><tr><td><strong>2\u00aaQUINCENA (16&nbsp; AL 31 JULIO)<\/strong><\/td><td><strong>65 \u20ac SOCIOS AMPA<\/strong>*<\/td><td><strong>80 \u20ac NO SOCIOS<\/strong><\/td><\/tr><\/tbody><\/table><figcaption>\u2014\u00a0<strong>Horario de la escuela concilia verano es 9:00 \u2013 13:00<\/strong><br>\u2014\u00a0<strong>AMPLIACI\u00d3N\u00a0 DEL HORARIO SALIDA\u00a0 HASTA LAS 14: OO POR 10 \u20ac\/QUINCENA<\/strong><\/figcaption><\/figure>\n\n\n\n<p><strong>*SE CONSIDERAN SOCIOS DEL AMPA, AQUELLOS QUE HAYAN PAGADO LA CUOTA DEL APA\/AMPA 2019\/2020 DE SU CENTRO ESCOLAR EN ELDA Y A SU VEZ EL CENTRO HA DE PERTENECER ASOCIADO A LA AGRUPACI\u00d3N LOCAL DE APAS DE ELDA.<\/strong><\/p>\n\n\n\n<ul class=\"wp-block-list\"><li><strong><u>CANCELACI\u00d3N Y DEVOLUCIONES<\/u><\/strong><\/li><\/ul>\n\n\n\n<p>\u2013 Toda cancelaci\u00f3n deber\u00e1 ser notificada a trav\u00e9s de WhatsApp (607635483) O o por correo electr\u00f3nico&nbsp; (<a href=\"mailto:agrupacionapaselda@gmail.com\">agrupacionapaselda@gmail.com<\/a>) indicando los datos del usuario y el motivo de la baja en la actividad. Si no son motivos de fuerza mayor, no tendr\u00e1 derecho a un reembolso econ\u00f3mico.<\/p>\n\n\n\n<p>\u2013 En caso de contagio por COVID 19, se deber\u00e1 entregar el informe m\u00e9dico para el reembolso de la parte proporcional de la actividad.<\/p>\n\n\n\n<p>\u2013 Si hubiera un rebrote y nos vi\u00e9ramos obligados a suspender la escuela, se devolver\u00e1 la parte proporcional del importe.<\/p>\n\n\n\n<ul class=\"wp-block-list\"><li><strong><span class=\"has-inline-color has-vivid-red-color\">A continuaci\u00f3n se detalla los documentos que han de presentarse para la inscripci\u00f3n del ni\u00f1o o  ni\u00f1a a la escuela &#8220;CONCILIA VERANO 2020&#8221;<\/span>.<\/strong><\/li><\/ul>\n\n\n\n<ul class=\"wp-block-list\"><li>La solicitud (FICHA DE INSCRIPCION) se descargar\u00e1 del enlace aqu\u00ed debajo puesto y una vez cumplimentada, se ha de enviar la solicitud al correo electr\u00f3nico <a href=\"mailto:agrupacionapaselda@gmail.com\">agrupacionapaselda@gmail.com<\/a> y se le asignar\u00e1 un n\u00famero de identificaci\u00f3n para cada solicitud que se le ser\u00e1 remitido al correo electr\u00f3nico que nos facilite.<\/li><\/ul>\n\n\n\n<p><span class=\"has-inline-color has-vivid-red-color\">&#8212;<strong> <a href=\"http:\/\/apaselda.es\/wp-content\/uploads\/2020\/06\/FICHA-INSCRIPCION-2020.pdf\">DESCARGAR FICHA DE INSCRIPCI\u00d3N PDF<\/a><\/strong><\/span><\/p>\n\n\n\n<ul class=\"wp-block-list\"><li>Deber\u00e1n anexarse al envi\u00f3 de la solicitud la DOCUMENTACI\u00d3N que se detalla a continuaci\u00f3n :                                                                                                                                                                          <\/li><\/ul>\n\n\n\n<p>&#8211; Declaraci\u00f3n Jurada COVID 19. &#8212; <a href=\"http:\/\/apaselda.es\/wp-content\/uploads\/2020\/06\/DECLARACI%C3%93N-RESPONSABLE-1.pdf\"><strong>DESCARGAR PDF<\/strong><\/a> &#8211; <\/p>\n\n\n\n<p>&#8211; Hoja tratamientos de datos. &#8212; <a href=\"http:\/\/apaselda.es\/wp-content\/uploads\/2020\/06\/HOJA-INFORMATIVA-TRATAMIENTOS-DE-DATOS-ESCUELA-DE-VERANO-AGRUPACI%C3%93N-ELDA3357-1.pdf\"><strong>DESCARGAR PDF<\/strong><\/a> <\/p>\n\n\n\n<p>&#8211; Justificante del ingreso de la cuota.<\/p>\n\n\n\n<h1 class=\"has-text-align-center wp-block-heading\"><span class=\"has-inline-color has-vivid-red-color\"><strong>PROTOCOLO COVID 19<\/strong><\/span><\/h1>\n\n\n\n<p>Seg\u00fan las instalaciones en cada centro, nos organizaremos de la siguiente manera:<\/p>\n\n\n\n<ul class=\"wp-block-list\"><li><strong>CARTELERIA INFORMATIVA EN ZONAS DE TRANSITO :<\/strong>&nbsp;Refuerzo visual con la informaci\u00f3n mediante carteler\u00eda informativa en todos los espacios claves de las instalaciones; entradas, salidas, distancia de seguridad, gel hidroalcoh\u00f3lico, medidas de higiene de manos, prohibici\u00f3n de zonas como fuentes, no compartir material\u2026<\/li><li><strong>ENTRADAS Y SALIDAS<\/strong>; Se establecer\u00e1n zonas de entradas y salida diferenciadas en el centro, se\u00f1alizadas adecuadamente para evitar aglomeraciones innecesarias, tales como distancia de 1.5 metros y flechas de indicaci\u00f3n de entrada y salida. Se programar\u00e1n tanto las salidas como las entradas de manera escalonada, asign\u00e1ndoles a cada grupo de los 6 grupos previstos en cada centro, un horario<strong>.&nbsp; Es imprescindible la puntualidad.<\/strong>&nbsp;En el caso de las entradas, el ni\u00f1o\/a que llegue tarde no podr\u00e1 asistir a la escuela ese d\u00eda. En las salidas, los ni\u00f1os que no sean recogidos a su hora, ser\u00e1n custodiados por el monitor\/a hasta que todos los grupos hayan finalizado su salida. A la entrada un monitor\/a les tomar\u00e1 la temperatura a cada ni\u00f1o\/a. Si un ni\u00f1o\/a NO asiste a la escuela se deber\u00e1 notificar las causas de su ausencia a su monitor\/a responsable.<\/li><li><strong>USO DE BA\u00d1OS;<\/strong>&nbsp;Solo podr\u00e1 haber un ni\u00f1o o ni\u00f1a usando las instalaciones. Cada hora ser\u00e1n limpiados y desinfectados usando un registro para controlar su efectividad.<\/li><\/ul>\n\n\n\n<ul class=\"wp-block-list\"><li><strong>LIMPIEZA Y DESINFECCI\u00d3N CONTINUADA:<\/strong><\/li><li>Es obligatorio arbitrar la limpieza y desinfecci\u00f3n de las instalaciones 2 veces al d\u00eda, de la cual el equipo de monitores realizar\u00e1 una limpieza continuada durante la permanencia de los ni\u00f1os y ni\u00f1as en las instalaciones, incidiendo especialmente en sus zonas de uso.<\/li><li>&nbsp;Se har\u00e1 tarea de ventilaci\u00f3n diaria de las instalaciones durante el tiempo necesario para permitir la renovaci\u00f3n del aire, manteniendo siempre que sea posible las puertas abiertas para evitar el contacto de las personas con las manillas o los pomos, tarea que realizaran los monitores y monitoras.<\/li><li>Cada hora un responsable realizar\u00e1 la limpieza y desinfecci\u00f3n de los aseos para garantizar el estado de seguridad y de higiene..<\/li><li>Para la desinfecci\u00f3n de las manos, cada monitor\/a llevar\u00e1 un dispensador con gel hidroalcoh\u00f3lico. Tambi\u00e9n dispondremos de este gel en puntos comunes indic\u00e1ndolo con sus carteles correspondientes.<\/li><li>Todo elemento utilizado en las actividades educativas o l\u00fadicas ser\u00e1 desinfectado posteriormente a su uso por el monitor.<\/li><li>&nbsp;Los monitores utilizaran camiseta reglamentaria de la empresa que ser\u00e1 utilizada \u00fanicamente dentro del centro y lavada diariamente.<\/li><li>Al finalizar el d\u00eda se realizar\u00e1 una limpieza exhaustiva de las instalaciones utilizadas utilizando las medidas de higiene obligatorias.<\/li><li><strong><u>MEDIDAS ADOPTADAS PARA GARANTIZAR LA SEGURIDAD Y LA SALUD DE LOS PARTICIPANTES DEL PROGRAMA Y SUS FAMILIAS, CON MOTIVO DE LA COVID 19<\/u><\/strong><\/li><\/ul>\n\n\n\n<p>El desarrollo del programa Conciliamos se realizar\u00e1 atendiendo a las recomendaciones que realice el Ministerio de Sanidad y las recomendaciones de la Direcci\u00f3n General de Salud P\u00fablica de la Consejer\u00eda de Sanidad de la Comunidad Valenciana. En todo caso el programa s\u00f3lo se realizar\u00e1 si la provincia est\u00e1 al menos en la fase III.<\/p>\n\n\n\n<p>Las medidas adoptadas para garantizar la seguridad y la salud de los participantes son las siguientes:<\/p>\n\n\n\n<ul class=\"wp-block-list\"><li>Se establece un n\u00famero m\u00e1ximo de participantes por centro 84 plazas.<\/li><li>La ratio de menores por monitor ser\u00e1 de 14 ni\u00f1os y ni\u00f1as para los nacidos entre el 2008 y el 2014 y del 10 ni\u00f1os y ni\u00f1as para los nacidos en los a\u00f1os 2015.<\/li><li>Los menores de seis a\u00f1os en adelante deber\u00e1n llevar mascarilla, que utilizar\u00e1n cuando los monitores se lo indiquen y en todo caso siempre que no sea posible mantener una distancia de seguridad interpersonal de al menos dos metros.<\/li><li>Para evitar que los menores compartan material no fungible llevar su estuche con el material b\u00e1sico para la realizaci\u00f3n de las actividades del programa, con el contenido que se indique por los monitores en el primer d\u00eda de realizaci\u00f3n del programa.<\/li><li>&nbsp;Al entrar en el recinto se desinfectar\u00e1 el calzado a los menores, se tomar\u00e1 la temperatura y se lavaran las manos con gel hidroalcoh\u00f3lico.<\/li><li>Los ni\u00f1os deber\u00e1n seguir las indicaciones de los monitores, especialmente en lo referente a las normas de higiene, de seguridad y de mantenimiento de la distancia f\u00edsica que se establezca. El incumplimiento consciente y reiterado de estas indicaciones podr\u00e1 suponer la exclusi\u00f3n del menor del programa.<\/li><li>Las instrucciones del Ministerio de Sanidad desaconsejan la realizaci\u00f3n de pruebas diagn\u00f3sticas para la detecci\u00f3n de la Covid 19 en personas asintom\u00e1ticas. No obstante, se deber\u00e1 haber aportado una declaraci\u00f3n responsable firmada por uno de los progenitores en la que aseguren que durante los 14 d\u00edas previos a su incorporaci\u00f3n al centro, el ni\u00f1o no ha sufrido tos, fiebre, cansancio o falta de aire y que no ha estado en contacto con ninguna persona con estos s\u00edntomas.<\/li><li>&nbsp;Si durante la celebraci\u00f3n de programa se detecta alguna de estas&nbsp;&nbsp; sintomatolog\u00edas, se deber\u00e1 avisar a los padres del menor quienes deber\u00e1n contactar con su centro de salud.. Por parte del MONITOR llevar\u00e1 al menor a un espacio separado siendo necesario que ambos lleven mascarillas quir\u00fargicas. El espacio debe ser de uso individual que cuente con una ventilaci\u00f3n adecuada y con una papelera con pedal con bolsa, donde tirar las mascarillas y pa\u00f1uelos desechables. En el caso de que el ni\u00f1o o ni\u00f1a presente una situaci\u00f3n grave o tenga dificultades para respirar avisar al 112.<\/li><li>Se seguir\u00e1 la normativa del Ministerio de Sanidad establecida para la higiene y prevenci\u00f3n para centros educativos, lo que implica uso de desinfectantes como disoluciones de lej\u00eda, ventilaci\u00f3n peri\u00f3dica de las instalaciones, limpieza desinfecci\u00f3n de aseos.<\/li><li>Los monitores deber\u00e1n desinfectarse el calzado al entrar en el recinto y utilizar\u00e1n ropa adecuada y distinta a la de la calle.<\/li><li>Los datos de los participantes estar\u00e1n a disposici\u00f3n de las autoridades sanitarias y se les facilitar\u00e1 en caso de que sean requeridos.<\/li><\/ul>\n\t\t\t\t\t\t\t\t<\/div>\n\t\t\t\t<\/div>\n\t\t\t\t\t<\/div>\n\t\t<\/div>\n\t\t\t\t\t<\/div>\n\t\t<\/section>\n\t\t\t\t<\/div>\n\t\t","protected":false},"excerpt":{"rendered":"<p>Desde la Agrupaci\u00f3n Local de Apas de Elda queremos convocar el programa \u201cConciliamos Verano\u201d dirigido a la atenci\u00f3n l\u00fadica de ni\u00f1os y ni\u00f1as nacidos entre el 2008 y 2015 durante los periodos vacacionales, con el fin de facilitar la conciliaci\u00f3n de la vida familiar y laboral. \u00a0El horario de la escuela de verano ser\u00e1 de &hellip; <\/p>\n<p class=\"link-more\"><a href=\"https:\/\/apaselda.es\/?page_id=535\" class=\"more-link\">Continuar leyendo<span class=\"screen-reader-text\"> &#8220;CONCILIA VERANO&#8221;<\/span><\/a><\/p>\n","protected":false},"author":1,"featured_media":0,"parent":0,"menu_order":0,"comment_status":"closed","ping_status":"closed","template":"","meta":{"footnotes":""},"class_list":["post-535","page","type-page","status-publish","hentry"],"_links":{"self":[{"href":"https:\/\/apaselda.es\/index.php?rest_route=\/wp\/v2\/pages\/535","targetHints":{"allow":["GET"]}}],"collection":[{"href":"https:\/\/apaselda.es\/index.php?rest_route=\/wp\/v2\/pages"}],"about":[{"href":"https:\/\/apaselda.es\/index.php?rest_route=\/wp\/v2\/types\/page"}],"author":[{"embeddable":true,"href":"https:\/\/apaselda.es\/index.php?rest_route=\/wp\/v2\/users\/1"}],"replies":[{"embeddable":true,"href":"https:\/\/apaselda.es\/index.php?rest_route=%2Fwp%2Fv2%2Fcomments&post=535"}],"version-history":[{"count":7,"href":"https:\/\/apaselda.es\/index.php?rest_route=\/wp\/v2\/pages\/535\/revisions"}],"predecessor-version":[{"id":677,"href":"https:\/\/apaselda.es\/index.php?rest_route=\/wp\/v2\/pages\/535\/revisions\/677"}],"wp:attachment":[{"href":"https:\/\/apaselda.es\/index.php?rest_route=%2Fwp%2Fv2%2Fmedia&parent=535"}],"curies":[{"name":"wp","href":"https:\/\/api.w.org\/{rel}","templated":true}]}}