{"id":488,"date":"2020-05-30T08:29:34","date_gmt":"2020-05-30T08:29:34","guid":{"rendered":"http:\/\/apaselda.es\/?page_id=488"},"modified":"2024-04-29T20:04:20","modified_gmt":"2024-04-29T20:04:20","slug":"areas-de-influencia","status":"publish","type":"page","link":"https:\/\/apaselda.es\/?page_id=488","title":{"rendered":"\u00c1REAS DE INFLUENCIA"},"content":{"rendered":"<div id=\"fb-root\"><\/div>\n\t\t<div data-elementor-type=\"wp-page\" data-elementor-id=\"488\" class=\"elementor elementor-488\">\n\t\t\t\t\t\t<section class=\"elementor-section elementor-top-section elementor-element elementor-element-e55d166 elementor-section-boxed elementor-section-height-default elementor-section-height-default\" data-id=\"e55d166\" data-element_type=\"section\" data-e-type=\"section\">\n\t\t\t\t\t\t<div class=\"elementor-container elementor-column-gap-default\">\n\t\t\t\t\t<div class=\"elementor-column elementor-col-100 elementor-top-column elementor-element elementor-element-96dfab5\" data-id=\"96dfab5\" data-element_type=\"column\" data-e-type=\"column\">\n\t\t\t<div class=\"elementor-widget-wrap elementor-element-populated\">\n\t\t\t\t\t\t<div class=\"elementor-element elementor-element-fb088a2 elementor-widget elementor-widget-text-editor\" data-id=\"fb088a2\" data-element_type=\"widget\" data-e-type=\"widget\" data-widget_type=\"text-editor.default\">\n\t\t\t\t<div class=\"elementor-widget-container\">\n\t\t\t\t\t\t\t\t\t<p>A falta de la publicaci\u00f3n en la web de la Conselleria de Educaci\u00f3n sobre las \u00e1reas de influencia definitivas, recordamos que este a\u00f1o se implanta el distrito \u00fanico para todo el municipio .\u00a0<\/p>\n<p>EN HABER PUBLICACION DE LA CONSELLERIA SOBRE ESTE TEMA, LO PUBLICAREMOS.<\/p>\t\t\t\t\t\t\t\t<\/div>\n\t\t\t\t<\/div>\n\t\t\t\t\t<\/div>\n\t\t<\/div>\n\t\t\t\t\t<\/div>\n\t\t<\/section>\n\t\t\t\t<section class=\"elementor-section elementor-top-section elementor-element elementor-element-546ae022 elementor-section-boxed elementor-section-height-default elementor-section-height-default\" data-id=\"546ae022\" data-element_type=\"section\" data-e-type=\"section\">\n\t\t\t\t\t\t<div class=\"elementor-container elementor-column-gap-default\">\n\t\t\t\t\t<div class=\"elementor-column elementor-col-100 elementor-top-column elementor-element elementor-element-9a4ea9d\" data-id=\"9a4ea9d\" data-element_type=\"column\" data-e-type=\"column\">\n\t\t\t<div class=\"elementor-widget-wrap elementor-element-populated\">\n\t\t\t\t\t\t<div class=\"elementor-element elementor-element-55816ecc elementor-widget elementor-widget-text-editor\" data-id=\"55816ecc\" data-element_type=\"widget\" data-e-type=\"widget\" data-widget_type=\"text-editor.default\">\n\t\t\t\t<div class=\"elementor-widget-container\">\n\t\t\t\t\t\t\t\t\t\n<p>\u00a0<\/p>\n\n<figure class=\"wp-block-image size-large is-resized\"><img fetchpriority=\"high\" decoding=\"async\" class=\"wp-image-489\" src=\"http:\/\/apaselda.es\/wp-content\/uploads\/2020\/05\/PLANO-INFLU-1024x450.jpg\" alt=\"\" width=\"720\" height=\"316\" srcset=\"https:\/\/apaselda.es\/wp-content\/uploads\/2020\/05\/PLANO-INFLU-1024x450.jpg 1024w, https:\/\/apaselda.es\/wp-content\/uploads\/2020\/05\/PLANO-INFLU-300x132.jpg 300w, https:\/\/apaselda.es\/wp-content\/uploads\/2020\/05\/PLANO-INFLU-768x337.jpg 768w, https:\/\/apaselda.es\/wp-content\/uploads\/2020\/05\/PLANO-INFLU-1536x675.jpg 1536w, https:\/\/apaselda.es\/wp-content\/uploads\/2020\/05\/PLANO-INFLU-2048x900.jpg 2048w\" sizes=\"(max-width: 720px) 100vw, 720px\" \/><\/figure>\n\t\t\t\t\t\t\t\t<\/div>\n\t\t\t\t<\/div>\n\t\t\t\t\t<\/div>\n\t\t<\/div>\n\t\t\t\t\t<\/div>\n\t\t<\/section>\n\t\t\t\t<\/div>\n\t\t","protected":false},"excerpt":{"rendered":"<p>A falta de la publicaci\u00f3n en la web de la Conselleria de Educaci\u00f3n sobre las \u00e1reas de influencia definitivas, recordamos que este a\u00f1o se implanta el distrito \u00fanico para todo el municipio .\u00a0 EN HABER PUBLICACION DE LA CONSELLERIA SOBRE ESTE TEMA, LO PUBLICAREMOS. \u00a0<\/p>\n","protected":false},"author":1,"featured_media":0,"parent":0,"menu_order":0,"comment_status":"closed","ping_status":"closed","template":"","meta":{"footnotes":""},"class_list":["post-488","page","type-page","status-publish","hentry"],"_links":{"self":[{"href":"https:\/\/apaselda.es\/index.php?rest_route=\/wp\/v2\/pages\/488","targetHints":{"allow":["GET"]}}],"collection":[{"href":"https:\/\/apaselda.es\/index.php?rest_route=\/wp\/v2\/pages"}],"about":[{"href":"https:\/\/apaselda.es\/index.php?rest_route=\/wp\/v2\/types\/page"}],"author":[{"embeddable":true,"href":"https:\/\/apaselda.es\/index.php?rest_route=\/wp\/v2\/users\/1"}],"replies":[{"embeddable":true,"href":"https:\/\/apaselda.es\/index.php?rest_route=%2Fwp%2Fv2%2Fcomments&post=488"}],"version-history":[{"count":7,"href":"https:\/\/apaselda.es\/index.php?rest_route=\/wp\/v2\/pages\/488\/revisions"}],"predecessor-version":[{"id":3664,"href":"https:\/\/apaselda.es\/index.php?rest_route=\/wp\/v2\/pages\/488\/revisions\/3664"}],"wp:attachment":[{"href":"https:\/\/apaselda.es\/index.php?rest_route=%2Fwp%2Fv2%2Fmedia&parent=488"}],"curies":[{"name":"wp","href":"https:\/\/api.w.org\/{rel}","templated":true}]}}