{"id":390,"date":"2020-05-14T22:28:38","date_gmt":"2020-05-14T22:28:38","guid":{"rendered":"http:\/\/apaselda.es\/?page_id=390"},"modified":"2021-05-18T19:27:43","modified_gmt":"2021-05-18T19:27:43","slug":"concejalia-educacion","status":"publish","type":"page","link":"https:\/\/apaselda.es\/?page_id=390","title":{"rendered":"CONCEJALIA EDUCACION"},"content":{"rendered":"<div id=\"fb-root\"><\/div>\n\t\t<div data-elementor-type=\"wp-page\" data-elementor-id=\"390\" class=\"elementor elementor-390\">\n\t\t\t\t\t\t<section class=\"elementor-section elementor-top-section elementor-element elementor-element-4a03a20b elementor-section-boxed elementor-section-height-default elementor-section-height-default\" data-id=\"4a03a20b\" data-element_type=\"section\" data-e-type=\"section\">\n\t\t\t\t\t\t<div class=\"elementor-container elementor-column-gap-default\">\n\t\t\t\t\t<div class=\"elementor-column elementor-col-100 elementor-top-column elementor-element elementor-element-78a5a833\" data-id=\"78a5a833\" data-element_type=\"column\" data-e-type=\"column\">\n\t\t\t<div class=\"elementor-widget-wrap elementor-element-populated\">\n\t\t\t\t\t\t<div class=\"elementor-element elementor-element-6695edb8 elementor-widget elementor-widget-text-editor\" data-id=\"6695edb8\" data-element_type=\"widget\" data-e-type=\"widget\" data-widget_type=\"text-editor.default\">\n\t\t\t\t<div class=\"elementor-widget-container\">\n\t\t\t\t\t\t\t\t\t\n<p>\ue081&nbsp;&nbsp;Plaza de la Constituci\u00f3n, n\u00ba 1<br>\ue090&nbsp;&nbsp;965 380 402<br>\ue076&nbsp; <a href=\"mailto:educacion@elda.es\">educacion@elda.es<\/a><\/p>\n\n\n\n<div class=\"wp-block-image\"><figure class=\"aligncenter size-large is-resized\"><img decoding=\"async\" src=\"http:\/\/apaselda.es\/wp-content\/uploads\/2020\/05\/Concejalia-educacion-1-1024x512.png\" alt=\"\" class=\"wp-image-393\" width=\"282\" height=\"141\" srcset=\"https:\/\/apaselda.es\/wp-content\/uploads\/2020\/05\/Concejalia-educacion-1-1024x512.png 1024w, https:\/\/apaselda.es\/wp-content\/uploads\/2020\/05\/Concejalia-educacion-1-300x150.png 300w, https:\/\/apaselda.es\/wp-content\/uploads\/2020\/05\/Concejalia-educacion-1-768x384.png 768w, https:\/\/apaselda.es\/wp-content\/uploads\/2020\/05\/Concejalia-educacion-1-1536x768.png 1536w, https:\/\/apaselda.es\/wp-content\/uploads\/2020\/05\/Concejalia-educacion-1-2048x1024.png 2048w\" sizes=\"(max-width: 282px) 100vw, 282px\" \/><\/figure><\/div>\n\n\n\n<p>La apuesta por la educaci\u00f3n en cualquiera de sus etapas es lo que caracteriza a las sociedades libres e igualitarias. Desde la concejal\u00eda de Educaci\u00f3n se vela por la escolarizaci\u00f3n de la poblaci\u00f3n eldense desde la edad infantil hasta el Bachiller o Formaci\u00f3n Profesional, sin olvidar a aquellos que acceden a los estudios en la edad adulta.<\/p>\n\n\n\n<p>Desde esta delegaci\u00f3n se ha respaldado la implantaci\u00f3n de aulas de 2 a\u00f1os en diversos centros educativos, la consolidaci\u00f3n del \u201cValle de Elda\u201d como centro integrado de Formaci\u00f3n Profesional, la oferta de nuevos m\u00f3dulos formativos en otros institutos en consonancia con la demanda laboral, a la vez que se trabaja para que sea una realidad la construcci\u00f3n de un nuevo edificio para la escuela Infantil \u201cSanta Infancia\u201d.<\/p>\n\n\n\n<p>La intervenci\u00f3n en casos de absentismo escolar y el apoyo a los centros educativos con alumnos en riesgo de exclusi\u00f3n social, es otro de los aspectos en los que se trabaja en la concejal\u00eda de Educaci\u00f3n, desde la que tambi\u00e9n se planifica tanto el mantenimiento como las nuevas inversiones a llevar a cabo en los centros escolares de nuestra ciudad.<\/p>\n\t\t\t\t\t\t\t\t<\/div>\n\t\t\t\t<\/div>\n\t\t\t\t\t<\/div>\n\t\t<\/div>\n\t\t\t\t\t<\/div>\n\t\t<\/section>\n\t\t\t\t<\/div>\n\t\t","protected":false},"excerpt":{"rendered":"<p>\ue081&nbsp;&nbsp;Plaza de la Constituci\u00f3n, n\u00ba 1\ue090&nbsp;&nbsp;965 380 402\ue076&nbsp; educacion@elda.es La apuesta por la educaci\u00f3n en cualquiera de sus etapas es lo que caracteriza a las sociedades libres e igualitarias. Desde la concejal\u00eda de Educaci\u00f3n se vela por la escolarizaci\u00f3n de la poblaci\u00f3n eldense desde la edad infantil hasta el Bachiller o Formaci\u00f3n Profesional, sin olvidar &hellip; <\/p>\n<p class=\"link-more\"><a href=\"https:\/\/apaselda.es\/?page_id=390\" class=\"more-link\">Continuar leyendo<span class=\"screen-reader-text\"> &#8220;CONCEJALIA EDUCACION&#8221;<\/span><\/a><\/p>\n","protected":false},"author":1,"featured_media":0,"parent":0,"menu_order":0,"comment_status":"closed","ping_status":"closed","template":"","meta":{"footnotes":""},"class_list":["post-390","page","type-page","status-publish","hentry"],"_links":{"self":[{"href":"https:\/\/apaselda.es\/index.php?rest_route=\/wp\/v2\/pages\/390","targetHints":{"allow":["GET"]}}],"collection":[{"href":"https:\/\/apaselda.es\/index.php?rest_route=\/wp\/v2\/pages"}],"about":[{"href":"https:\/\/apaselda.es\/index.php?rest_route=\/wp\/v2\/types\/page"}],"author":[{"embeddable":true,"href":"https:\/\/apaselda.es\/index.php?rest_route=\/wp\/v2\/users\/1"}],"replies":[{"embeddable":true,"href":"https:\/\/apaselda.es\/index.php?rest_route=%2Fwp%2Fv2%2Fcomments&post=390"}],"version-history":[{"count":4,"href":"https:\/\/apaselda.es\/index.php?rest_route=\/wp\/v2\/pages\/390\/revisions"}],"predecessor-version":[{"id":674,"href":"https:\/\/apaselda.es\/index.php?rest_route=\/wp\/v2\/pages\/390\/revisions\/674"}],"wp:attachment":[{"href":"https:\/\/apaselda.es\/index.php?rest_route=%2Fwp%2Fv2%2Fmedia&parent=390"}],"curies":[{"name":"wp","href":"https:\/\/api.w.org\/{rel}","templated":true}]}}