{"id":36,"date":"2020-05-10T15:05:18","date_gmt":"2020-05-10T15:05:18","guid":{"rendered":"http:\/\/apaselda.es\/?page_id=36"},"modified":"2022-04-08T08:24:57","modified_gmt":"2022-04-08T08:24:57","slug":"ceip-juan-rico-y-amat","status":"publish","type":"page","link":"https:\/\/apaselda.es\/?page_id=36","title":{"rendered":"CEIP JUAN RICO Y AMAT"},"content":{"rendered":"<div id=\"fb-root\"><\/div>\n\t\t<div data-elementor-type=\"wp-page\" data-elementor-id=\"36\" class=\"elementor elementor-36\">\n\t\t\t\t\t\t<section class=\"elementor-section elementor-top-section elementor-element elementor-element-7631a3b4 elementor-section-boxed elementor-section-height-default elementor-section-height-default\" data-id=\"7631a3b4\" data-element_type=\"section\" data-e-type=\"section\">\n\t\t\t\t\t\t<div class=\"elementor-container elementor-column-gap-default\">\n\t\t\t\t\t<div class=\"elementor-column elementor-col-100 elementor-top-column elementor-element elementor-element-3a1619cf\" data-id=\"3a1619cf\" data-element_type=\"column\" data-e-type=\"column\">\n\t\t\t<div class=\"elementor-widget-wrap elementor-element-populated\">\n\t\t\t\t\t\t<div class=\"elementor-element elementor-element-498fd57a elementor-widget elementor-widget-text-editor\" data-id=\"498fd57a\" data-element_type=\"widget\" data-e-type=\"widget\" data-widget_type=\"text-editor.default\">\n\t\t\t\t<div class=\"elementor-widget-container\">\n\t\t\t\t\t\t\t\t\t<p><\/p>\n<ul>\n<li>El centro tiene dos l\u00edneas educativas. Acoge al alumnado de 2\u00ba ciclo de Ed. infantil (3\/6 a\u00f1os) y Ed. Primaria (6\/12 a\u00f1os).<\/li>\n<\/ul>\n<p><\/p>\n<p><\/p>\n<p><strong>VIDEO PUERTAS ABIERTAS<\/strong><\/p>\n<p><\/p>\n<p><\/p>\n<p><a href=\"https:\/\/www.facebook.com\/708587012489257\/videos\/563758987677697\/\">https:\/\/www.facebook.com\/708587012489257\/videos\/563758987677697\/<\/a><\/p>\n<p><\/p>\n<p><\/p>\n<p>Est\u00e1 adscrito al IES La Torreta con el que compartimos el Plan de Transici\u00f3n, a trav\u00e9s del programa de Tutorizaci\u00f3n entre iguales, el programa de Innovaci\u00f3n Emocionar-te, la carrera solidaria Save de Childrens y el cole lee.<\/p>\n<p><\/p>\n<p><\/p>\n<p><strong>S<\/strong><strong>e\u00f1as de identidad<\/strong><strong>.<\/strong><\/p>\n<p><\/p>\n<p><\/p>\n<p>Nuestra identidad como centro se sustenta en los valores propios de una sociedad inclusiva y democr\u00e1tica.<\/p>\n<p><\/p>\n<p><\/p>\n<p>Estos son, la valoraci\u00f3n positiva de la diversidad, igualdad social y de g\u00e9nero; la participaci\u00f3n de la comunidad; la solidaridad; la cooperaci\u00f3n, colaboraci\u00f3n y trabajo en equipo; la convivencia y resoluci\u00f3n dialogada y pac\u00edfica de los conflictos, y el compromiso con la sostenibilidad local y global.<\/p>\n<p><\/p>\n<p><\/p>\n<p><strong>Principios educativos y objetivos<\/strong><\/p>\n<p><\/p>\n<p><\/p>\n<ol class=\"wp-block-list\" type=\"1\">\n<li>Promover una <strong>educaci\u00f3n integral<\/strong> que favorezca el pleno desarrollo de la personalidad.<\/li>\n<li>Prestando atenci\u00f3n al desarrollo de todas las capacidades del alumnado: cognitivas, afectivas, psicomotrices, comunicativas y de relaci\u00f3n social.<\/li>\n<li>Atendiendo la educaci\u00f3n de emociones y sentimientos.<\/li>\n<li>Promoviendo situaciones de aprendizaje colaborativo y cooperativo.<\/li>\n<li>Promoviendo actuaciones y actividades extraescolares coeducativas.<\/li>\n<li>Reforzando la acci\u00f3n tutorial.<\/li>\n<\/ol>\n<p><\/p>\n<p><\/p>\n<p>2. Educar en valores orientados a conseguir<strong> personas responsables, democr\u00e1ticas, autocr\u00edticas, solidarias, tolerantes y comprometidas con la sociedad.<\/strong><\/p>\n<p><\/p>\n<p><\/p>\n<ul class=\"wp-block-list\">\n<li>Reconociendo y valorando los sentimientos, intereses, necesidades y valores propios y de los otros.<\/li>\n<li>Potenciando el trabajo en equipo del alumnado y del profesorado.<\/li>\n<li>Fomentando la responsabilidad y la capacidad de esfuerzo y la implicaci\u00f3n.<\/li>\n<li>Favoreciendo la toma de acuerdos por consenso.<\/li>\n<li>Potenciando la gesti\u00f3n democr\u00e1tica de la vida escolar.<\/li>\n<li>Desarrollando proyectos, programas y actividades solidarias.<\/li>\n<\/ul>\n<p><\/p>\n<p><\/p>\n<p>3. Educar en la comprensi\u00f3n y <strong>el respeto a la diversidad <\/strong>sexual, de g\u00e9nero y<\/p>\n<p><\/p>\n<p><\/p>\n<p>familiar, multicultural, multi\u00e9tnica, ideol\u00f3gica y religiosa como fundamento de la<\/p>\n<p><\/p>\n<p><\/p>\n<p>convivencia.<\/p>\n<p><\/p>\n<p><\/p>\n<ul class=\"wp-block-list\">\n<li>Fomentando conductas dirigidas a eliminar cualquier forma de diferenciaci\u00f3n o<\/li>\n<\/ul>\n<p><\/p>\n<p><\/p>\n<p>discriminaci\u00f3n.<\/p>\n<p><\/p>\n<p><\/p>\n<ul class=\"wp-block-list\">\n<li>Valorando la diversidad como una realidad que nos enriquece. Celebraci\u00f3n del d\u00eda de la familia en pro de la diversidad familiar.<\/li>\n<li>Educando en la igualdad sin exclusiones de ning\u00fan tipo.<\/li>\n<li>Despertando el inter\u00e9s de nuestro alumnado por conocer las personas que nos rodean, sus valores, cultura y tradiciones sin que influya ning\u00fan prejuicio o condicionamiento.<\/li>\n<li>Programando y realizando actuaciones encaminadas a la integraci\u00f3n de todo el<\/li>\n<\/ul>\n<p><\/p>\n<p><\/p>\n<p>alumnado y la concienciaci\u00f3n y prevenci\u00f3n de la violencia de g\u00e9nero, el acoso, la violencia en el deporte y la violencia sexual.<\/p>\n<p><\/p>\n<p><\/p>\n<ul class=\"wp-block-list\">\n<li>Desarrollando actos de sensibilizaci\u00f3n (D\u00eda de la Paz, Derechos Humanos\u2026).<\/li>\n<\/ul>\n<p><\/p>\n<p><\/p>\n<p>4. Potenciar y favorecer una <strong>educaci\u00f3n inclusiva.<\/strong><\/p>\n<p><\/p>\n<p><\/p>\n<ul class=\"wp-block-list\">\n<li>Adecuando la respuesta educativa a los alumnos y alumnas que se encuentran en<\/li>\n<\/ul>\n<p><\/p>\n<p><\/p>\n<p>situaciones desfavorecidas.<\/p>\n<p><\/p>\n<p><\/p>\n<ul class=\"wp-block-list\">\n<li>Facilitando la igualdad de oportunidades de acceso, participaci\u00f3n y aprendizaje.<\/li>\n<li>Priorizando los recursos personales, materiales y organizativos.<\/li>\n<li>Coordinando las actuaciones entre tutores y tutoras, apoyos y equipos de orientaci\u00f3n.<\/li>\n<li>Propiciando un clima favorecedor de la integraci\u00f3n e inclusi\u00f3n.<\/li>\n<\/ul>\n<p><\/p>\n<p><\/p>\n<p>5. Desarrollar valores y actitudespositivas hacia el <strong>Medio Ambiente.<\/strong><\/p>\n<p><\/p>\n<p><\/p>\n<ul class=\"wp-block-list\">\n<li>Implantando, desarrollando y participando en programas, proyectos, planes de mejora y experiencias.<\/li>\n<li>Programando visitas, salidas, excursiones&#8230; al entorno.<\/li>\n<li>Incidiendo transversalmente en estos valores a trav\u00e9s del curr\u00edculo.<\/li>\n<\/ul>\n<p><\/p>\n<p><\/p>\n<p>6. Desarrollar <strong>h\u00e1bitos de trabajo individual y en equipo, capacidad de esfuerzo,<\/strong><\/p>\n<p><\/p>\n<p><\/p>\n<p><strong>responsabilidad y orden.<\/strong><\/p>\n<p><\/p>\n<p><\/p>\n<ul class=\"wp-block-list\">\n<li>Consensuando con los alumnos y alumnas las normas de comportamiento.<\/li>\n<li>Incluyendo en la acci\u00f3n tutorial medidas orientadas a trabajar y mejorar estos aspectos.<\/li>\n<li>Favoreciendo la Implicaci\u00f3n de las familias en el proceso educativo de sus hijos\/as.<\/li>\n<\/ul>\n<p><\/p>\n<p><\/p>\n<p>7. Trabajar y promover <strong>la prevenci\u00f3n, el di\u00e1logo y la cooperaci\u00f3n<\/strong> entre todos<\/p>\n<p><\/p>\n<p><\/p>\n<p>los miembros de la Comunidad Educativa.<\/p>\n<p><\/p>\n<p><\/p>\n<ul class=\"wp-block-list\">\n<li>Potenciando la participaci\u00f3n democr\u00e1tica<\/li>\n<li>Implantando y desarrollando programas de prevenci\u00f3n de la violencia<\/li>\n<li>Desarrollando habilidades cognitivas y socio emocionales relacionadas con la convivencia.<\/li>\n<li>Desarrollando estrategias para gestionar conflictos de forma positiva y creativa por medio del di\u00e1logo y la participaci\u00f3n responsable.<\/li>\n<li>Implicando a las familias y dem\u00e1s miembros de la Comunidad Educativa.<\/li>\n<\/ul>\n<p><\/p>\n<p><\/p>\n<p>8. Potenciar y favorecer la estrecha <strong>colaboraci\u00f3n de las familias<\/strong> en el proceso educativo de sus hijos e hijas.<\/p>\n<p><\/p>\n<p><\/p>\n<ul class=\"wp-block-list\">\n<li>Facilitando todo tipo de informaci\u00f3n para favorecer la comunicaci\u00f3n entre el colegio y las familias.<\/li>\n<li>Inform\u00e1ndoles peri\u00f3dicamente, mediante entrevistas y reuniones individuales y grupales del proceso educativo de sus hijos\/as.<\/li>\n<li>Facilitando y favoreciendo la participaci\u00f3n de las familias en la vida del centro.<\/li>\n<li>A trav\u00e9s de la participaci\u00f3n en el Consejo Escolar y en el AMPA y proyectos de centro.<\/li>\n<\/ul>\n<p><\/p>\n<p><\/p>\n<p>9. Desarrollar un<strong> modelo de curr\u00edculo abierto, flexible y adaptado<\/strong> <strong>al contexto <\/strong>del colegio y a los intereses y necesidades del alumnado.<\/p>\n<p><\/p>\n<p><\/p>\n<ul class=\"wp-block-list\">\n<li>Adecuando los objetivos y contenidos a los intereses y necesidades de nuestros alumnos y alumnas.<\/li>\n<li>Proponiendo actividades globalizadas, pr\u00f3ximas a sus intereses y orientadas al conocimiento de su entorno.<\/li>\n<li>Aprovechando todos los recursos del centro y del entorno como medios para la ense\u00f1anza y el aprendizaje.<\/li>\n<\/ul>\n<p><\/p>\n<p><\/p>\n<p>10. Fomentar y potenciar la <strong>innovaci\u00f3n e investigaci\u00f3n educativa<\/strong> mediante proyectos, experiencias, programas y otras actividades que incidan en la<strong> calidad educativa.<\/strong><\/p>\n<p><\/p>\n<p><\/p>\n<ul class=\"wp-block-list\">\n<li>Participando en proyectos, programas, planes de mejora y experiencias de car\u00e1cter institucional.<\/li>\n<li>Dise\u00f1ando y planificando experiencias, proyectos y actividades desde el propio centro.<\/li>\n<li>Promoviendo y potenciando la formaci\u00f3n permanente del profesorado.<\/li>\n<li>Dinamizando la coordinaci\u00f3n y el funcionamiento y de los \u00f3rganos colegiados y equipos docentes.<\/li>\n<li>Facilitando la participaci\u00f3n de todos los miembros de la Comunidad Educativa en la gesti\u00f3n del colegio.<\/li>\n<li>Asegurando una permanente mejora de los recursos y las instalaciones.<\/li>\n<\/ul>\n<p><\/p>\n<p><\/p>\n<p><strong>Proyectos del centro, proyectos de innovaci\u00f3n educativa, programas educativos:<\/strong><\/p>\n<p><\/p>\n<p><\/p>\n<ul class=\"wp-block-list\">\n<li>\u00a0<strong>Programa \u201cLeeduca\u201d<\/strong> en Educaci\u00f3n Infantil y 1\u00ba de Educaci\u00f3n Primaria.<\/li>\n<\/ul>\n<p><\/p>\n<p><\/p>\n<p>En colaboraci\u00f3n con la Universidad de M\u00e1laga, es un programa basado en evidencias cient\u00edficas.<\/p>\n<p><\/p>\n<p><\/p>\n<p>Desarrolla la competencia ling\u00fc\u00edstica, y permite la prevenci\u00f3n y la detecci\u00f3n temprana de las dificultades del aprendizaje de la lectura y escritura. Utiliza una metodolog\u00eda activa y motivadora desarrollada con el uso de las nuevas tecnolog\u00edas.<\/p>\n<p><\/p>\n<p><\/p>\n<ul class=\"wp-block-list\">\n<li><strong>\u201cEl cole lee\u201d<\/strong><\/li>\n<\/ul>\n<p><\/p>\n<p><\/p>\n<p>Todos los grupos de primaria leen durante 10 minutos diarios a la misma hora. Traen libros de casa para compartir inquietudes o bien los utilizan de la biblioteca de aula. Lecturas semanales de biograf\u00edas de mujeres relevantes de la historia.<\/p>\n<p><\/p>\n<p><\/p>\n<ul class=\"wp-block-list\">\n<li><strong>\u201cRadio Rico\u201d:<\/strong><\/li>\n<\/ul>\n<p><\/p>\n<p><\/p>\n<p>Es un proyecto de innovaci\u00f3n educativa que tiene como objetivo mejorar la expresi\u00f3n oral del alumnado, as\u00ed como el trabajo en grupo mediante el trabajo cooperativo y la participaci\u00f3n en la toma de decisiones.<\/p>\n<p><\/p>\n<p><\/p>\n<p>Son los propios alumnos y alumnas los que, ayudados en el trabajo por sus familias y con la colaboraci\u00f3n del profesorado preparan el programa que m\u00e1s tarde graban; el programa se cuelga cada semana en el blog del colegio.<\/p>\n<p><\/p>\n<p><\/p>\n<ul class=\"wp-block-list\">\n<li><strong>Proyecto \u201c\u00c9cola\u201d:<\/strong><\/li>\n<\/ul>\n<p><\/p>\n<p><\/p>\n<p>Participamos en el proyecto \u201c\u00c9COLA\u201d a favor de la conservaci\u00f3n de la biodiversidad; Contamos en el centro con la creaci\u00f3n de un comit\u00e9 medioambiental y una comisi\u00f3n ecol\u00f3gica que coordina el proyecto de sostenibilidad y sensibilizaci\u00f3n: reciclaje, ahorro energ\u00e9tico, conocimiento de los diferentes ecosistemas, animales, excursiones, &#8230;<\/p>\n<p><\/p>\n<p><\/p>\n<ul class=\"wp-block-list\">\n<li><strong>\u201cEl Huerto del Rico\u201d:<\/strong><\/li>\n<\/ul>\n<p><\/p>\n<p><\/p>\n<p>Es un proyecto en el que semanalmente el alumnado colabora en el cuidado de las plantas y del medio natural, en presencia de sus abuelos\/as y con la colaboraci\u00f3n de la comisi\u00f3n de los abuelitos y abuelitas voluntarias.<\/p>\n<p><\/p>\n<p><\/p>\n<p>Se trabajan de forma vivencial actividades como la observaci\u00f3n de insectos y plantas, la preparaci\u00f3n de la tierra, la siembra, el riego, la recolecta &#8230;<\/p>\n<p><\/p>\n<p><\/p>\n<ul class=\"wp-block-list\">\n<li>\u201c<strong>Al Rico en Bici o Patinete\u201d<\/strong><\/li>\n<\/ul>\n<p><\/p>\n<p><\/p>\n<p>Con esta iniciativa se potencia el uso de la bicicleta o el patinete como medio de transporte para venir al colegio.<\/p>\n<p><\/p>\n<p><\/p>\n<p>\u00a0Al llegar al centro tienen un aparcamiento en el que poder dejarlos con seguridad; es una manera de crear h\u00e1bitos saludables y el cuidado del medio ambiente, que favorece la autonom\u00eda personal y la alegr\u00eda.<\/p>\n<p><\/p>\n<p><\/p>\n<ul class=\"wp-block-list\">\n<li>\u201cSe potencia la actividad deportiva\u201d:<\/li>\n<\/ul>\n<p><\/p>\n<p><\/p>\n<p><strong>Actividades propias del Centro:<\/strong><\/p>\n<p><\/p>\n<p><\/p>\n<p>Destacamos aqu\u00ed la Carrera \u201cSan Silvestre\u201d que hacemos el \u00faltimo d\u00eda de colegio antes de las vacaciones de Navidad y en la que participan los alumnos\/as desde Ed. Infantil hasta Sexto de Ed. Primaria.<\/p>\n<p><\/p>\n<p><\/p>\n<p>Actividades en coordinaci\u00f3n con otros colegios de la localidad: Podemos citar aqu\u00ed la Carrera Solidaria en beneficio de \u201cSave the children\u201d, \u201cOlimpiadas de Atletismo\u201d, \u201cViaje para esquiar con alumnos\/as de 5\u00ba\u201d, \u201cDuatl\u00f3n\u201d, \u201cBaloncesto\u201d y \u201cRugby\u201d.<\/p>\n<p><\/p>\n<p><\/p>\n<ul class=\"wp-block-list\">\n<li>\u201c<strong>Programa de Tutorizaci\u00f3n entre iguales (TEI)\u201d:<\/strong><\/li>\n<\/ul>\n<p><\/p>\n<p><\/p>\n<p>Programa de convivencia para la prevenci\u00f3n de la violencia y el acoso. Se basa en la\u00a0tutorizaci\u00f3n emocional entre iguales\u00a0donde el respeto, la empat\u00eda y el compromiso son los pilares b\u00e1sicos de su desarrollo.<\/p>\n<p><\/p>\n<p><\/p>\n<p>\u00a0\u00a0\u00a0\u00a0\u00a0\u00a0\u00a0\u00a0 El alumnado de 5\u00ba Ed. Primaria con m\u00e1s habilidades tutoriza al alumnado de 3\u00ba Ed. Primaria que m\u00e1s lo necesita. Se vinculan las parejas y como punto de partida los tutorizados\/as y tutores\/as se entrevistan mutuamente para compartir experiencias y expresar sus gustos \u2026 fomentando el conocimiento, el apego y la estima entre ellos\/as. Comparten la sesi\u00f3n de m\u00fasica.\u00a0<\/p>\n<p><\/p>\n<p><\/p>\n<ul class=\"wp-block-list\">\n<li><strong>\u201cEl programa de Innovaci\u00f3n Emocionar-te\u201d:<\/strong><\/li>\n<\/ul>\n<p><\/p>\n<p><\/p>\n<p>Es un programa de convivencia entre el alumnado de 6\u00ba de Educaci\u00f3n Primaria de nuestro centro, el alumnado de 6\u00ba de E. Primaria del CEIP Pintor Sorolla y el alumnado de 2\u00ba de la ESO del IES La Torreta.<\/p>\n<p><\/p>\n<p><\/p>\n<p>A trav\u00e9s de un proyecto de trabajo conjunto de actividad creativa y multidisciplinar: m\u00fasica, educaci\u00f3n f\u00edsica, educaci\u00f3n pl\u00e1stica en el desarrollo de los principios y valores coeducativos e igualitarios confluyen las emociones y establecen v\u00ednculos afectivos con el alumnado que pr\u00f3ximamente ser\u00e1n compa\u00f1eros y compa\u00f1eras en el IES La Torreta.<\/p>\n<p><\/p>\n<p><\/p>\n<p><strong>Direcciones de p\u00e1gina web, blogs, Facebook, etc.:<\/strong><\/p>\n<p><\/p>\n<p><\/p>\n<figure>\n<div>\n<p class=\"MsoNormal\"><strong>P\u00e1gina web del centro:<\/strong><br \/><a href=\"http:\/\/P\u00e1gina web del centro: portal.edu.gva.es\/ceipjuanricoyamat\/es\/inicio Faceboock del centro: CEIP Juan Rico y Amat Istagram del centro: ceipjuanricoyamatelda\" target=\"_blank\" rel=\"noopener\">portal.edu.gva.es\/ceipjuanricoyamat\/es\/inicio<\/a><\/p>\n<p class=\"MsoNormal\"><strong>Faceboock del centro:<\/strong> CEIP Juan Rico y Amat<\/p>\n<p class=\"MsoNormal\"><strong>Istagram del centro<\/strong>: ceipjuanricoyamatelda<\/p>\n<\/div>\n<\/figure>\n<p><\/p>\n<p><\/p>\n<p><strong>Tel\u00e9fono:\u00a0<\/strong>966957435<\/p>\n<p><\/p>\n<p><\/p>\n<p><strong>correo electr\u00f3nico:<\/strong> <a href=\"mailto:03005744@gva.es\">03005744@gva.es<\/a><\/p>\n<p><\/p>\n<p><\/p>\n<p><strong>Direcci\u00f3n del centro:<\/strong> Partida Doctor Rico, s\/n. C.P.03600 Elda. Alicante<\/p>\n<p><\/p>\n<p><\/p>\n<p><strong>Horario de atenci\u00f3n de Secretar\u00eda. Sujeto a cambios seg\u00fan curso escolar.<\/strong><\/p>\n<p><\/p>\n<p><\/p>\n<p>Lunes de 13:10 h a 14:00 h<\/p>\n<p><\/p>\n<p><\/p>\n<p>Martes de 9 h a 9:40 h. y 13:10 h a 14:00 h.<\/p>\n<p><\/p>\n<p><\/p>\n<p>Mi\u00e9rcoles de 11;30 h. a 12:15 h.<\/p>\n<p><\/p>\n<p><\/p>\n<p>Viernes de 9:40 h a 10:20<\/p>\n<p><\/p>\n<p><\/p>\n<p><strong><u>Instalaciones:<\/u><\/strong><\/p>\n<p><\/p>\n<p><\/p>\n<p>Tiene servicio de comedor con cocina propia.<\/p>\n<p><\/p>\n<p><\/p>\n<p>Aula de inform\u00e1tica.<\/p>\n<p><\/p>\n<p><\/p>\n<p>Tiene tres pistas deportivas exteriores y un gimnasio&#8230;<\/p>\n<p><\/p>\n<p><\/p>\n<p>El patio del alumnado de Infantil y el de Primaria est\u00e1n ubicados en zonas diferentes.<\/p>\n<p><\/p>\n<p><\/p>\n<p>Biblioteca y sala de usos m\u00faltiples donde se llevan a cabo actividades variadas: teatro, charlas, reuniones, talleres &#8230;.<\/p>\n<p><\/p>\n<p><\/p>\n<figure><img decoding=\"async\" src=\"http:\/\/apaselda.es\/wp-content\/uploads\/2020\/05\/JUAN-RICO.png\" alt=\"\" \/><\/figure>\n<p><\/p>\n<p><\/p>\n<p><strong><u>AMPA:<\/u><\/strong><\/p>\n<p><\/p>\n<p><\/p>\n<p>Actividades peri\u00f3dicas realizadas por la asociaci\u00f3n:<\/p>\n<p><\/p>\n<p><\/p>\n<ul class=\"wp-block-list\">\n<li>NOVIEMBRE: Fiesta de la casta\u00f1era. La AMPA compra y asa casta\u00f1as para todos los alumnos del centro y realiza un teatro para los alumnos de infantil, 1\u00ba y 2\u00ba de primaria.<\/li>\n<li>DICIEMBRE: Fiesta de Navidad, villancicos de madres y padres, almuerzo de chocolate con churros, gymkana, concurso de dibujo, visita del paje.<\/li>\n<li>FEBRERO: Colaboraci\u00f3n con el carnaval del centro.<\/li>\n<li>MARZO: Taller para realizar la falla escolar del medio a\u00f1o fallero de la junta central.<\/li>\n<li>MAYO: Fiesta clausura de actividades extraescolares.<\/li>\n<li>JUNIO: Colaboraci\u00f3n con la fiesta de moros y cristianos que se realiza en el centro.<\/li>\n<\/ul>\n<p><\/p>\n<p><\/p>\n<p>Fiesta de fin de curso (fiesta de la espuma, gymkana, hinchables, concurso gachamiga, rifa, barra, fuegos artificiales\u2026)<\/p>\n<p><\/p>\n<p><\/p>\n<ul class=\"wp-block-list\">\n<li>JULIO: Escuela de verano.<\/li>\n<\/ul>\n<p><\/p>\n<p><\/p>\n<p>Actividades extraescolares ofertadas<\/p>\n<p><span style=\"color: var( --e-global-color-text ); font-family: var( --e-global-typography-text-font-family ), Sans-serif; font-weight: var( --e-global-typography-text-font-weight ); font-size: 1rem;\">JUEGOS DEPORTIVOS MUNICIPALES: Multideporte, f\u00fatbol y balonmano.<\/span><\/p>\n<ul>\n<li>OTRAS: Predeporte, patinaje, baile. Posibilidad de ofertar otras actividades (se har\u00eda si hay grupo suficiente)<\/li>\n<\/ul>\n<ul>\n<li>\n<p><span style=\"color: var( --e-global-color-text ); font-family: var( --e-global-typography-text-font-family ), Sans-serif; font-weight: var( --e-global-typography-text-font-weight ); font-size: 1rem;\">Servicio matinal (7:50 \u2013 8:50h)\u00a0<\/span><\/p>\n<\/li>\n<\/ul>\n<p><\/p>\n<p><\/p>\n<p>Direcciones de p\u00e1gina web, blogs, Facebook, etc\u2026<\/p>\n<p><\/p>\n<p><\/p>\n<p>Correo electr\u00f3nico<\/p>\n<p><\/p>\n<p><\/p>\n<ul class=\"wp-block-list\">\n<li>EMAIL: aparicoyamat@hotmail.com<\/li>\n<\/ul>\n<ul>\n<li>\n<p><strong>Faceboock del ampa:<\/strong> AMPA CEIP Juan Rico y amat<\/p>\n<\/li>\n<li>\n<p><strong>Tel\u00e9fono:<\/strong> 644 02 71 63<\/p>\n<\/li>\n<\/ul>\n<p><\/p>\t\t\t\t\t\t\t\t<\/div>\n\t\t\t\t<\/div>\n\t\t\t\t\t<\/div>\n\t\t<\/div>\n\t\t\t\t\t<\/div>\n\t\t<\/section>\n\t\t\t\t<\/div>\n\t\t","protected":false},"excerpt":{"rendered":"<p>El centro tiene dos l\u00edneas educativas. Acoge al alumnado de 2\u00ba ciclo de Ed. infantil (3\/6 a\u00f1os) y Ed. Primaria (6\/12 a\u00f1os). VIDEO PUERTAS ABIERTAS https:\/\/www.facebook.com\/708587012489257\/videos\/563758987677697\/ Est\u00e1 adscrito al IES La Torreta con el que compartimos el Plan de Transici\u00f3n, a trav\u00e9s del programa de Tutorizaci\u00f3n entre iguales, el programa de Innovaci\u00f3n Emocionar-te, la carrera &hellip; <\/p>\n<p class=\"link-more\"><a href=\"https:\/\/apaselda.es\/?page_id=36\" class=\"more-link\">Continuar leyendo<span class=\"screen-reader-text\"> &#8220;CEIP JUAN RICO Y AMAT&#8221;<\/span><\/a><\/p>\n","protected":false},"author":1,"featured_media":0,"parent":13,"menu_order":0,"comment_status":"closed","ping_status":"closed","template":"","meta":{"footnotes":""},"class_list":["post-36","page","type-page","status-publish","hentry"],"_links":{"self":[{"href":"https:\/\/apaselda.es\/index.php?rest_route=\/wp\/v2\/pages\/36","targetHints":{"allow":["GET"]}}],"collection":[{"href":"https:\/\/apaselda.es\/index.php?rest_route=\/wp\/v2\/pages"}],"about":[{"href":"https:\/\/apaselda.es\/index.php?rest_route=\/wp\/v2\/types\/page"}],"author":[{"embeddable":true,"href":"https:\/\/apaselda.es\/index.php?rest_route=\/wp\/v2\/users\/1"}],"replies":[{"embeddable":true,"href":"https:\/\/apaselda.es\/index.php?rest_route=%2Fwp%2Fv2%2Fcomments&post=36"}],"version-history":[{"count":15,"href":"https:\/\/apaselda.es\/index.php?rest_route=\/wp\/v2\/pages\/36\/revisions"}],"predecessor-version":[{"id":2358,"href":"https:\/\/apaselda.es\/index.php?rest_route=\/wp\/v2\/pages\/36\/revisions\/2358"}],"up":[{"embeddable":true,"href":"https:\/\/apaselda.es\/index.php?rest_route=\/wp\/v2\/pages\/13"}],"wp:attachment":[{"href":"https:\/\/apaselda.es\/index.php?rest_route=%2Fwp%2Fv2%2Fmedia&parent=36"}],"curies":[{"name":"wp","href":"https:\/\/api.w.org\/{rel}","templated":true}]}}