{"id":345,"date":"2020-05-14T21:27:12","date_gmt":"2020-05-14T21:27:12","guid":{"rendered":"http:\/\/apaselda.es\/?page_id=345"},"modified":"2021-05-18T19:26:17","modified_gmt":"2021-05-18T19:26:17","slug":"certificados","status":"publish","type":"page","link":"https:\/\/apaselda.es\/?page_id=345","title":{"rendered":"CERTIFICADOS"},"content":{"rendered":"<div id=\"fb-root\"><\/div>\n\t\t<div data-elementor-type=\"wp-page\" data-elementor-id=\"345\" class=\"elementor elementor-345\">\n\t\t\t\t\t\t<section class=\"elementor-section elementor-top-section elementor-element elementor-element-62f968a2 elementor-section-boxed elementor-section-height-default elementor-section-height-default\" data-id=\"62f968a2\" data-element_type=\"section\" data-e-type=\"section\">\n\t\t\t\t\t\t<div class=\"elementor-container elementor-column-gap-default\">\n\t\t\t\t\t<div class=\"elementor-column elementor-col-100 elementor-top-column elementor-element elementor-element-7b94709b\" data-id=\"7b94709b\" data-element_type=\"column\" data-e-type=\"column\">\n\t\t\t<div class=\"elementor-widget-wrap elementor-element-populated\">\n\t\t\t\t\t\t<div class=\"elementor-element elementor-element-4eb10c26 elementor-widget elementor-widget-text-editor\" data-id=\"4eb10c26\" data-element_type=\"widget\" data-e-type=\"widget\" data-widget_type=\"text-editor.default\">\n\t\t\t\t<div class=\"elementor-widget-container\">\n\t\t\t\t\t\t\t\t\t\n<div class=\"wp-block-image\">\n<figure class=\"aligncenter size-large is-resized\"><img decoding=\"async\" class=\"wp-image-346\" src=\"http:\/\/apaselda.es\/wp-content\/uploads\/2020\/05\/vid_500-250.png\" alt=\"\" width=\"250\" height=\"125\" srcset=\"https:\/\/apaselda.es\/wp-content\/uploads\/2020\/05\/vid_500-250.png 500w, https:\/\/apaselda.es\/wp-content\/uploads\/2020\/05\/vid_500-250-300x150.png 300w\" sizes=\"(max-width: 250px) 100vw, 250px\" \/><\/figure>\n<\/div>\n\n<p class=\"has-text-align-center\"><strong>HAZ CLIC ENCIMA PARA VER LA INFORMACI\u00d3N<\/strong><\/p>\n\n<p><strong><span class=\"has-inline-color has-vivid-red-color\"><br \/><\/span><\/strong>&#8211; <a href=\"https:\/\/www.accv.es\/\"><code><span class=\"has-inline-color has-very-dark-gray-color\"><strong><em>Certificado digital<\/em><\/strong> <\/span><\/code><\/a>emitido por la Agencia de Tecnolog\u00eda y<br \/>Certificaci\u00f3n Electr\u00f3nica de la Generalitat (ACCV).<\/p>\n<p>Tambi\u00e9n lo pod\u00e9is conseguir en vuestros ayuntamientos.<\/p>\n<p>&#8211; Sistema de identidad electr\u00f3nica para las administraciones <strong><em><a href=\"https:\/\/clave.gob.es\/clave_Home\/ca\/clave.html\">Cl@ve<\/a><\/em><\/strong>.\u00a0 \u00a0 \u00a0 &#8211; <strong><em><a href=\"https:\/\/www.dnielectronico.es\/PortalDNIe\/\"><span class=\"has-inline-color has-vivid-red-color\"><code>eDNI<\/code><\/span><\/a><\/em><\/strong>, con lector respectivo.<br \/>&#8211; Combinaci\u00f3n del<strong><em><span class=\"has-inline-color has-vivid-red-color\"> <a href=\"https:\/\/sede.educacion.gob.es\/tramite\/documentos\/ayuda_identidad.pdf\">DNI e IDESP<\/a><\/span><\/em><\/strong> (o n\u00famero de soporte) junto con la<br \/>aceptaci\u00f3n de comprobaci\u00f3n del Ministerio de Interior.<br \/>-Combinaci\u00f3n del <span class=\"has-inline-color has-vivid-red-color\"><strong><em><a href=\"https:\/\/sede.educacion.gob.es\/tramite\/documentos\/ayuda_identidad.pdf\">NIE e IXESP<\/a><\/em><\/strong>,<\/span> junto con la aceptaci\u00f3n de<br \/>comprobaci\u00f3n por parte del Ministerio de Interior.<\/p>\n\t\t\t\t\t\t\t\t<\/div>\n\t\t\t\t<\/div>\n\t\t\t\t\t<\/div>\n\t\t<\/div>\n\t\t\t\t\t<\/div>\n\t\t<\/section>\n\t\t\t\t<\/div>\n\t\t","protected":false},"excerpt":{"rendered":"<p>HAZ CLIC ENCIMA PARA VER LA INFORMACI\u00d3N &#8211; Certificado digital emitido por la Agencia de Tecnolog\u00eda yCertificaci\u00f3n Electr\u00f3nica de la Generalitat (ACCV). Tambi\u00e9n lo pod\u00e9is conseguir en vuestros ayuntamientos. &#8211; Sistema de identidad electr\u00f3nica para las administraciones Cl@ve.\u00a0 \u00a0 \u00a0 &#8211; eDNI, con lector respectivo.&#8211; Combinaci\u00f3n del DNI e IDESP (o n\u00famero de soporte) junto &hellip; <\/p>\n<p class=\"link-more\"><a href=\"https:\/\/apaselda.es\/?page_id=345\" class=\"more-link\">Continuar leyendo<span class=\"screen-reader-text\"> &#8220;CERTIFICADOS&#8221;<\/span><\/a><\/p>\n","protected":false},"author":1,"featured_media":0,"parent":0,"menu_order":0,"comment_status":"closed","ping_status":"closed","template":"","meta":{"footnotes":""},"class_list":["post-345","page","type-page","status-publish","hentry"],"_links":{"self":[{"href":"https:\/\/apaselda.es\/index.php?rest_route=\/wp\/v2\/pages\/345","targetHints":{"allow":["GET"]}}],"collection":[{"href":"https:\/\/apaselda.es\/index.php?rest_route=\/wp\/v2\/pages"}],"about":[{"href":"https:\/\/apaselda.es\/index.php?rest_route=\/wp\/v2\/types\/page"}],"author":[{"embeddable":true,"href":"https:\/\/apaselda.es\/index.php?rest_route=\/wp\/v2\/users\/1"}],"replies":[{"embeddable":true,"href":"https:\/\/apaselda.es\/index.php?rest_route=%2Fwp%2Fv2%2Fcomments&post=345"}],"version-history":[{"count":8,"href":"https:\/\/apaselda.es\/index.php?rest_route=\/wp\/v2\/pages\/345\/revisions"}],"predecessor-version":[{"id":668,"href":"https:\/\/apaselda.es\/index.php?rest_route=\/wp\/v2\/pages\/345\/revisions\/668"}],"wp:attachment":[{"href":"https:\/\/apaselda.es\/index.php?rest_route=%2Fwp%2Fv2%2Fmedia&parent=345"}],"curies":[{"name":"wp","href":"https:\/\/api.w.org\/{rel}","templated":true}]}}