{"id":3418,"date":"2023-10-01T18:10:43","date_gmt":"2023-10-01T18:10:43","guid":{"rendered":"https:\/\/apaselda.es\/?page_id=3418"},"modified":"2024-09-22T11:17:27","modified_gmt":"2024-09-22T11:17:27","slug":"disfraces","status":"publish","type":"page","link":"https:\/\/apaselda.es\/?page_id=3418","title":{"rendered":"Disfraces"},"content":{"rendered":"<div id=\"fb-root\"><\/div>\n\t\t<div data-elementor-type=\"wp-page\" data-elementor-id=\"3418\" class=\"elementor elementor-3418\">\n\t\t\t\t\t\t<section class=\"elementor-section elementor-top-section elementor-element elementor-element-2e06a1a elementor-section-boxed elementor-section-height-default elementor-section-height-default\" data-id=\"2e06a1a\" data-element_type=\"section\" data-e-type=\"section\">\n\t\t\t\t\t\t<div class=\"elementor-container elementor-column-gap-default\">\n\t\t\t\t\t<div class=\"elementor-column elementor-col-33 elementor-top-column elementor-element elementor-element-218fab9\" data-id=\"218fab9\" data-element_type=\"column\" data-e-type=\"column\">\n\t\t\t<div class=\"elementor-widget-wrap elementor-element-populated\">\n\t\t\t\t\t\t<div class=\"elementor-element elementor-element-63db12d elementor-widget elementor-widget-image\" data-id=\"63db12d\" data-element_type=\"widget\" data-e-type=\"widget\" data-widget_type=\"image.default\">\n\t\t\t\t<div class=\"elementor-widget-container\">\n\t\t\t\t\t\t\t\t\t\t\t\t\t\t\t<img fetchpriority=\"high\" decoding=\"async\" width=\"525\" height=\"295\" src=\"https:\/\/apaselda.es\/wp-content\/uploads\/2023\/10\/disfrazdisfraz-1024x576.jpeg\" class=\"attachment-large size-large wp-image-3419\" alt=\"\" srcset=\"https:\/\/apaselda.es\/wp-content\/uploads\/2023\/10\/disfrazdisfraz-1024x576.jpeg 1024w, https:\/\/apaselda.es\/wp-content\/uploads\/2023\/10\/disfrazdisfraz-300x169.jpeg 300w, https:\/\/apaselda.es\/wp-content\/uploads\/2023\/10\/disfrazdisfraz-768x432.jpeg 768w, https:\/\/apaselda.es\/wp-content\/uploads\/2023\/10\/disfrazdisfraz-1536x864.jpeg 1536w, https:\/\/apaselda.es\/wp-content\/uploads\/2023\/10\/disfrazdisfraz.jpeg 1600w\" sizes=\"100vw\" \/>\t\t\t\t\t\t\t\t\t\t\t\t\t\t\t<\/div>\n\t\t\t\t<\/div>\n\t\t\t\t\t<\/div>\n\t\t<\/div>\n\t\t\t\t<div class=\"elementor-column elementor-col-66 elementor-top-column elementor-element elementor-element-909c55a\" data-id=\"909c55a\" data-element_type=\"column\" data-e-type=\"column\">\n\t\t\t<div class=\"elementor-widget-wrap elementor-element-populated\">\n\t\t\t\t\t\t<div class=\"elementor-element elementor-element-fc23d81 elementor-widget elementor-widget-text-editor\" data-id=\"fc23d81\" data-element_type=\"widget\" data-e-type=\"widget\" data-widget_type=\"text-editor.default\">\n\t\t\t\t<div class=\"elementor-widget-container\">\n\t\t\t\t\t\t\t\t\t<h4 data-v-be53585e=\"\">Disfrazdisfraz<\/h4><p>Web:\u00a0 \u00a0 \u00a0 \u00a0 \u00a0 \u00a0 \u00a0 \u00a0<a href=\"https:\/\/disfrazdisfraz.com\/\"> www.disfrazdisfraz.com<\/a><\/p><p>Email:\u00a0 \u00a0 \u00a0 \u00a0 \u00a0 \u00a0 <a href=\"mailto:hola@disfrazdisfraz.com\">hola@disfrazdisfraz.com<\/a><\/p><p>Facebook:\u00a0 \u00a0 \u00a0 \u00a0 \u00a0 \u00a0 \u00a0 \u00a0 \u00a0 \u00a0 \u00a0 \u00a0 \u00a0<a href=\"https:\/\/www.facebook.com\/disfrazdisfraz\">disfrazdisfraz<\/a><\/p><p>Instagram:\u00a0 \u00a0 \u00a0 \u00a0 \u00a0 \u00a0 \u00a0 \u00a0 \u00a0 \u00a0 \u00a0 \u00a0 <a href=\"https:\/\/www.instagram.com\/disfrazdisfraz\/\">disfrazdisfraz<\/a><\/p><p><strong>Tel\u00e9fonos:\u00a0 96504942<\/strong><\/p><p><strong>Direcci\u00f3n:\u00a0 \u00a0 \u00a0 \u00a0 \u00a0 \u00a0 \u00a0 \u00a0 \u00a0 \u00a0 \u00a0 \u00a0 \u00a0 \u00a0 \u00a0 \u00a0 \u00a0 \u00a0 \u00a0 \u00a0 \u00a0 \u00a0 \u00a0 \u00a0 \u00a0 \u00a0\u00a0<\/strong><strong>\u00a0<\/strong><\/p>\t\t\t\t\t\t\t\t<\/div>\n\t\t\t\t<\/div>\n\t\t\t\t\t<\/div>\n\t\t<\/div>\n\t\t\t\t\t<\/div>\n\t\t<\/section>\n\t\t\t\t<section class=\"elementor-section elementor-top-section elementor-element elementor-element-6fb75e9 elementor-section-boxed elementor-section-height-default elementor-section-height-default\" data-id=\"6fb75e9\" data-element_type=\"section\" data-e-type=\"section\">\n\t\t\t\t\t\t<div class=\"elementor-container elementor-column-gap-default\">\n\t\t\t\t\t<div class=\"elementor-column elementor-col-100 elementor-top-column elementor-element elementor-element-ceffe82\" data-id=\"ceffe82\" data-element_type=\"column\" data-e-type=\"column\">\n\t\t\t<div class=\"elementor-widget-wrap elementor-element-populated\">\n\t\t\t\t\t\t<div class=\"elementor-element elementor-element-60cba18 elementor-widget elementor-widget-text-editor\" data-id=\"60cba18\" data-element_type=\"widget\" data-e-type=\"widget\" data-widget_type=\"text-editor.default\">\n\t\t\t\t<div class=\"elementor-widget-container\">\n\t\t\t\t\t\t\t\t\t<p><strong><span style=\"color: #ff0000;\">Descuento:\u00a0<\/span><\/strong><\/p><p class=\"MsoNormal\"><b><span style=\"font-size: 12.0pt; font-family: 'Arial-BoldMT',serif; color: black;\">10% de descuento en aquellos art\u00edculos que no est\u00e9n en oferta o promoci\u00f3n.<\/span><\/b><\/p>\t\t\t\t\t\t\t\t<\/div>\n\t\t\t\t<\/div>\n\t\t\t\t\t<\/div>\n\t\t<\/div>\n\t\t\t\t\t<\/div>\n\t\t<\/section>\n\t\t\t\t<section class=\"elementor-section elementor-top-section elementor-element elementor-element-6b9a351 elementor-section-boxed elementor-section-height-default elementor-section-height-default\" data-id=\"6b9a351\" data-element_type=\"section\" data-e-type=\"section\">\n\t\t\t\t\t\t<div class=\"elementor-container elementor-column-gap-default\">\n\t\t\t\t\t<div class=\"elementor-column elementor-col-100 elementor-top-column elementor-element elementor-element-25cb479\" data-id=\"25cb479\" data-element_type=\"column\" data-e-type=\"column\">\n\t\t\t<div class=\"elementor-widget-wrap elementor-element-populated\">\n\t\t\t\t\t\t<div class=\"elementor-element elementor-element-598e742 elementor-widget elementor-widget-text-editor\" data-id=\"598e742\" data-element_type=\"widget\" data-e-type=\"widget\" data-widget_type=\"text-editor.default\">\n\t\t\t\t<div class=\"elementor-widget-container\">\n\t\t\t\t\t\t\t\t\t<p><span style=\"color: #ff0000;\"><strong>Condiciones:<\/strong><\/span><\/p><p><b><span style=\"font-size: 12.0pt; font-family: 'Arial-BoldMT',serif; color: black;\">El descuento se har\u00e1 en aquellos productos que no est\u00e9n ya en oferta y\/o promoci\u00f3n, ya que \u00e9stos anteriores ya tendr\u00e1n su oferta.<\/span><\/b><\/p>\t\t\t\t\t\t\t\t<\/div>\n\t\t\t\t<\/div>\n\t\t\t\t\t<\/div>\n\t\t<\/div>\n\t\t\t\t\t<\/div>\n\t\t<\/section>\n\t\t\t\t<\/div>\n\t\t","protected":false},"excerpt":{"rendered":"<p>Disfrazdisfraz Web:\u00a0 \u00a0 \u00a0 \u00a0 \u00a0 \u00a0 \u00a0 \u00a0 www.disfrazdisfraz.com Email:\u00a0 \u00a0 \u00a0 \u00a0 \u00a0 \u00a0 hola@disfrazdisfraz.com Facebook:\u00a0 \u00a0 \u00a0 \u00a0 \u00a0 \u00a0 \u00a0 \u00a0 \u00a0 \u00a0 \u00a0 \u00a0 \u00a0disfrazdisfraz Instagram:\u00a0 \u00a0 \u00a0 \u00a0 \u00a0 \u00a0 \u00a0 \u00a0 \u00a0 \u00a0 \u00a0 \u00a0 disfrazdisfraz Tel\u00e9fonos:\u00a0 96504942 Direcci\u00f3n:\u00a0 \u00a0 \u00a0 \u00a0 \u00a0 \u00a0 \u00a0 \u00a0 \u00a0 \u00a0 &hellip; <\/p>\n<p class=\"link-more\"><a href=\"https:\/\/apaselda.es\/?page_id=3418\" class=\"more-link\">Continuar leyendo<span class=\"screen-reader-text\"> &#8220;Disfraces&#8221;<\/span><\/a><\/p>\n","protected":false},"author":1,"featured_media":0,"parent":0,"menu_order":0,"comment_status":"closed","ping_status":"closed","template":"","meta":{"footnotes":""},"class_list":["post-3418","page","type-page","status-publish","hentry"],"_links":{"self":[{"href":"https:\/\/apaselda.es\/index.php?rest_route=\/wp\/v2\/pages\/3418","targetHints":{"allow":["GET"]}}],"collection":[{"href":"https:\/\/apaselda.es\/index.php?rest_route=\/wp\/v2\/pages"}],"about":[{"href":"https:\/\/apaselda.es\/index.php?rest_route=\/wp\/v2\/types\/page"}],"author":[{"embeddable":true,"href":"https:\/\/apaselda.es\/index.php?rest_route=\/wp\/v2\/users\/1"}],"replies":[{"embeddable":true,"href":"https:\/\/apaselda.es\/index.php?rest_route=%2Fwp%2Fv2%2Fcomments&post=3418"}],"version-history":[{"count":9,"href":"https:\/\/apaselda.es\/index.php?rest_route=\/wp\/v2\/pages\/3418\/revisions"}],"predecessor-version":[{"id":3775,"href":"https:\/\/apaselda.es\/index.php?rest_route=\/wp\/v2\/pages\/3418\/revisions\/3775"}],"wp:attachment":[{"href":"https:\/\/apaselda.es\/index.php?rest_route=%2Fwp%2Fv2%2Fmedia&parent=3418"}],"curies":[{"name":"wp","href":"https:\/\/api.w.org\/{rel}","templated":true}]}}