{"id":263,"date":"2020-05-11T22:21:05","date_gmt":"2020-05-11T22:21:05","guid":{"rendered":"http:\/\/apaselda.es\/?page_id=263"},"modified":"2021-05-18T19:48:11","modified_gmt":"2021-05-18T19:48:11","slug":"ies-la-torreta","status":"publish","type":"page","link":"https:\/\/apaselda.es\/?page_id=263","title":{"rendered":"IES LA TORRETA"},"content":{"rendered":"<div id=\"fb-root\"><\/div>\n\t\t<div data-elementor-type=\"wp-page\" data-elementor-id=\"263\" class=\"elementor elementor-263\">\n\t\t\t\t\t\t<section class=\"elementor-section elementor-top-section elementor-element elementor-element-443c34d1 elementor-section-boxed elementor-section-height-default elementor-section-height-default\" data-id=\"443c34d1\" data-element_type=\"section\" data-e-type=\"section\">\n\t\t\t\t\t\t<div class=\"elementor-container elementor-column-gap-default\">\n\t\t\t\t\t<div class=\"elementor-column elementor-col-100 elementor-top-column elementor-element elementor-element-195dd125\" data-id=\"195dd125\" data-element_type=\"column\" data-e-type=\"column\">\n\t\t\t<div class=\"elementor-widget-wrap elementor-element-populated\">\n\t\t\t\t\t\t<div class=\"elementor-element elementor-element-57df297 elementor-widget elementor-widget-text-editor\" data-id=\"57df297\" data-element_type=\"widget\" data-e-type=\"widget\" data-widget_type=\"text-editor.default\">\n\t\t\t\t<div class=\"elementor-widget-container\">\n\t\t\t\t\t\t\t\t\t\n<p><em>&nbsp;Tel\u00e9fono: 965388549<\/em><br><em>&nbsp;Fax: 965396359<\/em><br><em>&nbsp;P\u00e1gina Web:&nbsp;<\/em><a rel=\"noreferrer noopener\" href=\"http:\/\/iestorreta.blogspot.com\/\" target=\"_blank\">http:\/\/iestorreta.blogspot.com\/<\/a><\/p>\n\n\n\n<p>WEB TORRETA GVA   <a href=\"http:\/\/mestreacasa.gva.es\/web\/ieslatorreta\">http:\/\/mestreacasa.gva.es\/web\/ieslatorreta<\/a><\/p>\n\n\n\n<p><em>\u00a0Email:\u00a0<\/em><a href=\"mailto:03005768@edu.gva.es\">03005768@edu.gva.es<\/a><\/p>\n\n\n\n<p><strong><span class=\"has-inline-color has-vivid-red-color\">V\u00cdDEO PUERTAS ABIERTAS<\/span><\/strong><\/p>\n\n\n\n<p><a href=\"https:\/\/www.facebook.com\/aytoelda\/videos\/282388946504076\/\">https:\/\/www.facebook.com\/aytoelda\/videos\/282388946504076\/<\/a><\/p>\n\n\n\n<p class=\"has-text-align-center\">OFERTA FORMATIVA DEL CENTRO<a href=\"http:\/\/mestreacasa.gva.es\/web\/ieslatorreta\/eso\"><br><\/a><\/p>\n\n\n\n<figure class=\"wp-block-table\"><table><tbody><tr><th>NIVEL EDUCATIVO<\/th><th>UNIDADES AUTORIZADAS<\/th><\/tr><tr><td>BACHILLERATO<\/td><td>6<\/td><\/tr><tr><td>CICLOS FORMATIVOS<\/td><td>13<\/td><\/tr><tr><td>EDUCACI\u00d3N SECUNDARIA OBLIGATORIA<\/td><td>18<\/td><\/tr><\/tbody><\/table><\/figure>\n\n\n\n<figure class=\"wp-block-image size-large is-resized\"><img fetchpriority=\"high\" decoding=\"async\" src=\"http:\/\/apaselda.es\/wp-content\/uploads\/2020\/05\/03005768.jpg\" alt=\"\" class=\"wp-image-264\" width=\"412\" height=\"308\"\/><\/figure>\n\n\n\n<figure class=\"wp-block-image size-large is-resized\"><img decoding=\"async\" src=\"http:\/\/apaselda.es\/wp-content\/uploads\/2020\/05\/H-1.jpg\" alt=\"\" class=\"wp-image-362\" width=\"119\" height=\"60\"\/><\/figure>\n\n\n\n<p><strong>EDUCACI\u00d3N SECUNDARIA OBLIGATORIA.<\/strong><\/p>\n\n\n\n<p>Obligatoria hasta los 16 a\u00f1os: lo que implica la asistencia obligada para poder aprobar.<\/p>\n\n\n\n<p>Posibilidad de repetir una sola vez en 1\u00ba, 2\u00ba, 3\u00ba y 4\u00ba de ESO; y un m\u00e1ximo de 2 repeticiones en toda la etapa.<\/p>\n\n\n\n<p>Adem\u00e1s de \u00e1reas comunes hay materias optativas.<\/p>\n\n\n\n<p>Las optativas que elijan en tercero o cuarto no van a impedirles hacer el bachillerato o el ciclo formativo que quieran si titulan, pero s\u00ed han de elegirse con una adecuada orientaci\u00f3n en funci\u00f3n de los intereses y motivaciones de los alumnos\/as.<\/p>\n\n\n\n<figure class=\"wp-block-image size-large is-resized\"><img decoding=\"async\" src=\"http:\/\/apaselda.es\/wp-content\/uploads\/2020\/05\/J.jpg\" alt=\"\" class=\"wp-image-363\" width=\"141\" height=\"71\"\/><\/figure>\n\n\n\n<p><strong>BACHILLERATO DE HUMANIDADES Y CIENCIAS SOCIALES (1\u00ba y 2\u00ba CURSO<\/strong>)<\/p>\n\n\n\n<p>Opci\u00f3n Humanidades. Consulta asignaturas.<\/p>\n\n\n\n<p>Opci\u00f3n Ciencias Sociales. Consulta asignaturas.<\/p>\n\n\n\n<p><strong>BACHILLERATO DE CIENCIAS (1\u00ba y 2\u00ba CURSO)<\/strong><\/p>\n\n\n\n<p>Opci\u00f3n Ciencias. Consulta asignaturas.<\/p>\n\n\n\n<p>Opci\u00f3n Tecnolog\u00eda. Consulta asignaturas<\/p>\n\n\n\n<figure class=\"wp-block-image size-large\"><img loading=\"lazy\" decoding=\"async\" width=\"184\" height=\"101\" src=\"http:\/\/apaselda.es\/wp-content\/uploads\/2020\/05\/X.jpg\" alt=\"\" class=\"wp-image-364\"\/><\/figure>\n\n\n\n<p><strong>F.P. B\u00c1SICA<\/strong><\/p>\n\n\n\n<p>&#8211; T\u00edtulo profesional b\u00e1sico en peluquer\u00eda y est\u00e9tica.<\/p>\n\n\n\n<p><strong>F.P. B\u00c1SICA SEGUNDA OPORTUNIDAD<\/strong><\/p>\n\n\n\n<p>&#8211; T\u00edtulo profesional b\u00e1sico en peluquer\u00eda y est\u00e9tica.<\/p>\n\n\n\n<p><strong>F.P. GRADO MEDIO<\/strong><\/p>\n\n\n\n<p>&nbsp;T\u00e9cnico en peluquer\u00eda y cosm\u00e9tica capilar.<\/p>\n\n\n\n<p><strong>&nbsp;F.P. GRADO SUPERIOR<\/strong><\/p>\n\n\n\n<p>&nbsp; &#8211; T\u00e9cnico superior en estilismo y direcci\u00f3n de peluquer\u00eda<\/p>\n\n\n\n<figure class=\"wp-block-image size-large\"><img loading=\"lazy\" decoding=\"async\" width=\"214\" height=\"101\" src=\"http:\/\/apaselda.es\/wp-content\/uploads\/2020\/05\/S.jpg\" alt=\"\" class=\"wp-image-365\"\/><\/figure>\n\n\n\n<p><strong>F.P. GRADO MEDIO<\/strong><\/p>\n\n\n\n<p>&#8211; T\u00e9cnico de calzado y complementos de moda.<\/p>\n\n\n\n<p><strong>F.P. GRADO SUPERIOR<\/strong><\/p>\n\n\n\n<p>&#8211; T\u00e9cnico superior en dise\u00f1o de calzado y complementos<\/p>\n\n\n\n<figure class=\"wp-block-image size-large\"><img loading=\"lazy\" decoding=\"async\" width=\"228\" height=\"101\" src=\"http:\/\/apaselda.es\/wp-content\/uploads\/2020\/05\/T.jpg\" alt=\"\" class=\"wp-image-366\"\/><\/figure>\n\n\n\n<p><strong>F.P. B\u00c1SICA<\/strong><\/p>\n\n\n\n<p>&#8211; T\u00edtulo profesional b\u00e1sico de electricidad y electr\u00f3nica.<\/p>\n\n\n\n<p><strong>F.P. GRADO MEDIO<\/strong><\/p>\n\n\n\n<p>&#8211; T\u00e9cnico en instalaciones el\u00e9ctricas y autom\u00e1ticas.<\/p>\n\n\n\n<p>&nbsp;&#8211; T\u00e9cnico en instalaciones de telecomunicaciones.<\/p>\n\n\n\n<p>&nbsp;<strong>F.P. GRADO SUPERIOR<\/strong><\/p>\n\n\n\n<p>&nbsp;&#8211; T\u00e9cnico superior en sistemas de telecomunicaciones e inform\u00e1ticos.<\/p>\n\n\n\n<p><strong><u>AMPA:<\/u><\/strong><\/p>\n\n\n\n<p>Actividades peri\u00f3dicas realizadas por la asociaci\u00f3n (tipo fiesta fin de curso,&nbsp; carnaval, etc):<\/p>\n\n\n\n<p>-Obsequio bienvenida<\/p>\n\n\n\n<p>-Almuerzo de Navidad<\/p>\n\n\n\n<p>-Almuerzo de Pascua<\/p>\n\n\n\n<p>-Graduaciones<\/p>\n\n\n\n<p>Actividades extraescolares ofertadas:<\/p>\n\n\n\n<p>-Tenis de mesa<\/p>\n\n\n\n<p>-futbol<\/p>\n\n\n\n<p>Correo electr\u00f3nico: <a href=\"mailto:apaiestorretaelda@gmail.com\">apaiestorretaelda@gmail.com<\/a><\/p>\n\t\t\t\t\t\t\t\t<\/div>\n\t\t\t\t<\/div>\n\t\t\t\t\t<\/div>\n\t\t<\/div>\n\t\t\t\t\t<\/div>\n\t\t<\/section>\n\t\t\t\t<\/div>\n\t\t","protected":false},"excerpt":{"rendered":"<p>&nbsp;Tel\u00e9fono: 965388549&nbsp;Fax: 965396359&nbsp;P\u00e1gina Web:&nbsp;http:\/\/iestorreta.blogspot.com\/ WEB TORRETA GVA http:\/\/mestreacasa.gva.es\/web\/ieslatorreta \u00a0Email:\u00a003005768@edu.gva.es V\u00cdDEO PUERTAS ABIERTAS https:\/\/www.facebook.com\/aytoelda\/videos\/282388946504076\/ OFERTA FORMATIVA DEL CENTRO NIVEL EDUCATIVO UNIDADES AUTORIZADAS BACHILLERATO 6 CICLOS FORMATIVOS 13 EDUCACI\u00d3N SECUNDARIA OBLIGATORIA 18 EDUCACI\u00d3N SECUNDARIA OBLIGATORIA. Obligatoria hasta los 16 a\u00f1os: lo que implica la asistencia obligada para poder aprobar. Posibilidad de repetir una sola vez en 1\u00ba, &hellip; <\/p>\n<p class=\"link-more\"><a href=\"https:\/\/apaselda.es\/?page_id=263\" class=\"more-link\">Continuar leyendo<span class=\"screen-reader-text\"> &#8220;IES LA TORRETA&#8221;<\/span><\/a><\/p>\n","protected":false},"author":1,"featured_media":0,"parent":0,"menu_order":0,"comment_status":"closed","ping_status":"closed","template":"","meta":{"footnotes":""},"class_list":["post-263","page","type-page","status-publish","hentry"],"_links":{"self":[{"href":"https:\/\/apaselda.es\/index.php?rest_route=\/wp\/v2\/pages\/263","targetHints":{"allow":["GET"]}}],"collection":[{"href":"https:\/\/apaselda.es\/index.php?rest_route=\/wp\/v2\/pages"}],"about":[{"href":"https:\/\/apaselda.es\/index.php?rest_route=\/wp\/v2\/types\/page"}],"author":[{"embeddable":true,"href":"https:\/\/apaselda.es\/index.php?rest_route=\/wp\/v2\/users\/1"}],"replies":[{"embeddable":true,"href":"https:\/\/apaselda.es\/index.php?rest_route=%2Fwp%2Fv2%2Fcomments&post=263"}],"version-history":[{"count":8,"href":"https:\/\/apaselda.es\/index.php?rest_route=\/wp\/v2\/pages\/263\/revisions"}],"predecessor-version":[{"id":725,"href":"https:\/\/apaselda.es\/index.php?rest_route=\/wp\/v2\/pages\/263\/revisions\/725"}],"wp:attachment":[{"href":"https:\/\/apaselda.es\/index.php?rest_route=%2Fwp%2Fv2%2Fmedia&parent=263"}],"curies":[{"name":"wp","href":"https:\/\/api.w.org\/{rel}","templated":true}]}}