{"id":2551,"date":"2022-05-09T20:23:47","date_gmt":"2022-05-09T20:23:47","guid":{"rendered":"https:\/\/apaselda.es\/?page_id=2551"},"modified":"2022-05-09T20:24:34","modified_gmt":"2022-05-09T20:24:34","slug":"quienes-somos","status":"publish","type":"page","link":"https:\/\/apaselda.es\/?page_id=2551","title":{"rendered":"\u00bfQuienes somos?"},"content":{"rendered":"<div id=\"fb-root\"><\/div>\n\t\t<div data-elementor-type=\"wp-page\" data-elementor-id=\"2551\" class=\"elementor elementor-2551\">\n\t\t\t\t\t\t<section class=\"elementor-section elementor-top-section elementor-element elementor-element-38c43a03 elementor-section-boxed elementor-section-height-default elementor-section-height-default\" data-id=\"38c43a03\" data-element_type=\"section\" data-e-type=\"section\">\n\t\t\t\t\t\t<div class=\"elementor-container elementor-column-gap-default\">\n\t\t\t\t\t<div class=\"elementor-column elementor-col-100 elementor-top-column elementor-element elementor-element-52cd8fbc\" data-id=\"52cd8fbc\" data-element_type=\"column\" data-e-type=\"column\">\n\t\t\t<div class=\"elementor-widget-wrap elementor-element-populated\">\n\t\t\t\t\t\t<div class=\"elementor-element elementor-element-439c77ab elementor-widget elementor-widget-text-editor\" data-id=\"439c77ab\" data-element_type=\"widget\" data-e-type=\"widget\" data-widget_type=\"text-editor.default\">\n\t\t\t\t<div class=\"elementor-widget-container\">\n\t\t\t\t\t\t\t\t\t<p>Desde la Agrupaci\u00f3n Local de Apas de Elda, os damos la bienvenida a nuestra web, poquito a poco iremos plasmando a trav\u00e9s de la misma las actividades de las APAS \/ AMPAS de Elda y de las comunidades educativas de la ciudad.<\/p><p>Todo ello con un \u00fanico fin, acercar y dar a conocer el trabajo que realizan desinteresadamente todos y todas las personas que compone las apas\/ampas.<\/p><p>Desde aqu\u00ed os invitamos a padres y madres que quieran y sientan que deben formar parte de la educaci\u00f3n de sus hijos e hijas a participar en la asociaci\u00f3n de su centro educativo.<\/p>\t\t\t\t\t\t\t\t<\/div>\n\t\t\t\t<\/div>\n\t\t\t\t\t<\/div>\n\t\t<\/div>\n\t\t\t\t\t<\/div>\n\t\t<\/section>\n\t\t\t\t<\/div>\n\t\t","protected":false},"excerpt":{"rendered":"<p>Desde la Agrupaci\u00f3n Local de Apas de Elda, os damos la bienvenida a nuestra web, poquito a poco iremos plasmando a trav\u00e9s de la misma las actividades de las APAS \/ AMPAS de Elda y de las comunidades educativas de la ciudad. Todo ello con un \u00fanico fin, acercar y dar a conocer el trabajo &hellip; <\/p>\n<p class=\"link-more\"><a href=\"https:\/\/apaselda.es\/?page_id=2551\" class=\"more-link\">Continuar leyendo<span class=\"screen-reader-text\"> &#8220;\u00bfQuienes somos?&#8221;<\/span><\/a><\/p>\n","protected":false},"author":1,"featured_media":0,"parent":0,"menu_order":0,"comment_status":"closed","ping_status":"closed","template":"","meta":{"footnotes":""},"class_list":["post-2551","page","type-page","status-publish","hentry"],"_links":{"self":[{"href":"https:\/\/apaselda.es\/index.php?rest_route=\/wp\/v2\/pages\/2551","targetHints":{"allow":["GET"]}}],"collection":[{"href":"https:\/\/apaselda.es\/index.php?rest_route=\/wp\/v2\/pages"}],"about":[{"href":"https:\/\/apaselda.es\/index.php?rest_route=\/wp\/v2\/types\/page"}],"author":[{"embeddable":true,"href":"https:\/\/apaselda.es\/index.php?rest_route=\/wp\/v2\/users\/1"}],"replies":[{"embeddable":true,"href":"https:\/\/apaselda.es\/index.php?rest_route=%2Fwp%2Fv2%2Fcomments&post=2551"}],"version-history":[{"count":3,"href":"https:\/\/apaselda.es\/index.php?rest_route=\/wp\/v2\/pages\/2551\/revisions"}],"predecessor-version":[{"id":2554,"href":"https:\/\/apaselda.es\/index.php?rest_route=\/wp\/v2\/pages\/2551\/revisions\/2554"}],"wp:attachment":[{"href":"https:\/\/apaselda.es\/index.php?rest_route=%2Fwp%2Fv2%2Fmedia&parent=2551"}],"curies":[{"name":"wp","href":"https:\/\/api.w.org\/{rel}","templated":true}]}}