{"id":242,"date":"2020-05-11T21:37:44","date_gmt":"2020-05-11T21:37:44","guid":{"rendered":"http:\/\/apaselda.es\/?page_id=242"},"modified":"2021-05-18T19:46:57","modified_gmt":"2021-05-18T19:46:57","slug":"ies-la-melva","status":"publish","type":"page","link":"https:\/\/apaselda.es\/?page_id=242","title":{"rendered":"IES LA MELVA"},"content":{"rendered":"<div id=\"fb-root\"><\/div>\n\t\t<div data-elementor-type=\"wp-page\" data-elementor-id=\"242\" class=\"elementor elementor-242\">\n\t\t\t\t\t\t<section class=\"elementor-section elementor-top-section elementor-element elementor-element-1984fd7e elementor-section-boxed elementor-section-height-default elementor-section-height-default\" data-id=\"1984fd7e\" data-element_type=\"section\" data-e-type=\"section\">\n\t\t\t\t\t\t<div class=\"elementor-container elementor-column-gap-default\">\n\t\t\t\t\t<div class=\"elementor-column elementor-col-100 elementor-top-column elementor-element elementor-element-40f63d1d\" data-id=\"40f63d1d\" data-element_type=\"column\" data-e-type=\"column\">\n\t\t\t<div class=\"elementor-widget-wrap elementor-element-populated\">\n\t\t\t\t\t\t<div class=\"elementor-element elementor-element-43acc7c0 elementor-widget elementor-widget-text-editor\" data-id=\"43acc7c0\" data-element_type=\"widget\" data-e-type=\"widget\" data-widget_type=\"text-editor.default\">\n\t\t\t\t<div class=\"elementor-widget-container\">\n\t\t\t\t\t\t\t\t\t\n<p>I.E.S. LA MELVA.<\/p>\n\n\n\n<p>C\/ La Melva, n\u00ba 7   03600 Elda<\/p>\n\n\n\n<p>Tfno: 966 957 320        FaxFax: 966 957 321<\/p>\n\n\n\n<p>Correro: <a href=\"mailto:03005720@gva.es\">03005720@gva.es<\/a><\/p>\n\n\n\n<p><a href=\"mailto:03005720.secret@gva.es\">03005720.secret@gva.es<\/a><\/p>\n\n\n\n<p>WEB<\/p>\n\n\n\n<figure class=\"wp-block-embed\"><div class=\"wp-block-embed__wrapper\">\nhttp:\/\/ieslamelva.edu.gva.es\/\n<\/div><\/figure>\n\n\n\n<p><strong><span class=\"has-inline-color has-vivid-red-color\">V\u00cdDEO PRESENTACI\u00d3N<\/span><\/strong><\/p>\n\n\n\n<figure class=\"wp-block-embed-youtube wp-block-embed is-type-video is-provider-youtube wp-embed-aspect-16-9 wp-has-aspect-ratio\"><div class=\"wp-block-embed__wrapper\">\n<iframe title=\"V\u00cdDEO PROMOCI\u00d3N IES LA MELVA\" width=\"525\" height=\"295\" src=\"https:\/\/www.youtube.com\/embed\/KOUC5YoWGJM?feature=oembed\" frameborder=\"0\" allow=\"accelerometer; autoplay; clipboard-write; encrypted-media; gyroscope; picture-in-picture; web-share\" referrerpolicy=\"strict-origin-when-cross-origin\" allowfullscreen><\/iframe>\n<\/div><\/figure>\n\n\n\n<p>Nuestro Instituto nace en 1968 como Escuela de Aprendizaje Industrial y actualmente se imparten en \u00e9l todos los niveles educativos no universitarios que contempla la LOMCE: ESO, Bachillerato de las modalidades de Ciencias, Humanidades y Ciencias Sociales y cinco Ciclos de Ense\u00f1anza Profesional de Grado Medio y Grado Superior de las familias Administrativa y Sanitaria.<\/p>\n\n\n\n<figure class=\"wp-block-image size-large is-resized\"><img fetchpriority=\"high\" decoding=\"async\" src=\"http:\/\/apaselda.es\/wp-content\/uploads\/2020\/05\/Sin-t\u00edtulo.jpg\" alt=\"\" class=\"wp-image-332\" width=\"587\" height=\"454\" srcset=\"https:\/\/apaselda.es\/wp-content\/uploads\/2020\/05\/Sin-t\u00edtulo.jpg 362w, https:\/\/apaselda.es\/wp-content\/uploads\/2020\/05\/Sin-t\u00edtulo-300x232.jpg 300w\" sizes=\"(max-width: 587px) 100vw, 587px\" \/><\/figure>\n\n\n\n<p>Queda patente que a lo largo de nuestra historia ha sido necesaria una adaptaci\u00f3n constante a las necesidades cambiantes de la sociedad, a lo que sumamos la incorporaci\u00f3n paulatina de las innovaciones empresariales y tecnol\u00f3gicas a los planes acad\u00e9micos y de formaci\u00f3n profesional, para lo que son fundamentales las alianzas con las instituciones y empresas de nuestro entorno. Asimismo, participamos en diversos programas europeos,&nbsp; como FCT en Europa o el Programa Comenius o Erasmus+, que permiten a nuestros docentes y alumnado compartir experiencias profesionales y acad\u00e9micas con otros centros educativos y empresariales europeos.<\/p>\n\n\n\n<p>&nbsp;&nbsp;&nbsp;&nbsp;&nbsp;&nbsp;&nbsp;&nbsp;&nbsp;&nbsp;&nbsp;&nbsp;&nbsp;&nbsp;&nbsp; Nivel: E.S.O.<\/p>\n\n\n\n<p>1\u00ba de Secundaria<\/p>\n\n\n\n<p>2\u00ba de Secundaria<\/p>\n\n\n\n<p>2\u00ba de Secundaria del Programa de Mejora del Aprendizaje y Rendimiento (PMAR)<\/p>\n\n\n\n<p>3\u00b0 de Secundaria (T1, T2, T3 y T4)<\/p>\n\n\n\n<p>3\u00ba de Secundaria del Programa de Mejora deL Aprendizaje y Rendimiento (PMAR)<\/p>\n\n\n\n<p>4\u00b0 de Secundaria (C1,C2, C3 y C4)<\/p>\n\n\n\n<p>4\u00b0 de Secundaria del Programa de Refuerzo (PR4)<\/p>\n\n\n\n<p>Nivel: Bachillerato<\/p>\n\n\n\n<p>&nbsp;&nbsp;&nbsp;&nbsp;&nbsp;&nbsp;&nbsp;&nbsp;&nbsp;&nbsp;&nbsp;&nbsp;&nbsp;&nbsp;&nbsp; 1\u00b0 de Bachiller de Humanidades y Ciencias Sociales (1BA)<\/p>\n\n\n\n<p>1\u00ba de Bachiller mixto de Ciencias y Humanidades y Ciencias Sociales (1BB)<\/p>\n\n\n\n<p>1\u00b0 de Bachiller de Ciencias (1BC)<\/p>\n\n\n\n<p>2\u00b0 de Bachiller de Ciencias Sociales (2BA)<\/p>\n\n\n\n<p>2\u00b0 de Bachiller Mixto de Humanidades y Ciencias (2BB)<\/p>\n\n\n\n<p>2\u00b0 de Bachiller de Ciencias (2BC)<\/p>\n\n\n\n<p>&nbsp;Ciclos Formativos<\/p>\n\n\n\n<p>Ciclo Formativo de Grado Medio Sanitario: Auxiliar de Enfermer\u00eda (E1A, E1B, E2A, E2B)<\/p>\n\n\n\n<p>Ciclo Formativo de Grado Medio Sanitario (T\u00e9cnico en Farmacia y Parafarmacia) (F1A)<\/p>\n\n\n\n<p>Ciclo Formativo de Grado Medio Administrativo: Gesti\u00f3n Administrativa (A1 y A2)<\/p>\n\n\n\n<p>Ciclo Formativo de Grado Superior Administrativo de Administraci\u00f3n y Finanzas (A3 y A4)<\/p>\n\n\n\n<p>Ciclo Formativo de Grado Superior de Sanitario (Diet\u00e9tica) (D3 y D4)<\/p>\n\n\n\n<p><\/p>\n\n\n\n<figure class=\"wp-block-image size-large is-resized\"><img decoding=\"async\" src=\"http:\/\/apaselda.es\/wp-content\/uploads\/2020\/05\/56.png\" alt=\"\" class=\"wp-image-245\" width=\"602\" height=\"238\" srcset=\"https:\/\/apaselda.es\/wp-content\/uploads\/2020\/05\/56.png 403w, https:\/\/apaselda.es\/wp-content\/uploads\/2020\/05\/56-300x118.png 300w\" sizes=\"(max-width: 602px) 100vw, 602px\" \/><\/figure>\n\n\n\n<p>AULA DE NATURALEZA<br>BIBLIOTECA<br>AULA DE INFORMATICA<br>LABORATORIO<br>GIMNASIO<\/p>\n\n\n\n<p class=\"has-text-align-left\"><br><strong><span class=\"has-inline-color has-luminous-vivid-orange-color\">AMPA <\/span><\/strong><\/p>\n\n\n\n<p>Presidenta: Hortensia Sanz Gonz\u00e1lez <\/p>\n\n\n\n<p>Vicepresidenta: M\u00aa Salud Mu\u00f1oz Segura <\/p>\n\n\n\n<p>Tesorero: Juan Carlos Jim\u00e9nez Herrero <\/p>\n\n\n\n<p>Secretaria: Mar\u00eda Socorro Vera Parrilla <\/p>\n\n\n\n<p>Tel\u00e9fono: 625 505 883 <\/p>\n\n\n\n<p>e-mail: <a href=\"mailto:apaieslamelva@gmail.com\">apaieslamelva@gmail.com<\/a><\/p>\n\n\n\n<p>Telegram: <a href=\"https:\/\/t.me\/joinchat\/AAAAAFM5X0mGzACCBjGiyA\">https:\/\/t.me\/joinchat\/AAAAAFM5X0mGzACCBjGiyA<\/a><\/p>\n\n\n\n<figure class=\"wp-block-image size-large is-resized\"><img decoding=\"async\" src=\"http:\/\/apaselda.es\/wp-content\/uploads\/2020\/05\/569.png\" alt=\"\" class=\"wp-image-246\" width=\"175\" height=\"152\" srcset=\"https:\/\/apaselda.es\/wp-content\/uploads\/2020\/05\/569.png 403w, https:\/\/apaselda.es\/wp-content\/uploads\/2020\/05\/569-300x261.png 300w\" sizes=\"(max-width: 175px) 100vw, 175px\" \/><\/figure>\n\n\n\n<p><\/p>\n\t\t\t\t\t\t\t\t<\/div>\n\t\t\t\t<\/div>\n\t\t\t\t\t<\/div>\n\t\t<\/div>\n\t\t\t\t\t<\/div>\n\t\t<\/section>\n\t\t\t\t<\/div>\n\t\t","protected":false},"excerpt":{"rendered":"<p>I.E.S. LA MELVA. C\/ La Melva, n\u00ba 7 03600 Elda Tfno: 966 957 320 FaxFax: 966 957 321 Correro: 03005720@gva.es 03005720.secret@gva.es WEB V\u00cdDEO PRESENTACI\u00d3N Nuestro Instituto nace en 1968 como Escuela de Aprendizaje Industrial y actualmente se imparten en \u00e9l todos los niveles educativos no universitarios que contempla la LOMCE: ESO, Bachillerato de las modalidades &hellip; <\/p>\n<p class=\"link-more\"><a href=\"https:\/\/apaselda.es\/?page_id=242\" class=\"more-link\">Continuar leyendo<span class=\"screen-reader-text\"> &#8220;IES LA MELVA&#8221;<\/span><\/a><\/p>\n","protected":false},"author":1,"featured_media":0,"parent":0,"menu_order":0,"comment_status":"closed","ping_status":"closed","template":"","meta":{"footnotes":""},"class_list":["post-242","page","type-page","status-publish","hentry"],"_links":{"self":[{"href":"https:\/\/apaselda.es\/index.php?rest_route=\/wp\/v2\/pages\/242","targetHints":{"allow":["GET"]}}],"collection":[{"href":"https:\/\/apaselda.es\/index.php?rest_route=\/wp\/v2\/pages"}],"about":[{"href":"https:\/\/apaselda.es\/index.php?rest_route=\/wp\/v2\/types\/page"}],"author":[{"embeddable":true,"href":"https:\/\/apaselda.es\/index.php?rest_route=\/wp\/v2\/users\/1"}],"replies":[{"embeddable":true,"href":"https:\/\/apaselda.es\/index.php?rest_route=%2Fwp%2Fv2%2Fcomments&post=242"}],"version-history":[{"count":7,"href":"https:\/\/apaselda.es\/index.php?rest_route=\/wp\/v2\/pages\/242\/revisions"}],"predecessor-version":[{"id":722,"href":"https:\/\/apaselda.es\/index.php?rest_route=\/wp\/v2\/pages\/242\/revisions\/722"}],"wp:attachment":[{"href":"https:\/\/apaselda.es\/index.php?rest_route=%2Fwp%2Fv2%2Fmedia&parent=242"}],"curies":[{"name":"wp","href":"https:\/\/api.w.org\/{rel}","templated":true}]}}