{"id":2332,"date":"2022-04-06T14:01:07","date_gmt":"2022-04-06T14:01:07","guid":{"rendered":"https:\/\/apaselda.es\/?page_id=2332"},"modified":"2022-04-06T14:18:58","modified_gmt":"2022-04-06T14:18:58","slug":"santa-infancia-2","status":"publish","type":"page","link":"https:\/\/apaselda.es\/?page_id=2332","title":{"rendered":"SANTA INFANCIA"},"content":{"rendered":"<div id=\"fb-root\"><\/div>\n\t\t<div data-elementor-type=\"wp-page\" data-elementor-id=\"2332\" class=\"elementor elementor-2332\">\n\t\t\t\t\t\t<section class=\"elementor-section elementor-top-section elementor-element elementor-element-a2af800 elementor-section-boxed elementor-section-height-default elementor-section-height-default\" data-id=\"a2af800\" data-element_type=\"section\" data-e-type=\"section\">\n\t\t\t\t\t\t<div class=\"elementor-container elementor-column-gap-default\">\n\t\t\t\t\t<div class=\"elementor-column elementor-col-100 elementor-top-column elementor-element elementor-element-3c65db6\" data-id=\"3c65db6\" data-element_type=\"column\" data-e-type=\"column\">\n\t\t\t<div class=\"elementor-widget-wrap elementor-element-populated\">\n\t\t\t\t\t\t<div class=\"elementor-element elementor-element-c78df91 elementor-widget elementor-widget-text-editor\" data-id=\"c78df91\" data-element_type=\"widget\" data-e-type=\"widget\" data-widget_type=\"text-editor.default\">\n\t\t\t\t<div class=\"elementor-widget-container\">\n\t\t\t\t\t\t\t\t\t<p><\/p>\n<p><strong>N\u00famero de l\u00edneas y niveles que se pueden cursar:<\/strong> 2 l\u00edneas y 2 niveles. El centro dispone de 4 aulas: dos aulas para ni\u00f1os\/as de 1 a\u00f1o y dos aulas para ni\u00f1os\/as de 2 a\u00f1os, para un total de 66 plazas disponibles.<\/p>\n<p><\/p>\n<p><\/p>\n<p><strong>VIDEO PUERTAS ABIERTAS<\/strong><\/p>\n<p><\/p>\n<p><\/p>\n<p><\/p>\n<p><\/p>\n<p>\u00a0<\/p>\n<p><strong>Se\u00f1as de identidad del cole:<\/strong><\/p>\n<p><\/p>\n<p><\/p>\n<p>La escuela infantil \u201cSanta Infancia\u201d tiene car\u00e1cter pluralista y libre, abierta a la diversidad con un planteamiento de respeto y tolerancia a diferencias \u00e9tnicas, culturales, religiosas, sociales, f\u00edsicas, sensoriales y motrices. Fomentamos actitudes de respeto y facilitamos la aceptaci\u00f3n de las diferencias individuales.<\/p>\n<p><\/p>\n<p><\/p>\n<p>Somos una Escuela\u00a0 integradora y compensadora, orientada a la igualdad de las personas y sus posibilidades de realizaci\u00f3n, cualesquiera que sean sus condiciones personales y sociales, de sexo, capacidad, raza u origen social, tratando de eliminar los estereotipos sociales.<\/p>\n<p><\/p>\n<p><\/p>\n<p>Somos una escuela laica. Defendemos la aconfesionalidad del centro, ya que respetamos las diferentes creencias e ideolog\u00edas. La celebraci\u00f3n de fiestas como Navidad y Pascua, se trabajan desde su \u00e1mbito cultural y tradicional.<\/p>\n<p><\/p>\n<p><\/p>\n<p>Nos basamos en el desarrollo del esp\u00edritu Cr\u00edtico. Educamos para formar una ciudadan\u00eda participativa y responsable, basada en los valores democr\u00e1ticos de solidaridad, tolerancia e igualdad de oportunidades.<\/p>\n<p><\/p>\n<p><\/p>\n<p>\u00a0Nuestra Escuela no est\u00e1 inscrita a ning\u00fan tipo de ideolog\u00eda pol\u00edtica determinada; respetamos todas las opciones, siempre que estas no atenten contra la dignidad y los derechos humanos. Somos una Escuela\u00a0 Democr\u00e1tica, que establece los cauces de intervenci\u00f3n pedag\u00f3gica y de funcionamiento de forma Democr\u00e1tica.<\/p>\n<p><\/p>\n<p><\/p>\n<p>Queremos una escuela coeducadora. Una comunidad donde se integran ni\u00f1os y ni\u00f1as, hombres y mujeres, en un espacio de igualdad, valorando, de esta forma, el enriquecimiento de la complementariedad y evitando la discriminaci\u00f3n y diferenciaci\u00f3n de sexos.<\/p>\n<p><\/p>\n<p><\/p>\n<p>\u00a0Educamos para la Paz. Somos una Escuela que se plantea actuar ante la nociva influencia violenta de nuestra sociedad actual. Ofrecemos unas formas de conducta y de relaciones interpersonales basadas en el di\u00e1logo, el intercambio, la cooperaci\u00f3n, la solidaridad y el respeto.<\/p>\n<p><\/p>\n<p><\/p>\n<p>Nuestra escuela es promotora de Salud. Favorecemos la adquisici\u00f3n de h\u00e1bitos sanos en cuanto a los cuidados de los ni\u00f1os y ni\u00f1as, la alimentaci\u00f3n, la vida al aire libre, el descanso&#8230;<\/p>\n<p><\/p>\n<p><\/p>\n<p>Propiciamos el desarrollo integral de los ni\u00f1os y ni\u00f1as en los aspectos f\u00edsicos, afectivos e intelectual, estimulando la autonom\u00eda y creando los espacios que permitan el desarrollo individual arm\u00f3nico y la inclusi\u00f3n y participaci\u00f3n activa en el grupo y en la sociedad.<\/p>\n<p><\/p>\n<p><\/p>\n<p>\u00a0Somos creativas y respetamos el Medio Ambiente. Fomentamos la utilizaci\u00f3n de recursos personales y naturales para enfrentarnos a las diferentes situaciones de actuaci\u00f3n, creando alternativas y buscando soluciones innovadoras.<\/p>\n<p><\/p>\n<p><\/p>\n<div>\n<figure><img decoding=\"async\" src=\"http:\/\/apaselda.es\/wp-content\/uploads\/2020\/05\/G.png\" alt=\"\" width=\"256\" height=\"181\" \/><\/figure>\n<\/div>\n<p><\/p>\n<p><\/p>\n<p><strong>PRINCIPIOS METODOL\u00d3GICOS<\/strong><\/p>\n<p><\/p>\n<p><\/p>\n<p>El equipo educativo de la Escuela Infantil lleva a cabo un trabajo com\u00fan y comparte los mismos criterios metodol\u00f3gicos, todo ello con un objetivo com\u00fan: el m\u00e1ximo desarrollo de todas las capacidades de los ni\u00f1os y ni\u00f1as. El papel de las educadoras es acompa\u00f1ar e impulsar este crecimiento, favoreciendo un entorno rico y estimulante.<\/p>\n<p><\/p>\n<p><\/p>\n<p>Pensamos que la necesidad e importancia de la Escuela Infantil est\u00e1 en que:<\/p>\n<p><\/p>\n<p><\/p>\n<ul class=\"wp-block-list\">\n<li>Es el lugar donde el ni\u00f1o\/a, a partir de sus primeras experiencias, va construyendo la base de su personalidad, su forma posterior de ser, de sentir, de actuar y de reaccionar frente a los dem\u00e1s y a los objetos del mundo que le rodea.<\/li>\n<li>Se tienen en cuenta los procesos de crecimiento que se dan en estas edades. Aqu\u00ed se procura que esta evoluci\u00f3n y cambio se sucedan de forma sana, y por eso se satisfacen las necesidades afectivas de los per\u00edodos cr\u00edticos.<\/li>\n<li>Nuestra escuela no intenta sustituir a la familia en su tarea, sino que colabora, complementa y cualifica la tarea de padres y madres, realiz\u00e1ndose un permanente trabajo de acercamiento y sensibilizaci\u00f3n.<\/li>\n<li>Hacemos un uso racional del tiempo buscando un ritmo adecuado de actividad y descanso.<\/li>\n<\/ul>\n<p><\/p>\n<p><\/p>\n<p>Tenemos en cuenta los siguientes principios metodol\u00f3gicos:<\/p>\n<p><\/p>\n<p><\/p>\n<ul class=\"wp-block-list\">\n<li>Partir del nivel de desarrollo de los ni\u00f1os y ni\u00f1as para que construyan aprendizajes significativos. Por eso los contenidos y las actividades partir\u00e1n de las necesidades e intereses de los ni\u00f1os\/as de estas edades, adecu\u00e1ndolos al momento evolutivo y adecuando el curr\u00edculum a las caracter\u00edsticas particulares de nuestro centro.<\/li>\n<li>Aprendizaje a trav\u00e9s de la observaci\u00f3n, experimentaci\u00f3n y manipulaci\u00f3n, es decir, a trav\u00e9s de los sentidos.<\/li>\n<li>El juego se convierte en el motor de aprendizaje y el ni\u00f1o\/a en el protagonista de aquel.<\/li>\n<li><strong>Partir de la actividad<\/strong>: para conseguir todos los principios anteriores es imprescindible dar a los ni\u00f1os\/as un gran protagonismo, potenciando su actividad, tanto f\u00edsica como intelectual.<\/li>\n<li><strong>Individualizaci\u00f3n<\/strong>: procuramos adaptarnos en todo momento a las diferencias individuales entre alumnos\/as\u00a0 respondiendo a sus necesidades, ritmos y capacidades.<\/li>\n<li><strong>Socializaci\u00f3n<\/strong>: la interacci\u00f3n alumno\/a &#8211; alumno\/a y alumno\/a -educador\/a es otro de los aspectos que atendemos preferentemente.<\/li>\n<li><strong>Globalizaci\u00f3n<\/strong>: en el desarrollo de nuestras propuestas intervienen contenidos de distintos tipos y \u00e1reas, desde una perspectiva conceptual, procedimental y actitudinal.<\/li>\n<li><strong>Coeducaci\u00f3n<\/strong>: partimos del principio de la igualdad entre sexos y la no discriminaci\u00f3n por raz\u00f3n de sexo educar en la igualdad desde la diferencia.<\/li>\n<\/ul>\n<p><\/p>\n<p><\/p>\n<p>As\u00ed mismo, procuramos ofrecer al ni\u00f1o\/a\u00a0 un espacio adaptado, rico y estimulante, creando espacios de juego, descanso y trabajo y dando prioridad a los aprendizajes que estimulan la autonom\u00eda, tan fundamentales en esta etapa.<\/p>\n<p><\/p>\n<p><\/p>\n<p><strong>DATOS DEL CENTRO<\/strong><\/p>\n<p><\/p>\n<p><\/p>\n<p>C\u00f3digo del centro: 03009774<\/p>\n<p><\/p>\n<p><\/p>\n<p>Tel\u00e9fono 966 95 74 85 &#8211; 966 95 74 87\u00a0\u00a0\u00a0\u00a0<\/p>\n<p><\/p>\n<p><\/p>\n<p>Correo electr\u00f3nico:\u00a0<a style=\"font-family: Calibri, sans-serif; font-size: 11pt; font-weight: var( --e-global-typography-text-font-weight ); background-color: #ffffff;\" href=\"mailto:03009774@EDU.GVA.ES\">03009774@EDU.GVA.ES<\/a><\/p>\n<p><\/p>\n<p><\/p>\n<p>Direcci\u00f3n del centro: C\/ El Carmelo, 21 (Elda)<\/p>\n<p><\/p>\n<p><\/p>\n<p>Horario de atenci\u00f3n de secretar\u00eda y de direcci\u00f3n: de 9:00h a 10:00 h y de 15:00 a 16:00h.<\/p>\n<p><\/p>\n<p><\/p>\n<figure><img decoding=\"async\" src=\"http:\/\/apaselda.es\/wp-content\/uploads\/2020\/05\/H.jpg\" alt=\"\" \/><\/figure>\n<p><\/p>\n<p><\/p>\n<p><strong><u>INSTALACIONES:<\/u><\/strong><\/p>\n<p><\/p>\n<p><\/p>\n<p>4 Aulas espaciosas, luminosas, con aseos y zona de cambio, adaptadas a cada edad.<\/p>\n<p><\/p>\n<p><\/p>\n<p>3 patios: 1 de c\u00e9sped para los beb\u00e9s y 2 para los alumnos de 2 a\u00f1os (uno de c\u00e9sped y otro de grava).<\/p>\n<p><\/p>\n<p><\/p>\n<p>Sala de siesta.<\/p>\n<p><\/p>\n<p><\/p>\n<p>Aula multiusos con pizarra digital.<\/p>\n<p><\/p>\n<p><\/p>\n<p>Comedor: cocina propia y comedor. La comida es casera y se elabora en el comedor por nuestro cocinero y pinche.<\/p>\n<p><\/p>\n<p><\/p>\n<p><strong><u>IM\u00c1GENES:<\/u><\/strong><\/p>\n<p><\/p>\t\t\t\t\t\t\t\t<\/div>\n\t\t\t\t<\/div>\n\t\t\t\t\t<\/div>\n\t\t<\/div>\n\t\t\t\t\t<\/div>\n\t\t<\/section>\n\t\t\t\t<section class=\"elementor-section elementor-top-section elementor-element elementor-element-3d1bfea elementor-section-boxed elementor-section-height-default elementor-section-height-default\" data-id=\"3d1bfea\" data-element_type=\"section\" data-e-type=\"section\">\n\t\t\t\t\t\t<div class=\"elementor-container elementor-column-gap-default\">\n\t\t\t\t\t<div class=\"elementor-column elementor-col-100 elementor-top-column elementor-element elementor-element-a8e78ee\" data-id=\"a8e78ee\" data-element_type=\"column\" data-e-type=\"column\">\n\t\t\t<div class=\"elementor-widget-wrap elementor-element-populated\">\n\t\t\t\t\t\t<div class=\"elementor-element elementor-element-c6be9e6 elementor-widget elementor-widget-image\" data-id=\"c6be9e6\" data-element_type=\"widget\" data-e-type=\"widget\" data-widget_type=\"image.default\">\n\t\t\t\t<div class=\"elementor-widget-container\">\n\t\t\t\t\t\t\t\t\t\t\t\t\t\t\t<img fetchpriority=\"high\" decoding=\"async\" width=\"525\" height=\"394\" src=\"https:\/\/apaselda.es\/wp-content\/uploads\/2022\/04\/1.jpg\" class=\"attachment-large size-large wp-image-2341\" alt=\"\" srcset=\"https:\/\/apaselda.es\/wp-content\/uploads\/2022\/04\/1.jpg 567w, https:\/\/apaselda.es\/wp-content\/uploads\/2022\/04\/1-300x225.jpg 300w\" sizes=\"100vw\" \/>\t\t\t\t\t\t\t\t\t\t\t\t\t\t\t<\/div>\n\t\t\t\t<\/div>\n\t\t\t\t<div class=\"elementor-element elementor-element-c8af021 elementor-widget elementor-widget-image\" data-id=\"c8af021\" data-element_type=\"widget\" data-e-type=\"widget\" data-widget_type=\"image.default\">\n\t\t\t\t<div class=\"elementor-widget-container\">\n\t\t\t\t\t\t\t\t\t\t\t\t\t\t\t<img decoding=\"async\" width=\"387\" height=\"290\" src=\"https:\/\/apaselda.es\/wp-content\/uploads\/2022\/04\/2.jpg\" class=\"attachment-large size-large wp-image-2342\" alt=\"\" srcset=\"https:\/\/apaselda.es\/wp-content\/uploads\/2022\/04\/2.jpg 387w, https:\/\/apaselda.es\/wp-content\/uploads\/2022\/04\/2-300x225.jpg 300w\" sizes=\"100vw\" \/>\t\t\t\t\t\t\t\t\t\t\t\t\t\t\t<\/div>\n\t\t\t\t<\/div>\n\t\t\t\t\t<\/div>\n\t\t<\/div>\n\t\t\t\t\t<\/div>\n\t\t<\/section>\n\t\t\t\t<section class=\"elementor-section elementor-top-section elementor-element elementor-element-d0990ce elementor-section-boxed elementor-section-height-default elementor-section-height-default\" data-id=\"d0990ce\" data-element_type=\"section\" data-e-type=\"section\">\n\t\t\t\t\t\t<div class=\"elementor-container elementor-column-gap-default\">\n\t\t\t\t\t<div class=\"elementor-column elementor-col-100 elementor-top-column elementor-element elementor-element-55494f9\" data-id=\"55494f9\" data-element_type=\"column\" data-e-type=\"column\">\n\t\t\t<div class=\"elementor-widget-wrap elementor-element-populated\">\n\t\t\t\t\t\t<div class=\"elementor-element elementor-element-e2c2c86 elementor-widget elementor-widget-image\" data-id=\"e2c2c86\" data-element_type=\"widget\" data-e-type=\"widget\" data-widget_type=\"image.default\">\n\t\t\t\t<div class=\"elementor-widget-container\">\n\t\t\t\t\t\t\t\t\t\t\t\t\t\t\t<img loading=\"lazy\" decoding=\"async\" width=\"277\" height=\"370\" src=\"https:\/\/apaselda.es\/wp-content\/uploads\/2022\/04\/3.jpg\" class=\"attachment-large size-large wp-image-2343\" alt=\"\" srcset=\"https:\/\/apaselda.es\/wp-content\/uploads\/2022\/04\/3.jpg 277w, https:\/\/apaselda.es\/wp-content\/uploads\/2022\/04\/3-225x300.jpg 225w\" sizes=\"100vw\" \/>\t\t\t\t\t\t\t\t\t\t\t\t\t\t\t<\/div>\n\t\t\t\t<\/div>\n\t\t\t\t<div class=\"elementor-element elementor-element-7f7b049 elementor-widget elementor-widget-image\" data-id=\"7f7b049\" data-element_type=\"widget\" data-e-type=\"widget\" data-widget_type=\"image.default\">\n\t\t\t\t<div class=\"elementor-widget-container\">\n\t\t\t\t\t\t\t\t\t\t\t\t\t\t\t<img loading=\"lazy\" decoding=\"async\" width=\"525\" height=\"394\" src=\"https:\/\/apaselda.es\/wp-content\/uploads\/2022\/04\/4.jpg\" class=\"attachment-large size-large wp-image-2344\" alt=\"\" srcset=\"https:\/\/apaselda.es\/wp-content\/uploads\/2022\/04\/4.jpg 567w, https:\/\/apaselda.es\/wp-content\/uploads\/2022\/04\/4-300x225.jpg 300w\" sizes=\"100vw\" \/>\t\t\t\t\t\t\t\t\t\t\t\t\t\t\t<\/div>\n\t\t\t\t<\/div>\n\t\t\t\t\t<\/div>\n\t\t<\/div>\n\t\t\t\t\t<\/div>\n\t\t<\/section>\n\t\t\t\t<section class=\"elementor-section elementor-top-section elementor-element elementor-element-04ef848 elementor-section-boxed elementor-section-height-default elementor-section-height-default\" data-id=\"04ef848\" data-element_type=\"section\" data-e-type=\"section\">\n\t\t\t\t\t\t<div class=\"elementor-container elementor-column-gap-default\">\n\t\t\t\t\t<div class=\"elementor-column elementor-col-100 elementor-top-column elementor-element elementor-element-d8d189c\" data-id=\"d8d189c\" data-element_type=\"column\" data-e-type=\"column\">\n\t\t\t<div class=\"elementor-widget-wrap elementor-element-populated\">\n\t\t\t\t\t\t<div class=\"elementor-element elementor-element-48b672e elementor-widget elementor-widget-text-editor\" data-id=\"48b672e\" data-element_type=\"widget\" data-e-type=\"widget\" data-widget_type=\"text-editor.default\">\n\t\t\t\t<div class=\"elementor-widget-container\">\n\t\t\t\t\t\t\t\t\t<p><strong><u>AMPA:<\/u><\/strong><\/p>\n<p><!-- \/wp:paragraph --><\/p>\n<p><!-- wp:paragraph --><\/p>\n<p><strong>Actividades peri\u00f3dicas realizadas por la asociaci\u00f3n:<\/strong> (tipo fiesta fin de curso,\u00a0 carnaval, etc)<\/p>\n<p><!-- \/wp:paragraph --><\/p>\n<p><!-- wp:list --><\/p>\n<ul>\n<li>Halloween<\/li>\n<li>Casta\u00f1era<\/li>\n<li>Visita paje Real<\/li>\n<li>Teatro Padres Navidad<\/li>\n<li>Visita Reyes Magos<\/li>\n<li>Carnaval<\/li>\n<li>Semana de las profesiones<\/li>\n<li>Semana del libro y Cuenta Cuentos<\/li>\n<li>Bomberos<\/li>\n<li>Granja<\/li>\n<li>Desfile de Moros y Cristianos<\/li>\n<li>Fiesta de los Hinchables<\/li>\n<li>Fiesta de Fin de Curso y Graduaci\u00f3n<\/li>\n<\/ul>\n<p><!-- \/wp:list --><\/p>\n<p><!-- wp:paragraph --><\/p>\n<div>\n<figure><img loading=\"lazy\" decoding=\"async\" src=\"http:\/\/apaselda.es\/wp-content\/uploads\/2020\/05\/logo-elda.jpg\" alt=\"\" width=\"332\" height=\"213\" \/><\/figure>\n<\/div>\n<p><!-- \/wp:image --><\/p>\n<p><!-- wp:paragraph --><\/p>\n<p><strong>Correo electr\u00f3nico:\u00a0<\/strong><a href=\"mailto:ampa.santainfancia@gmail.com\">ampa.santainfancia@gmail.com<\/a><\/p>\n<p><!-- \/wp:paragraph --><\/p>\n<p><!-- wp:gallery {\"ids\":[169]} --><\/p>\n<figure>\n<ul>\n<li>\n<figure><img decoding=\"async\" src=\"http:\/\/apaselda.es\/wp-content\/uploads\/2020\/05\/IMG_1498-1024x683.jpg\" alt=\"\" data-id=\"169\" data-full-url=\"http:\/\/apaselda.es\/wp-content\/uploads\/2020\/05\/IMG_1498-scaled.jpg\" data-link=\"http:\/\/apaselda.es\/?attachment_id=169\" \/><\/figure>\n<\/li>\n<\/ul>\n<\/figure>\n<p><!-- \/wp:gallery --><\/p>\n<p><!-- wp:gallery {\"ids\":[168,167]} --><\/p>\n<figure>\n<ul>\n<li>\n<figure><img decoding=\"async\" src=\"http:\/\/apaselda.es\/wp-content\/uploads\/2020\/05\/IMG_1127-1024x683.jpg\" alt=\"\" data-id=\"168\" data-full-url=\"http:\/\/apaselda.es\/wp-content\/uploads\/2020\/05\/IMG_1127-scaled.jpg\" data-link=\"http:\/\/apaselda.es\/?attachment_id=168\" \/><\/figure>\n<\/li>\n<li>\n<figure><img decoding=\"async\" src=\"http:\/\/apaselda.es\/wp-content\/uploads\/2020\/05\/IMG_0507-1024x683.jpg\" alt=\"\" data-id=\"167\" data-full-url=\"http:\/\/apaselda.es\/wp-content\/uploads\/2020\/05\/IMG_0507-scaled.jpg\" data-link=\"http:\/\/apaselda.es\/?attachment_id=167\" \/><\/figure>\n<\/li>\n<\/ul>\n<\/figure>\t\t\t\t\t\t\t\t<\/div>\n\t\t\t\t<\/div>\n\t\t\t\t\t<\/div>\n\t\t<\/div>\n\t\t\t\t\t<\/div>\n\t\t<\/section>\n\t\t\t\t<section class=\"elementor-section elementor-top-section elementor-element elementor-element-ab555bf elementor-section-boxed elementor-section-height-default elementor-section-height-default\" data-id=\"ab555bf\" data-element_type=\"section\" data-e-type=\"section\">\n\t\t\t\t\t\t<div class=\"elementor-container elementor-column-gap-default\">\n\t\t\t\t\t<div class=\"elementor-column elementor-col-100 elementor-top-column elementor-element elementor-element-fca21b9\" data-id=\"fca21b9\" data-element_type=\"column\" data-e-type=\"column\">\n\t\t\t<div class=\"elementor-widget-wrap elementor-element-populated\">\n\t\t\t\t\t\t<div class=\"elementor-element elementor-element-6a2b1d2 elementor-widget elementor-widget-wp-widget-media_video\" data-id=\"6a2b1d2\" data-element_type=\"widget\" data-e-type=\"widget\" data-widget_type=\"wp-widget-media_video.default\">\n\t\t\t\t<div class=\"elementor-widget-container\">\n\t\t\t\t\t<div style=\"width:100%;\" class=\"wp-video\"><video class=\"wp-video-shortcode\" id=\"video-2332-1\" preload=\"metadata\" controls=\"controls\"><source type=\"video\/mp4\" src=\"https:\/\/apaselda.es\/wp-content\/uploads\/2021\/06\/E.I-SANTA-INFANCIA-2021-2022_x264.mp4?_=1\" \/><source type=\"video\/mp4\" src=\"http:\/\/apaselda.es\/wp-content\/uploads\/2021\/06\/E.I-SANTA-INFANCIA-2021-2022_x264.mp4?_=1\" \/><a href=\"https:\/\/apaselda.es\/wp-content\/uploads\/2021\/06\/E.I-SANTA-INFANCIA-2021-2022_x264.mp4\">https:\/\/apaselda.es\/wp-content\/uploads\/2021\/06\/E.I-SANTA-INFANCIA-2021-2022_x264.mp4<\/a><\/video><\/div>\t\t\t\t<\/div>\n\t\t\t\t<\/div>\n\t\t\t\t\t<\/div>\n\t\t<\/div>\n\t\t\t\t\t<\/div>\n\t\t<\/section>\n\t\t\t\t<\/div>\n\t\t","protected":false},"excerpt":{"rendered":"<p>N\u00famero de l\u00edneas y niveles que se pueden cursar: 2 l\u00edneas y 2 niveles. El centro dispone de 4 aulas: dos aulas para ni\u00f1os\/as de 1 a\u00f1o y dos aulas para ni\u00f1os\/as de 2 a\u00f1os, para un total de 66 plazas disponibles. VIDEO PUERTAS ABIERTAS &nbsp; Se\u00f1as de identidad del cole: La escuela infantil \u201cSanta &hellip; <\/p>\n<p class=\"link-more\"><a href=\"https:\/\/apaselda.es\/?page_id=2332\" class=\"more-link\">Continuar leyendo<span class=\"screen-reader-text\"> &#8220;SANTA INFANCIA&#8221;<\/span><\/a><\/p>\n","protected":false},"author":1,"featured_media":0,"parent":0,"menu_order":0,"comment_status":"closed","ping_status":"closed","template":"","meta":{"footnotes":""},"class_list":["post-2332","page","type-page","status-publish","hentry"],"_links":{"self":[{"href":"https:\/\/apaselda.es\/index.php?rest_route=\/wp\/v2\/pages\/2332","targetHints":{"allow":["GET"]}}],"collection":[{"href":"https:\/\/apaselda.es\/index.php?rest_route=\/wp\/v2\/pages"}],"about":[{"href":"https:\/\/apaselda.es\/index.php?rest_route=\/wp\/v2\/types\/page"}],"author":[{"embeddable":true,"href":"https:\/\/apaselda.es\/index.php?rest_route=\/wp\/v2\/users\/1"}],"replies":[{"embeddable":true,"href":"https:\/\/apaselda.es\/index.php?rest_route=%2Fwp%2Fv2%2Fcomments&post=2332"}],"version-history":[{"count":11,"href":"https:\/\/apaselda.es\/index.php?rest_route=\/wp\/v2\/pages\/2332\/revisions"}],"predecessor-version":[{"id":2350,"href":"https:\/\/apaselda.es\/index.php?rest_route=\/wp\/v2\/pages\/2332\/revisions\/2350"}],"wp:attachment":[{"href":"https:\/\/apaselda.es\/index.php?rest_route=%2Fwp%2Fv2%2Fmedia&parent=2332"}],"curies":[{"name":"wp","href":"https:\/\/api.w.org\/{rel}","templated":true}]}}