{"id":210,"date":"2020-05-11T20:57:50","date_gmt":"2020-05-11T20:57:50","guid":{"rendered":"http:\/\/apaselda.es\/?page_id=210"},"modified":"2020-05-14T18:47:16","modified_gmt":"2020-05-14T18:47:16","slug":"cee-miguel-de-cervantes","status":"publish","type":"page","link":"https:\/\/apaselda.es\/?page_id=210","title":{"rendered":"CEE MIGUEL DE CERVANTES"},"content":{"rendered":"<div id=\"fb-root\"><\/div>\n\n<p>&#8211; N\u00famero de l\u00edneas y niveles que se pueden cursar: Nuestro alumnado abarca edades desde los 3 a los 24 a\u00f1os. Estamos organizados en base a las etapas propias del sistema educativo: Educaci\u00f3n Infantil, Educaci\u00f3n Primaria, Educaci\u00f3n Secundaria Obligatoria, Programa de Transici\u00f3n a la Vida Adulta y Programa de Formaci\u00f3n y Cualificaci\u00f3n B\u00e1sica para alumnado con Necesidades Educativas Especiales.<\/p>\n\n\n\n<p>&#8211; Se\u00f1as de identidad del cole<\/p>\n\n\n\n<p>El centro sigue una l\u00ednea que promueve el aprendizaje individualizado, significativo, funcional y real; y se le da mucha importancia a la autonom\u00eda (sobre todo en las etapas m\u00e1s avanzadas).<\/p>\n\n\n\n<p>\u2013 Aprendizaje a trav\u00e9s de entornos educativos como parte del Plan de actuaci\u00f3n para la mejora (PAM): aunque llevamos a\u00f1os trabajando a trav\u00e9s de entornos significativos, este curso hemos hecho una serie de adaptaciones para poder ofrecer al alumnado las actividades que m\u00e1s se adecuen a sus necesidades y a sus intereses. En el MC1, una tarde por semana, el alumnado se organiza por agrupamientos flexibles (independientemente de la etapa) y acuden a distintos espacios del centro para realizar: multiestimulaci\u00f3n, psicomotricidad, habilidaes sociales, estimulaci\u00f3n del lenguaje y manualidades. En el MC2 ocurre lo mismo 3 veces por semana, solo que a lo grande, porque son unos 90 alumnos\/as divididos en 9 entornos (yoga, radioblog, teatro, autonom\u00eda, multiestimulaci\u00f3n, musicoterapia, estimulaci\u00f3n del lenguaje, arteterapia y huerto). En estas actividades participan gran parte de los profesionales del centro.<\/p>\n\n\n\n<p>\u2013 <strong><u>Proyectos de fomento de la inclusi\u00f3n:<\/u><\/strong> el colegio promueve la visibilidad de nuestro colectivo y la inclusi\u00f3n a trav\u00e9s de diferentes actividades a lo largo del cursos escolar. En cuanto a deporte participamos en los actos municipales junto con otros centros ordinarios locales, tenemos proyectos de colaboraci\u00f3n con varios Institutos como el Valle de Elda o La Torreta, somos promotores del Colpbol en la zona, y participamos en la liga como \u00fanico colegio de educaci\u00f3n especial de la provincia. Hemos elaborado un pacto de colaboraci\u00f3n con nuestro vecino el CP Pintor Sorolla y, adem\u00e1s de acompa\u00f1arnos en actividades que organizamos, algunos de nuestros alumnos\/as del MC1 hacen educaci\u00f3n f\u00edsica en su centro y ellos\/as vienen a ayudarnos con nuestra actividad de Bar.<\/p>\n\n\n\n<p>&#8211; <strong><u>Proyecto de deporte actividad f\u00edsica y salud (PEAFS):<\/u><\/strong> hace dos cursos que el centro, a trav\u00e9s del equipo de educaci\u00f3n f\u00edsica elabora este proyecto que nos convierte en Centro Promotor de la actividad f\u00edsica y el deporte (CEPAFE). Consiste en asumir una serie de medidas que fomenten los h\u00e1bitos saludables y la actividad deportiva, algunas de ellas son: almuerzos saludables, patios activos, organizaci\u00f3n de jornadas deportivas (deporte adaptado, liga de Colpbol) piscina, actividades deportivas en el pabell\u00f3n municipal (tanto en el viejo Pepito Amat, como en el Florentino Ib\u00e1\u00f1ez)&#8230;<\/p>\n\n\n\n<p>\u2013 <strong><u>Tambi\u00e9n tenemos relaci\u00f3n con el SERVEF,<\/u><\/strong> y organizamos anualmente una visita con los m\u00e1s mayores del centro sobre orientaci\u00f3n laboral; basadas en esas entrevistas, el SERVEF les env\u00eda posibles cursos que pueden interesarles teniendo en cuenta sus caracter\u00edsticas y sus intereses.<\/p>\n\n\n\n<p>&#8211; Por \u00faltimo, estamos poniendo en marcha un programa de tertulias con familias a trav\u00e9s de la biblioteca del centro.<\/p>\n\n\n\n<p>&#8211; Direcciones de pagina web, blog, Facebook,\u2026<\/p>\n\n\n\n<p>Web: <a href=\"http:\/\/mestreacasa.gva.es\/web\/0301080600\">http:\/\/mestreacasa.gva.es\/web\/0301080600<\/a><\/p>\n\n\n\n<p>Blog: <a href=\"https:\/\/oyendoyriendo.blogspot.com\/?m=1\">https:\/\/oyendoyriendo.blogspot.com\/?m=1<\/a><\/p>\n\n\n\n<p>Facebook: CEE Miguel de Cervantes<\/p>\n\n\n\n<p>&#8211; Tel\u00e9fono: 966957675 &#8211; 965399715<\/p>\n\n\n\n<p>-Correo electr\u00f3nico: <a href=\"mailto:03010806@gva.es\">03010806@gva.es<\/a><\/p>\n\n\n\n<p>-Horario de atenci\u00f3n de secretar\u00eda y direcci\u00f3n:<\/p>\n\n\n\n<p>Lunes de 13:00 a 14:00 horas y Viernes de 14:30 a 16:00 horas.<\/p>\n\n\n\n<div class=\"wp-block-image\"><figure class=\"aligncenter size-large is-resized\"><img decoding=\"async\" src=\"http:\/\/apaselda.es\/wp-content\/uploads\/2020\/05\/GHYT.png\" alt=\"\" class=\"wp-image-213\" width=\"164\" height=\"186\" srcset=\"https:\/\/apaselda.es\/wp-content\/uploads\/2020\/05\/GHYT.png 372w, https:\/\/apaselda.es\/wp-content\/uploads\/2020\/05\/GHYT-263x300.png 263w\" sizes=\"(max-width: 164px) 100vw, 164px\" \/><\/figure><\/div>\n\n\n\n<p><strong><u>Instalaciones<\/u><\/strong><\/p>\n\n\n\n<p>Dos edificios diferenciados que separan al centro f\u00edsicamente de forma que en el edifico de Avenida de Ronda 114 est\u00e1n las etapas de infantil y primaria; y en el edificio de Partida del Negret S\/N est\u00e1n las etapas de Educaci\u00f3n Secundaria Obligatoria, Programa de Transici\u00f3n a la Vida Adulta y Programa de Formaci\u00f3n y Cualificaci\u00f3n B\u00e1sica para alumnado con Necesidades Educativas Especiales.<\/p>\n\n\n\n<ul class=\"wp-block-list\"><li>Comedor<\/li><li>Pistas deportivas y gimnasio<\/li><li>Sal\u00f3n de actos<\/li><li>Aula-hogar<\/li><li>Talleres de cer\u00e1mica y madera<\/li><li>Sala de inform\u00e1tica<\/li><li>Salas de estimulaci\u00f3n multisensorial<\/li><li>Biblioteca<\/li><li>Fisioterapia<\/li><li>Gabinetes de audici\u00f3n y lenguaje<\/li><li>Aula de musica<\/li><li>Huerto escolar<\/li><li>Servico de transporte escolar colectivo<\/li><\/ul>\n\n\n\n<figure class=\"wp-block-image size-large\"><img fetchpriority=\"high\" decoding=\"async\" width=\"569\" height=\"425\" src=\"http:\/\/apaselda.es\/wp-content\/uploads\/2020\/05\/JKI-1.png\" alt=\"\" class=\"wp-image-211\" srcset=\"https:\/\/apaselda.es\/wp-content\/uploads\/2020\/05\/JKI-1.png 569w, https:\/\/apaselda.es\/wp-content\/uploads\/2020\/05\/JKI-1-300x224.png 300w\" sizes=\"(max-width: 569px) 100vw, 569px\" \/><\/figure>\n\n\n\n<figure class=\"wp-block-image size-large\"><img decoding=\"async\" width=\"569\" height=\"425\" src=\"http:\/\/apaselda.es\/wp-content\/uploads\/2020\/05\/FGHJ.png\" alt=\"\" class=\"wp-image-212\" srcset=\"https:\/\/apaselda.es\/wp-content\/uploads\/2020\/05\/FGHJ.png 569w, https:\/\/apaselda.es\/wp-content\/uploads\/2020\/05\/FGHJ-300x224.png 300w\" sizes=\"(max-width: 569px) 100vw, 569px\" \/><\/figure>\n\n\n\n<p><strong><u>Actividades realizadas por el APA:<\/u><\/strong><\/p>\n\n\n\n<p>Desde nuestra asociaci\u00f3n y gracias al convenio con el Ayuntamiento de Elda, les ofrecemos a nuestros hijos 3 actuaciones al a\u00f1o de animaci\u00f3n a la lectura mediante sesiones teatralizadas.<\/p>\n\n\n\n<p>En navidad los Reyes Magos vienen al colegio y dan a cada alumnos su regalo, este a\u00f1o han sido dos: un paraguas personalizado con el nombre de cada ni\u00f1o y una camiseta t\u00e9cnica para dar una se\u00f1a de identidad e uniformar a nuestros hijos y profesionales.<\/p>\n\n\n\n<p>El mismo d\u00eda, despu\u00e9s de comer, tambi\u00e9n les ofrecimos un concierto de navidad gracias al altruismo y generosidad de la orquesta de guitarras Iberian Folk Ensemble.<\/p>\n\n\n\n<p>Nos encargamos de repartir y gestionar la loter\u00eda de Navidad entre todos los que nos lo solicitan.<\/p>\n\n\n\n<p>Una semana despu\u00e9s de la finalizaci\u00f3n de las clases en junio, celebramos nuestra fiesta de fin de curso en el Cervantes 2 con hinchables,&nbsp; actuaci\u00f3n de Doctor Clown, animaci\u00f3n musical y barra con variedad de de productos.<\/p>\n\n\n\n<p><strong><u>Actividades extraescolares:<\/u><\/strong><\/p>\n\n\n\n<p>Estamos en conversaciones con el ayuntamiento de nuestra ciudad para organizar musicoterapia una vez por semana a partir del pr\u00f3ximo curso.<\/p>\n\n\n\n<p>No tenemos servicio matinal ya que nuestro colegio es comarcal y acuden usuarios de hasta 9 poblaciones, muchos de nuestros chicos, sobretodo los que viven en poblaciones m\u00e1s lejanas, que cogen el bus escolar muy temprano.<\/p>\n\n\n\n<ul class=\"wp-block-list\"><li><strong>P\u00e1gina Facebook: SOS Miguel de Cervantes<\/strong><\/li><li><strong>Correo electr\u00f3nico: <a href=\"mailto:apamigueldecervantes2222@gmail.com\">apamigueldecervantes2222@gmail.com<\/a><\/strong><\/li><\/ul>\n\n\n\n<figure class=\"wp-block-gallery columns-2 is-cropped wp-block-gallery-1 is-layout-flex wp-block-gallery-is-layout-flex\"><ul class=\"blocks-gallery-grid\"><li class=\"blocks-gallery-item\"><figure><img loading=\"lazy\" decoding=\"async\" width=\"1024\" height=\"768\" src=\"http:\/\/apaselda.es\/wp-content\/uploads\/2020\/05\/20191220_142318-1024x768.jpg\" alt=\"\" data-id=\"214\" data-full-url=\"http:\/\/apaselda.es\/wp-content\/uploads\/2020\/05\/20191220_142318-scaled.jpg\" data-link=\"http:\/\/apaselda.es\/?attachment_id=214\" class=\"wp-image-214\" srcset=\"https:\/\/apaselda.es\/wp-content\/uploads\/2020\/05\/20191220_142318-1024x768.jpg 1024w, https:\/\/apaselda.es\/wp-content\/uploads\/2020\/05\/20191220_142318-300x225.jpg 300w, https:\/\/apaselda.es\/wp-content\/uploads\/2020\/05\/20191220_142318-768x576.jpg 768w, https:\/\/apaselda.es\/wp-content\/uploads\/2020\/05\/20191220_142318-1536x1152.jpg 1536w, https:\/\/apaselda.es\/wp-content\/uploads\/2020\/05\/20191220_142318-2048x1536.jpg 2048w\" sizes=\"(max-width: 767px) 89vw, (max-width: 1000px) 54vw, (max-width: 1071px) 543px, 580px\" \/><\/figure><\/li><li class=\"blocks-gallery-item\"><figure><img loading=\"lazy\" decoding=\"async\" width=\"1024\" height=\"768\" src=\"http:\/\/apaselda.es\/wp-content\/uploads\/2020\/05\/20200301_112656-1024x768.jpg\" alt=\"\" data-id=\"215\" data-full-url=\"http:\/\/apaselda.es\/wp-content\/uploads\/2020\/05\/20200301_112656-scaled.jpg\" data-link=\"http:\/\/apaselda.es\/?attachment_id=215\" class=\"wp-image-215\" srcset=\"https:\/\/apaselda.es\/wp-content\/uploads\/2020\/05\/20200301_112656-1024x768.jpg 1024w, https:\/\/apaselda.es\/wp-content\/uploads\/2020\/05\/20200301_112656-300x225.jpg 300w, https:\/\/apaselda.es\/wp-content\/uploads\/2020\/05\/20200301_112656-768x576.jpg 768w, https:\/\/apaselda.es\/wp-content\/uploads\/2020\/05\/20200301_112656-1536x1152.jpg 1536w, https:\/\/apaselda.es\/wp-content\/uploads\/2020\/05\/20200301_112656-2048x1536.jpg 2048w\" sizes=\"(max-width: 767px) 89vw, (max-width: 1000px) 54vw, (max-width: 1071px) 543px, 580px\" \/><\/figure><\/li><\/ul><\/figure>\n\n\n\n<figure class=\"wp-block-gallery columns-2 is-cropped wp-block-gallery-2 is-layout-flex wp-block-gallery-is-layout-flex\"><ul class=\"blocks-gallery-grid\"><li class=\"blocks-gallery-item\"><figure><img loading=\"lazy\" decoding=\"async\" width=\"1024\" height=\"768\" src=\"http:\/\/apaselda.es\/wp-content\/uploads\/2020\/05\/20200304_125656-1024x768.jpg\" alt=\"\" data-id=\"216\" data-full-url=\"http:\/\/apaselda.es\/wp-content\/uploads\/2020\/05\/20200304_125656-scaled.jpg\" data-link=\"http:\/\/apaselda.es\/?attachment_id=216\" class=\"wp-image-216\" srcset=\"https:\/\/apaselda.es\/wp-content\/uploads\/2020\/05\/20200304_125656-1024x768.jpg 1024w, https:\/\/apaselda.es\/wp-content\/uploads\/2020\/05\/20200304_125656-300x225.jpg 300w, https:\/\/apaselda.es\/wp-content\/uploads\/2020\/05\/20200304_125656-768x576.jpg 768w, https:\/\/apaselda.es\/wp-content\/uploads\/2020\/05\/20200304_125656-1536x1152.jpg 1536w, https:\/\/apaselda.es\/wp-content\/uploads\/2020\/05\/20200304_125656-2048x1536.jpg 2048w\" sizes=\"(max-width: 767px) 89vw, (max-width: 1000px) 54vw, (max-width: 1071px) 543px, 580px\" \/><\/figure><\/li><li class=\"blocks-gallery-item\"><figure><img loading=\"lazy\" decoding=\"async\" width=\"1024\" height=\"768\" src=\"http:\/\/apaselda.es\/wp-content\/uploads\/2020\/05\/20200308_181057-1024x768.jpg\" alt=\"\" data-id=\"217\" data-full-url=\"http:\/\/apaselda.es\/wp-content\/uploads\/2020\/05\/20200308_181057-scaled.jpg\" data-link=\"http:\/\/apaselda.es\/?attachment_id=217\" class=\"wp-image-217\" srcset=\"https:\/\/apaselda.es\/wp-content\/uploads\/2020\/05\/20200308_181057-1024x768.jpg 1024w, https:\/\/apaselda.es\/wp-content\/uploads\/2020\/05\/20200308_181057-300x225.jpg 300w, https:\/\/apaselda.es\/wp-content\/uploads\/2020\/05\/20200308_181057-768x576.jpg 768w, https:\/\/apaselda.es\/wp-content\/uploads\/2020\/05\/20200308_181057-1536x1152.jpg 1536w, https:\/\/apaselda.es\/wp-content\/uploads\/2020\/05\/20200308_181057-2048x1536.jpg 2048w\" sizes=\"(max-width: 767px) 89vw, (max-width: 1000px) 54vw, (max-width: 1071px) 543px, 580px\" \/><\/figure><\/li><\/ul><\/figure>\n","protected":false},"excerpt":{"rendered":"<p>&#8211; N\u00famero de l\u00edneas y niveles que se pueden cursar: Nuestro alumnado abarca edades desde los 3 a los 24 a\u00f1os. Estamos organizados en base a las etapas propias del sistema educativo: Educaci\u00f3n Infantil, Educaci\u00f3n Primaria, Educaci\u00f3n Secundaria Obligatoria, Programa de Transici\u00f3n a la Vida Adulta y Programa de Formaci\u00f3n y Cualificaci\u00f3n B\u00e1sica para alumnado &hellip; <\/p>\n<p class=\"link-more\"><a href=\"https:\/\/apaselda.es\/?page_id=210\" class=\"more-link\">Continuar leyendo<span class=\"screen-reader-text\"> &#8220;CEE MIGUEL DE CERVANTES&#8221;<\/span><\/a><\/p>\n","protected":false},"author":1,"featured_media":0,"parent":0,"menu_order":0,"comment_status":"closed","ping_status":"closed","template":"","meta":{"footnotes":""},"class_list":["post-210","page","type-page","status-publish","hentry"],"_links":{"self":[{"href":"https:\/\/apaselda.es\/index.php?rest_route=\/wp\/v2\/pages\/210","targetHints":{"allow":["GET"]}}],"collection":[{"href":"https:\/\/apaselda.es\/index.php?rest_route=\/wp\/v2\/pages"}],"about":[{"href":"https:\/\/apaselda.es\/index.php?rest_route=\/wp\/v2\/types\/page"}],"author":[{"embeddable":true,"href":"https:\/\/apaselda.es\/index.php?rest_route=\/wp\/v2\/users\/1"}],"replies":[{"embeddable":true,"href":"https:\/\/apaselda.es\/index.php?rest_route=%2Fwp%2Fv2%2Fcomments&post=210"}],"version-history":[{"count":3,"href":"https:\/\/apaselda.es\/index.php?rest_route=\/wp\/v2\/pages\/210\/revisions"}],"predecessor-version":[{"id":646,"href":"https:\/\/apaselda.es\/index.php?rest_route=\/wp\/v2\/pages\/210\/revisions\/646"}],"wp:attachment":[{"href":"https:\/\/apaselda.es\/index.php?rest_route=%2Fwp%2Fv2%2Fmedia&parent=210"}],"curies":[{"name":"wp","href":"https:\/\/api.w.org\/{rel}","templated":true}]}}