{"id":2095,"date":"2021-10-18T20:20:54","date_gmt":"2021-10-18T20:20:54","guid":{"rendered":"https:\/\/apaselda.es\/?page_id=2095"},"modified":"2021-10-18T20:36:47","modified_gmt":"2021-10-18T20:36:47","slug":"consejos-escolares-2021","status":"publish","type":"page","link":"https:\/\/apaselda.es\/?page_id=2095","title":{"rendered":"CONSEJOS ESCOLARES 2021"},"content":{"rendered":"<div id=\"fb-root\"><\/div>\n\t\t<div data-elementor-type=\"wp-page\" data-elementor-id=\"2095\" class=\"elementor elementor-2095\">\n\t\t\t\t\t\t<section class=\"elementor-section elementor-top-section elementor-element elementor-element-c81fdaf elementor-section-boxed elementor-section-height-default elementor-section-height-default\" data-id=\"c81fdaf\" data-element_type=\"section\" data-e-type=\"section\">\n\t\t\t\t\t\t<div class=\"elementor-container elementor-column-gap-default\">\n\t\t\t\t\t<div class=\"elementor-column elementor-col-100 elementor-top-column elementor-element elementor-element-8bfc8ab\" data-id=\"8bfc8ab\" data-element_type=\"column\" data-e-type=\"column\">\n\t\t\t<div class=\"elementor-widget-wrap elementor-element-populated\">\n\t\t\t\t\t\t<div class=\"elementor-element elementor-element-3b06dcf elementor-widget elementor-widget-image\" data-id=\"3b06dcf\" data-element_type=\"widget\" data-e-type=\"widget\" data-widget_type=\"image.default\">\n\t\t\t\t<div class=\"elementor-widget-container\">\n\t\t\t\t\t\t\t\t\t\t\t\t\t\t\t<img fetchpriority=\"high\" decoding=\"async\" width=\"740\" height=\"141\" src=\"https:\/\/apaselda.es\/wp-content\/uploads\/2021\/10\/WhatsApp-Image-2021-10-18-at-22.28.50-1024x195.jpeg\" class=\"attachment-large size-large wp-image-2104\" alt=\"\" srcset=\"https:\/\/apaselda.es\/wp-content\/uploads\/2021\/10\/WhatsApp-Image-2021-10-18-at-22.28.50-1024x195.jpeg 1024w, https:\/\/apaselda.es\/wp-content\/uploads\/2021\/10\/WhatsApp-Image-2021-10-18-at-22.28.50-300x57.jpeg 300w, https:\/\/apaselda.es\/wp-content\/uploads\/2021\/10\/WhatsApp-Image-2021-10-18-at-22.28.50-768x146.jpeg 768w, https:\/\/apaselda.es\/wp-content\/uploads\/2021\/10\/WhatsApp-Image-2021-10-18-at-22.28.50.jpeg 1101w\" sizes=\"100vw\" \/>\t\t\t\t\t\t\t\t\t\t\t\t\t\t\t<\/div>\n\t\t\t\t<\/div>\n\t\t\t\t\t<\/div>\n\t\t<\/div>\n\t\t\t\t\t<\/div>\n\t\t<\/section>\n\t\t\t\t<section class=\"elementor-section elementor-top-section elementor-element elementor-element-a37d98d elementor-section-boxed elementor-section-height-default elementor-section-height-default\" data-id=\"a37d98d\" data-element_type=\"section\" data-e-type=\"section\">\n\t\t\t\t\t\t<div class=\"elementor-container elementor-column-gap-default\">\n\t\t\t\t\t<div class=\"elementor-column elementor-col-100 elementor-top-column elementor-element elementor-element-ca0487c\" data-id=\"ca0487c\" data-element_type=\"column\" data-e-type=\"column\">\n\t\t\t<div class=\"elementor-widget-wrap\">\n\t\t\t\t\t\t\t<\/div>\n\t\t<\/div>\n\t\t\t\t\t<\/div>\n\t\t<\/section>\n\t\t\t\t<section class=\"elementor-section elementor-top-section elementor-element elementor-element-1944706 elementor-section-boxed elementor-section-height-default elementor-section-height-default\" data-id=\"1944706\" data-element_type=\"section\" data-e-type=\"section\">\n\t\t\t\t\t\t<div class=\"elementor-container elementor-column-gap-default\">\n\t\t\t\t\t<div class=\"elementor-column elementor-col-100 elementor-top-column elementor-element elementor-element-8927a57\" data-id=\"8927a57\" data-element_type=\"column\" data-e-type=\"column\">\n\t\t\t<div class=\"elementor-widget-wrap elementor-element-populated\">\n\t\t\t\t\t\t<div class=\"elementor-element elementor-element-79d157d elementor-widget elementor-widget-text-editor\" data-id=\"79d157d\" data-element_type=\"widget\" data-e-type=\"widget\" data-widget_type=\"text-editor.default\">\n\t\t\t\t<div class=\"elementor-widget-container\">\n\t\t\t\t\t\t\t\t\t<p><strong>Resoluci\u00f3n de 4 de octubre de 2021, de la Direcci\u00f3n General de Innovaci\u00f3n Educativa y Ordenaci\u00f3n, sobre la convocatoria de elecciones a consejos escolares de centros docentes no universitarios de la Comunitat Valenciana, sostenidos con fondos p\u00fablicos, a\u00f1o 2021.<\/strong><\/p>\t\t\t\t\t\t\t\t<\/div>\n\t\t\t\t<\/div>\n\t\t\t\t\t<\/div>\n\t\t<\/div>\n\t\t\t\t\t<\/div>\n\t\t<\/section>\n\t\t\t\t<section class=\"elementor-section elementor-top-section elementor-element elementor-element-78da66e elementor-section-boxed elementor-section-height-default elementor-section-height-default\" data-id=\"78da66e\" data-element_type=\"section\" data-e-type=\"section\">\n\t\t\t\t\t\t<div class=\"elementor-container elementor-column-gap-default\">\n\t\t\t\t\t<div class=\"elementor-column elementor-col-100 elementor-top-column elementor-element elementor-element-1b970a6\" data-id=\"1b970a6\" data-element_type=\"column\" data-e-type=\"column\">\n\t\t\t<div class=\"elementor-widget-wrap elementor-element-populated\">\n\t\t\t\t\t\t<div class=\"elementor-element elementor-element-1cffce8 elementor-widget elementor-widget-image\" data-id=\"1cffce8\" data-element_type=\"widget\" data-e-type=\"widget\" data-widget_type=\"image.default\">\n\t\t\t\t<div class=\"elementor-widget-container\">\n\t\t\t\t\t\t\t\t\t\t\t\t\t\t\t<img decoding=\"async\" width=\"724\" height=\"1024\" src=\"https:\/\/apaselda.es\/wp-content\/uploads\/2021\/10\/WhatsApp-Image-2021-10-18-at-22.16.28-724x1024.jpeg\" class=\"attachment-large size-large wp-image-2096\" alt=\"\" srcset=\"https:\/\/apaselda.es\/wp-content\/uploads\/2021\/10\/WhatsApp-Image-2021-10-18-at-22.16.28-724x1024.jpeg 724w, https:\/\/apaselda.es\/wp-content\/uploads\/2021\/10\/WhatsApp-Image-2021-10-18-at-22.16.28-212x300.jpeg 212w, https:\/\/apaselda.es\/wp-content\/uploads\/2021\/10\/WhatsApp-Image-2021-10-18-at-22.16.28-768x1086.jpeg 768w, https:\/\/apaselda.es\/wp-content\/uploads\/2021\/10\/WhatsApp-Image-2021-10-18-at-22.16.28-1086x1536.jpeg 1086w, https:\/\/apaselda.es\/wp-content\/uploads\/2021\/10\/WhatsApp-Image-2021-10-18-at-22.16.28.jpeg 1131w\" sizes=\"100vw\" \/>\t\t\t\t\t\t\t\t\t\t\t\t\t\t\t<\/div>\n\t\t\t\t<\/div>\n\t\t\t\t\t<\/div>\n\t\t<\/div>\n\t\t\t\t\t<\/div>\n\t\t<\/section>\n\t\t\t\t<section class=\"elementor-section elementor-top-section elementor-element elementor-element-6719ea5 elementor-section-boxed elementor-section-height-default elementor-section-height-default\" data-id=\"6719ea5\" data-element_type=\"section\" data-e-type=\"section\">\n\t\t\t\t\t\t<div class=\"elementor-container elementor-column-gap-default\">\n\t\t\t\t\t<div class=\"elementor-column elementor-col-100 elementor-top-column elementor-element elementor-element-3c9d406\" data-id=\"3c9d406\" data-element_type=\"column\" data-e-type=\"column\">\n\t\t\t<div class=\"elementor-widget-wrap elementor-element-populated\">\n\t\t\t\t\t\t<div class=\"elementor-element elementor-element-ec83c31 elementor-widget elementor-widget-image\" data-id=\"ec83c31\" data-element_type=\"widget\" data-e-type=\"widget\" data-widget_type=\"image.default\">\n\t\t\t\t<div class=\"elementor-widget-container\">\n\t\t\t\t\t\t\t\t\t\t\t\t\t\t\t<img decoding=\"async\" width=\"724\" height=\"1024\" src=\"https:\/\/apaselda.es\/wp-content\/uploads\/2021\/10\/WhatsApp-Image-2021-10-18-at-22.16.27-724x1024.jpeg\" class=\"attachment-large size-large wp-image-2099\" alt=\"\" srcset=\"https:\/\/apaselda.es\/wp-content\/uploads\/2021\/10\/WhatsApp-Image-2021-10-18-at-22.16.27-724x1024.jpeg 724w, https:\/\/apaselda.es\/wp-content\/uploads\/2021\/10\/WhatsApp-Image-2021-10-18-at-22.16.27-212x300.jpeg 212w, https:\/\/apaselda.es\/wp-content\/uploads\/2021\/10\/WhatsApp-Image-2021-10-18-at-22.16.27-768x1086.jpeg 768w, https:\/\/apaselda.es\/wp-content\/uploads\/2021\/10\/WhatsApp-Image-2021-10-18-at-22.16.27-1086x1536.jpeg 1086w, https:\/\/apaselda.es\/wp-content\/uploads\/2021\/10\/WhatsApp-Image-2021-10-18-at-22.16.27.jpeg 1131w\" sizes=\"100vw\" \/>\t\t\t\t\t\t\t\t\t\t\t\t\t\t\t<\/div>\n\t\t\t\t<\/div>\n\t\t\t\t\t<\/div>\n\t\t<\/div>\n\t\t\t\t\t<\/div>\n\t\t<\/section>\n\t\t\t\t<section class=\"elementor-section elementor-top-section elementor-element elementor-element-f3efb11 elementor-section-boxed elementor-section-height-default elementor-section-height-default\" data-id=\"f3efb11\" data-element_type=\"section\" data-e-type=\"section\">\n\t\t\t\t\t\t<div class=\"elementor-container elementor-column-gap-default\">\n\t\t\t\t\t<div class=\"elementor-column elementor-col-100 elementor-top-column elementor-element elementor-element-90fa0fb\" data-id=\"90fa0fb\" data-element_type=\"column\" data-e-type=\"column\">\n\t\t\t<div class=\"elementor-widget-wrap elementor-element-populated\">\n\t\t\t\t\t\t<div class=\"elementor-element elementor-element-35ef680 elementor-button-info elementor-align-center elementor-widget elementor-widget-button\" data-id=\"35ef680\" data-element_type=\"widget\" data-e-type=\"widget\" data-widget_type=\"button.default\">\n\t\t\t\t<div class=\"elementor-widget-container\">\n\t\t\t\t\t\t\t\t\t<div class=\"elementor-button-wrapper\">\n\t\t\t\t\t<a class=\"elementor-button elementor-button-link elementor-size-sm\" href=\"https:\/\/ceice.gva.es\/es\/web\/madres-padres-alumnos\/eleccions-centres\">\n\t\t\t\t\t\t<span class=\"elementor-button-content-wrapper\">\n\t\t\t\t\t\t<span class=\"elementor-button-icon\">\n\t\t\t\t<i aria-hidden=\"true\" class=\"far fa-comment\"><\/i>\t\t\t<\/span>\n\t\t\t\t\t\t\t\t\t<span class=\"elementor-button-text\">RESOLUCI\u00d3N<\/span>\n\t\t\t\t\t<\/span>\n\t\t\t\t\t<\/a>\n\t\t\t\t<\/div>\n\t\t\t\t\t\t\t\t<\/div>\n\t\t\t\t<\/div>\n\t\t\t\t\t<\/div>\n\t\t<\/div>\n\t\t\t\t\t<\/div>\n\t\t<\/section>\n\t\t\t\t<\/div>\n\t\t","protected":false},"excerpt":{"rendered":"<p>Resoluci\u00f3n de 4 de octubre de 2021, de la Direcci\u00f3n General de Innovaci\u00f3n Educativa y Ordenaci\u00f3n, sobre la convocatoria de elecciones a consejos escolares de centros docentes no universitarios de la Comunitat Valenciana, sostenidos con fondos p\u00fablicos, a\u00f1o 2021. RESOLUCI\u00d3N<\/p>\n","protected":false},"author":1,"featured_media":0,"parent":0,"menu_order":0,"comment_status":"closed","ping_status":"closed","template":"","meta":{"footnotes":""},"class_list":["post-2095","page","type-page","status-publish","hentry"],"_links":{"self":[{"href":"https:\/\/apaselda.es\/index.php?rest_route=\/wp\/v2\/pages\/2095","targetHints":{"allow":["GET"]}}],"collection":[{"href":"https:\/\/apaselda.es\/index.php?rest_route=\/wp\/v2\/pages"}],"about":[{"href":"https:\/\/apaselda.es\/index.php?rest_route=\/wp\/v2\/types\/page"}],"author":[{"embeddable":true,"href":"https:\/\/apaselda.es\/index.php?rest_route=\/wp\/v2\/users\/1"}],"replies":[{"embeddable":true,"href":"https:\/\/apaselda.es\/index.php?rest_route=%2Fwp%2Fv2%2Fcomments&post=2095"}],"version-history":[{"count":15,"href":"https:\/\/apaselda.es\/index.php?rest_route=\/wp\/v2\/pages\/2095\/revisions"}],"predecessor-version":[{"id":2117,"href":"https:\/\/apaselda.es\/index.php?rest_route=\/wp\/v2\/pages\/2095\/revisions\/2117"}],"wp:attachment":[{"href":"https:\/\/apaselda.es\/index.php?rest_route=%2Fwp%2Fv2%2Fmedia&parent=2095"}],"curies":[{"name":"wp","href":"https:\/\/api.w.org\/{rel}","templated":true}]}}