{"id":2026,"date":"2021-09-23T07:42:27","date_gmt":"2021-09-23T07:42:27","guid":{"rendered":"https:\/\/apaselda.es\/?page_id=2026"},"modified":"2024-09-22T17:03:45","modified_gmt":"2024-09-22T17:03:45","slug":"belleza-y-estetica","status":"publish","type":"page","link":"https:\/\/apaselda.es\/?page_id=2026","title":{"rendered":"BELLEZA Y EST\u00c9TICA"},"content":{"rendered":"<div id=\"fb-root\"><\/div>\n\t\t<div data-elementor-type=\"wp-page\" data-elementor-id=\"2026\" class=\"elementor elementor-2026\">\n\t\t\t\t\t\t<section class=\"elementor-section elementor-top-section elementor-element elementor-element-b97ecdb elementor-section-boxed elementor-section-height-default elementor-section-height-default\" data-id=\"b97ecdb\" data-element_type=\"section\" data-e-type=\"section\">\n\t\t\t\t\t\t<div class=\"elementor-container elementor-column-gap-default\">\n\t\t\t\t\t<div class=\"elementor-column elementor-col-33 elementor-top-column elementor-element elementor-element-edca175\" data-id=\"edca175\" data-element_type=\"column\" data-e-type=\"column\">\n\t\t\t<div class=\"elementor-widget-wrap elementor-element-populated\">\n\t\t\t\t\t\t<div class=\"elementor-element elementor-element-89f64fb elementor-widget elementor-widget-image\" data-id=\"89f64fb\" data-element_type=\"widget\" data-e-type=\"widget\" data-widget_type=\"image.default\">\n\t\t\t\t<div class=\"elementor-widget-container\">\n\t\t\t\t\t\t\t\t\t\t\t\t\t\t\t<img fetchpriority=\"high\" decoding=\"async\" width=\"289\" height=\"278\" src=\"https:\/\/apaselda.es\/wp-content\/uploads\/2021\/09\/marya-nails-m4074529.jpg\" class=\"attachment-large size-large wp-image-1398\" alt=\"\" sizes=\"100vw\" \/>\t\t\t\t\t\t\t\t\t\t\t\t\t\t\t<\/div>\n\t\t\t\t<\/div>\n\t\t\t\t\t<\/div>\n\t\t<\/div>\n\t\t\t\t<div class=\"elementor-column elementor-col-66 elementor-top-column elementor-element elementor-element-cc410d5\" data-id=\"cc410d5\" data-element_type=\"column\" data-e-type=\"column\">\n\t\t\t<div class=\"elementor-widget-wrap elementor-element-populated\">\n\t\t\t\t\t\t<div class=\"elementor-element elementor-element-972199a elementor-widget elementor-widget-text-editor\" data-id=\"972199a\" data-element_type=\"widget\" data-e-type=\"widget\" data-widget_type=\"text-editor.default\">\n\t\t\t\t<div class=\"elementor-widget-container\">\n\t\t\t\t\t\t\t\t\t<h4 data-v-be53585e=\"\">Marya Nails<\/h4><p>Facebook:\u00a0 \u00a0 \u00a0 \u00a0 \u00a0 \u00a0 \u00a0 \u00a0 \u00a0 \u00a0 \u00a0 <a href=\"https:\/\/es-es.facebook.com\/pages\/category\/Beauty--Cosmetic---Personal-Care\/MARYA-NAILS-140454929393392\/\">MARYA NAILS<\/a><\/p><p>Instagram: \u00a0\u00a0 \u00a0\u00a0 \u00a0\u00a0 \u00a0\u00a0 \u00a0\u00a0 \u00a0\u00a0 \u00a0\u00a0 \u00a0\u00a0 \u00a0\u00a0<a href=\"https:\/\/www.instagram.com\/maryanails\/?hl=es\">maryanails<\/a><\/p><p><strong>Tel\u00e9fono:\u00a0 \u00a0 \u00a0 \u00a0 \u00a0 \u00a0 \u00a0 \u00a0 \u00a0 \u00a0 \u00a0 \u00a0 \u00a0 661280477<\/strong><\/p><p><strong>Direcci\u00f3n:\u00a0 \u00a0 \u00a0 \u00a0 \u00a0 \u00a0 \u00a0 \u00a0 \u00a0 \u00a0 \u00a0 \u00a0 \u00a0 \u00a0 \u00a0 \u00a0 \u00a0 \u00a0 \u00a0 \u00a0 \u00a0 \u00a0 \u00a0 \u00a0 \u00a0 Calle Manuel Maestre n\u00ba 31<\/strong><\/p>\t\t\t\t\t\t\t\t<\/div>\n\t\t\t\t<\/div>\n\t\t\t\t\t<\/div>\n\t\t<\/div>\n\t\t\t\t\t<\/div>\n\t\t<\/section>\n\t\t\t\t<section class=\"elementor-section elementor-top-section elementor-element elementor-element-dcb9c24 elementor-section-boxed elementor-section-height-default elementor-section-height-default\" data-id=\"dcb9c24\" data-element_type=\"section\" data-e-type=\"section\">\n\t\t\t\t\t\t<div class=\"elementor-container elementor-column-gap-default\">\n\t\t\t\t\t<div class=\"elementor-column elementor-col-100 elementor-top-column elementor-element elementor-element-db21c4d\" data-id=\"db21c4d\" data-element_type=\"column\" data-e-type=\"column\">\n\t\t\t<div class=\"elementor-widget-wrap elementor-element-populated\">\n\t\t\t\t\t\t<div class=\"elementor-element elementor-element-ecf49dd elementor-widget elementor-widget-text-editor\" data-id=\"ecf49dd\" data-element_type=\"widget\" data-e-type=\"widget\" data-widget_type=\"text-editor.default\">\n\t\t\t\t<div class=\"elementor-widget-container\">\n\t\t\t\t\t\t\t\t\t<p><strong><span style=\"color: #ff0000;\">Descuento:\u00a0<\/span><\/strong><\/p><p>15% en tratamientos corporales y 15% en tratamientos faciales<\/p>\t\t\t\t\t\t\t\t<\/div>\n\t\t\t\t<\/div>\n\t\t\t\t\t<\/div>\n\t\t<\/div>\n\t\t\t\t\t<\/div>\n\t\t<\/section>\n\t\t\t\t<section class=\"elementor-section elementor-top-section elementor-element elementor-element-f60d510 elementor-section-boxed elementor-section-height-default elementor-section-height-default\" data-id=\"f60d510\" data-element_type=\"section\" data-e-type=\"section\">\n\t\t\t\t\t\t<div class=\"elementor-container elementor-column-gap-default\">\n\t\t\t\t\t<div class=\"elementor-column elementor-col-100 elementor-top-column elementor-element elementor-element-ed8e9b0\" data-id=\"ed8e9b0\" data-element_type=\"column\" data-e-type=\"column\">\n\t\t\t<div class=\"elementor-widget-wrap elementor-element-populated\">\n\t\t\t\t\t\t<div class=\"elementor-element elementor-element-82bce13 elementor-widget elementor-widget-text-editor\" data-id=\"82bce13\" data-element_type=\"widget\" data-e-type=\"widget\" data-widget_type=\"text-editor.default\">\n\t\t\t\t<div class=\"elementor-widget-container\">\n\t\t\t\t\t\t\t\t\t<p><span style=\"color: #ff0000;\"><strong>Condiciones:<\/strong><\/span><\/p><p>Se excluyen los servicios de pesta\u00f1as, pedicura, manicura y depilaci\u00f3n<\/p>\t\t\t\t\t\t\t\t<\/div>\n\t\t\t\t<\/div>\n\t\t\t\t\t<\/div>\n\t\t<\/div>\n\t\t\t\t\t<\/div>\n\t\t<\/section>\n\t\t\t\t<section class=\"elementor-section elementor-top-section elementor-element elementor-element-c67ab24 elementor-section-boxed elementor-section-height-default elementor-section-height-default\" data-id=\"c67ab24\" data-element_type=\"section\" data-e-type=\"section\">\n\t\t\t\t\t\t<div class=\"elementor-container elementor-column-gap-default\">\n\t\t\t\t\t<div class=\"elementor-column elementor-col-33 elementor-top-column elementor-element elementor-element-90d06f7\" data-id=\"90d06f7\" data-element_type=\"column\" data-e-type=\"column\">\n\t\t\t<div class=\"elementor-widget-wrap elementor-element-populated\">\n\t\t\t\t\t\t<div class=\"elementor-element elementor-element-ba2527d elementor-widget elementor-widget-image\" data-id=\"ba2527d\" data-element_type=\"widget\" data-e-type=\"widget\" data-widget_type=\"image.default\">\n\t\t\t\t<div class=\"elementor-widget-container\">\n\t\t\t\t\t\t\t\t\t\t\t\t\t\t\t<img decoding=\"async\" width=\"525\" height=\"526\" src=\"https:\/\/apaselda.es\/wp-content\/uploads\/2022\/09\/rosa-maria-alpanes-ortin-1022x1024.jpeg\" class=\"attachment-large size-large wp-image-2734\" alt=\"\" srcset=\"https:\/\/apaselda.es\/wp-content\/uploads\/2022\/09\/rosa-maria-alpanes-ortin-1022x1024.jpeg 1022w, https:\/\/apaselda.es\/wp-content\/uploads\/2022\/09\/rosa-maria-alpanes-ortin-300x300.jpeg 300w, https:\/\/apaselda.es\/wp-content\/uploads\/2022\/09\/rosa-maria-alpanes-ortin-150x150.jpeg 150w, https:\/\/apaselda.es\/wp-content\/uploads\/2022\/09\/rosa-maria-alpanes-ortin-768x769.jpeg 768w, https:\/\/apaselda.es\/wp-content\/uploads\/2022\/09\/rosa-maria-alpanes-ortin-100x100.jpeg 100w, https:\/\/apaselda.es\/wp-content\/uploads\/2022\/09\/rosa-maria-alpanes-ortin.jpeg 1240w\" sizes=\"100vw\" \/>\t\t\t\t\t\t\t\t\t\t\t\t\t\t\t<\/div>\n\t\t\t\t<\/div>\n\t\t\t\t\t<\/div>\n\t\t<\/div>\n\t\t\t\t<div class=\"elementor-column elementor-col-66 elementor-top-column elementor-element elementor-element-0cfd684\" data-id=\"0cfd684\" data-element_type=\"column\" data-e-type=\"column\">\n\t\t\t<div class=\"elementor-widget-wrap elementor-element-populated\">\n\t\t\t\t\t\t<div class=\"elementor-element elementor-element-1f0e635 elementor-widget elementor-widget-text-editor\" data-id=\"1f0e635\" data-element_type=\"widget\" data-e-type=\"widget\" data-widget_type=\"text-editor.default\">\n\t\t\t\t<div class=\"elementor-widget-container\">\n\t\t\t\t\t\t\t\t\t<table width=\"180\"><tbody><tr><td width=\"180\"><strong>Rosa Mar\u00eda Alpa\u00f1\u00e9s est\u00e9tica<\/strong><\/td><\/tr><\/tbody><\/table><p>Correo:\u00a0 \u00a0 \u00a0 \u00a0 \u00a0 \u00a0<a href=\"mailto:alpanesortin@gmail.com\">alpanesortin@gmail.com<\/a><\/p><p>Facebook:\u00a0 \u00a0\u00a0 <a href=\"https:\/\/www.facebook.com\/rosa.alpanesortin\">Rosa Mar\u00eda Alpa\u00f1es Ortin<\/a>\u00a0 \u00a0 \u00a0 \u00a0 \u00a0 \u00a0 \u00a0 \u00a0 \u00a0 \u00a0<\/p><p>Instagram:\u00a0 \u00a0 <a href=\"https:\/\/www.instagram.com\/rosamaria_estetica_profesional\/\">rosamaria_estetica_profesional<\/a><\/p><p><strong>Tel\u00e9fono:\u00a0 \u00a0 \u00a0 \u00a0 \u00a0 \u00a0 \u00a0 \u00a0 \u00a0 \u00a0 \u00a0 \u00a0 \u00a0 \u00a0 \u00a0 654240429<\/strong><\/p><p><strong>Direcci\u00f3n:\u00a0 \u00a0 Virgen Desamparados, 25\u00a0 \u00a0 \u00a0 \u00a0 \u00a0 \u00a0 \u00a0 \u00a0 \u00a0 \u00a0 \u00a0 \u00a0 \u00a0 \u00a0 \u00a0 \u00a0 \u00a0 \u00a0 \u00a0 \u00a0 \u00a0 \u00a0<\/strong><\/p>\t\t\t\t\t\t\t\t<\/div>\n\t\t\t\t<\/div>\n\t\t\t\t\t<\/div>\n\t\t<\/div>\n\t\t\t\t\t<\/div>\n\t\t<\/section>\n\t\t\t\t<section class=\"elementor-section elementor-top-section elementor-element elementor-element-b09a0f0 elementor-section-boxed elementor-section-height-default elementor-section-height-default\" data-id=\"b09a0f0\" data-element_type=\"section\" data-e-type=\"section\">\n\t\t\t\t\t\t<div class=\"elementor-container elementor-column-gap-default\">\n\t\t\t\t\t<div class=\"elementor-column elementor-col-100 elementor-top-column elementor-element elementor-element-55fb817\" data-id=\"55fb817\" data-element_type=\"column\" data-e-type=\"column\">\n\t\t\t<div class=\"elementor-widget-wrap elementor-element-populated\">\n\t\t\t\t\t\t<div class=\"elementor-element elementor-element-5eadb17 elementor-widget elementor-widget-text-editor\" data-id=\"5eadb17\" data-element_type=\"widget\" data-e-type=\"widget\" data-widget_type=\"text-editor.default\">\n\t\t\t\t<div class=\"elementor-widget-container\">\n\t\t\t\t\t\t\t\t\t<p><strong><span style=\"color: #ff0000;\">Descuento:\u00a0<\/span><\/strong><\/p><p>5% en tratamientos faciales completos<\/p>\t\t\t\t\t\t\t\t<\/div>\n\t\t\t\t<\/div>\n\t\t\t\t\t<\/div>\n\t\t<\/div>\n\t\t\t\t\t<\/div>\n\t\t<\/section>\n\t\t\t\t<section class=\"elementor-section elementor-top-section elementor-element elementor-element-c93c2bf elementor-section-boxed elementor-section-height-default elementor-section-height-default\" data-id=\"c93c2bf\" data-element_type=\"section\" data-e-type=\"section\">\n\t\t\t\t\t\t<div class=\"elementor-container elementor-column-gap-default\">\n\t\t\t\t\t<div class=\"elementor-column elementor-col-100 elementor-top-column elementor-element elementor-element-a2ce2c0\" data-id=\"a2ce2c0\" data-element_type=\"column\" data-e-type=\"column\">\n\t\t\t<div class=\"elementor-widget-wrap elementor-element-populated\">\n\t\t\t\t\t\t<div class=\"elementor-element elementor-element-dfae2b6 elementor-widget elementor-widget-text-editor\" data-id=\"dfae2b6\" data-element_type=\"widget\" data-e-type=\"widget\" data-widget_type=\"text-editor.default\">\n\t\t\t\t<div class=\"elementor-widget-container\">\n\t\t\t\t\t\t\t\t\t<p><span style=\"color: #ff0000;\"><strong>Condiciones:<\/strong><\/span><\/p><p>Se excluyen si llevan bono o si est\u00e1n en promoci\u00f3n<\/p>\t\t\t\t\t\t\t\t<\/div>\n\t\t\t\t<\/div>\n\t\t\t\t\t<\/div>\n\t\t<\/div>\n\t\t\t\t\t<\/div>\n\t\t<\/section>\n\t\t\t\t<\/div>\n\t\t","protected":false},"excerpt":{"rendered":"<p>Marya Nails Facebook:\u00a0 \u00a0 \u00a0 \u00a0 \u00a0 \u00a0 \u00a0 \u00a0 \u00a0 \u00a0 \u00a0 MARYA NAILS Instagram: \u00a0\u00a0 \u00a0\u00a0 \u00a0\u00a0 \u00a0\u00a0 \u00a0\u00a0 \u00a0\u00a0 \u00a0\u00a0 \u00a0\u00a0 \u00a0\u00a0maryanails Tel\u00e9fono:\u00a0 \u00a0 \u00a0 \u00a0 \u00a0 \u00a0 \u00a0 \u00a0 \u00a0 \u00a0 \u00a0 \u00a0 \u00a0 661280477 Direcci\u00f3n:\u00a0 \u00a0 \u00a0 \u00a0 \u00a0 \u00a0 \u00a0 \u00a0 \u00a0 \u00a0 \u00a0 \u00a0 \u00a0 \u00a0 \u00a0 \u00a0 &hellip; <\/p>\n<p class=\"link-more\"><a href=\"https:\/\/apaselda.es\/?page_id=2026\" class=\"more-link\">Continuar leyendo<span class=\"screen-reader-text\"> &#8220;BELLEZA Y EST\u00c9TICA&#8221;<\/span><\/a><\/p>\n","protected":false},"author":1,"featured_media":0,"parent":0,"menu_order":0,"comment_status":"closed","ping_status":"closed","template":"","meta":{"footnotes":""},"class_list":["post-2026","page","type-page","status-publish","hentry"],"_links":{"self":[{"href":"https:\/\/apaselda.es\/index.php?rest_route=\/wp\/v2\/pages\/2026","targetHints":{"allow":["GET"]}}],"collection":[{"href":"https:\/\/apaselda.es\/index.php?rest_route=\/wp\/v2\/pages"}],"about":[{"href":"https:\/\/apaselda.es\/index.php?rest_route=\/wp\/v2\/types\/page"}],"author":[{"embeddable":true,"href":"https:\/\/apaselda.es\/index.php?rest_route=\/wp\/v2\/users\/1"}],"replies":[{"embeddable":true,"href":"https:\/\/apaselda.es\/index.php?rest_route=%2Fwp%2Fv2%2Fcomments&post=2026"}],"version-history":[{"count":15,"href":"https:\/\/apaselda.es\/index.php?rest_route=\/wp\/v2\/pages\/2026\/revisions"}],"predecessor-version":[{"id":3866,"href":"https:\/\/apaselda.es\/index.php?rest_route=\/wp\/v2\/pages\/2026\/revisions\/3866"}],"wp:attachment":[{"href":"https:\/\/apaselda.es\/index.php?rest_route=%2Fwp%2Fv2%2Fmedia&parent=2026"}],"curies":[{"name":"wp","href":"https:\/\/api.w.org\/{rel}","templated":true}]}}