{"id":1852,"date":"2021-09-16T15:13:48","date_gmt":"2021-09-16T15:13:48","guid":{"rendered":"https:\/\/apaselda.es\/?page_id=1852"},"modified":"2021-09-16T21:01:24","modified_gmt":"2021-09-16T21:01:24","slug":"politica-de-privacidad","status":"publish","type":"page","link":"https:\/\/apaselda.es\/?page_id=1852","title":{"rendered":"POL\u00cdTICA DE PRIVACIDAD"},"content":{"rendered":"<div id=\"fb-root\"><\/div>\n\t\t<div data-elementor-type=\"wp-page\" data-elementor-id=\"1852\" class=\"elementor elementor-1852\">\n\t\t\t\t\t\t<section class=\"elementor-section elementor-top-section elementor-element elementor-element-6a86598 elementor-section-boxed elementor-section-height-default elementor-section-height-default\" data-id=\"6a86598\" data-element_type=\"section\" data-e-type=\"section\">\n\t\t\t\t\t\t<div class=\"elementor-container elementor-column-gap-default\">\n\t\t\t\t\t<div class=\"elementor-column elementor-col-100 elementor-top-column elementor-element elementor-element-bee402d\" data-id=\"bee402d\" data-element_type=\"column\" data-e-type=\"column\">\n\t\t\t<div class=\"elementor-widget-wrap elementor-element-populated\">\n\t\t\t\t\t\t<div class=\"elementor-element elementor-element-280429f elementor-widget elementor-widget-text-editor\" data-id=\"280429f\" data-element_type=\"widget\" data-e-type=\"widget\" data-widget_type=\"text-editor.default\">\n\t\t\t\t<div class=\"elementor-widget-container\">\n\t\t\t\t\t\t\t\t\t<p><strong>RESPONSABLE DEL TRATAMIENTO<\/strong>:<\/p><p><br \/>El Responsable del Tratamiento es <strong>AGRUPACI\u00d3N LOCAL DE APAS DE ELDA<\/strong>, C\/Aguilas, 1. Antiguo CEIP El Ser\u00e1fico, 03600, Elda (ALICANTE).<\/p><p><br \/><strong>Principios de privacidad<\/strong><\/p><p><br \/>Desde AGRUPACI\u00d3N LOCAL DE APAS DE ELDA nos comprometemos contigo a trabajar continuamente para garantizar la privacidad en el tratamiento de tus datos personales, y para ofrecerte en cada momento la informaci\u00f3n m\u00e1s completa y clara que podamos.<\/p><p>Te animamos a leer detenidamente esta secci\u00f3n antes de facilitarnos tus datos personales.<\/p><p><br \/>Si eres menor de catorce a\u00f1os te rogamos que no nos facilites tus datos sin consentimiento de tus padres.<\/p><p><br \/>En este apartado te informamos de c\u00f3mo tratamos los datos de las personas que tienen relaci\u00f3n con nuestra organizaci\u00f3n. Empezando por nuestros principios:<\/p><p><br \/>&#8211; No solicitamos informaci\u00f3n personal, a no ser que sea necesaria para prestarte los servicios que nos requieras.<\/p><p><br \/>&#8211; Nunca compartimos informaci\u00f3n personal con nadie, excepto para cumplir la ley, o contemos con tu autorizaci\u00f3n expresa.<\/p><p>&#8211; Nunca utilizaremos tus datos personales para finalidades distintas a las expresadas en la presente pol\u00edtica de privacidad.<\/p><p><br \/>&#8211; Tus datos siempre ser\u00e1n tratados con un nivel de protecci\u00f3n adecuado a la legislaci\u00f3n en materia de protecci\u00f3n de datos, y no los someteremos a decisiones automatizadas.<\/p><p><br \/>La presente pol\u00edtica de privacidad la hemos redactado teniendo en cuenta las exigencias de la actual legislaci\u00f3n de protecci\u00f3n de datos:<\/p><p><br \/>&#8211; Reglamento (UE) 2016\/679 del Parlamento Europeo y del Consejo de 27 de abril de 2016 relativo a la protecci\u00f3n de las personas f\u00edsicas (RGPD).<\/p><p><br \/>&#8211; Ley Org\u00e1nica 3\/2018, de 5 de diciembre, de Protecci\u00f3n de Datos de Car\u00e1cter Personal y garant\u00eda de los derechos digitales (LOPD).<\/p><p><br \/>&#8211; Real Decreto 1720\/2007, de 21 de diciembre (RLOPD).<\/p><p><br \/>Esta pol\u00edtica de privacidad est\u00e1 redactada con fecha 6 de diciembre de 2018.<br \/>Con motivo de la modificaci\u00f3n de criterios de tratamiento, en aras de facilitar su comprensi\u00f3n o de adaptarla a la legalidad vigente, es posible que modifiquemos la presente pol\u00edtica de privacidad.<\/p><p><br \/>Actualizaremos la fecha de la misma, para que puedas comprobar su vigencia.<\/p><p><br \/><strong>Tratamientos que realizamos:<\/strong><\/p><p><strong>TRATAMIENTO DE CONTACTOS:<\/strong><\/p><p><br \/><strong>Base Jur\u00eddica<\/strong>: Consentimiento del interesado<br \/><strong>Fines del Tratamiento<\/strong>: Atender su solicitud, enviarle informaci\u00f3n y realizar un seguimiento de la solicitud.<br \/><strong>Colectivo<\/strong>: Personas de contacto, clientes, proveedores<br \/><strong>Categor\u00edas de Datos<\/strong>: Nombre y apellidos, tel\u00e9fono, direcci\u00f3n de email<br \/><strong>Categor\u00edas de Destinatarios<\/strong>: No se contemplan cesiones de datos a terceros.<br \/><strong>Transferencias Internacionales<\/strong>: No est\u00e1n previstas transferencias internacionales de los datos.<br \/><strong>Plazo de Supresi\u00f3n<\/strong>: Los datos de contacto se conservar\u00e1n por un periodo indefinido, o hasta que el interesado solicite su supresi\u00f3n.<\/p><p><br \/>Medidas de Seguridad: Adaptadas a las exigencias del Reglamento (EU) 2016\/679, Reglamento General de Protecci\u00f3n de Datos.<\/p><p><br \/><strong>TRATAMIENTO DE ATENCI\u00d3N DERECHOS DE LAS PERSONAS (ARCO)<\/strong><br \/><strong>Base Jur\u00eddica<\/strong>: RGPD: 6.1.c) Tratamiento necesario para el cumplimiento de una obligaci\u00f3n legal aplicable al responsable del tratamiento. Reglamento General de Protecci\u00f3n de Datos.<br \/><strong>Fines del Tratamiento<\/strong>: Atender las solicitudes en el ejercicio de los derechos que establece el Reglamento General de Protecci\u00f3n de Datos: Derecho de acceso, rectificaci\u00f3n, supresi\u00f3n, limitaci\u00f3n, portabilidad y oposici\u00f3n a la toma de decisiones automatizadas.<br \/><strong>Colectivo:<\/strong> Personas f\u00edsicas que lo solicitan (empleados, clientes, proveedores, personas de contacto)<br \/><strong>Categor\u00edas de Datos<\/strong>: Nombre y apellidos, direcci\u00f3n, firma y tel\u00e9fono.<br \/><strong>Categor\u00edas de Destinatarios:<\/strong> Los datos personales podr\u00e1n ser comunicados a la Autoridad de Control (Agencia Espa\u00f1ola de Protecci\u00f3n de Datos) en el marco de una investigaci\u00f3n por tutela de derechos iniciada por el interesado.<br \/><strong>Transferencias Internacionales<\/strong>: No est\u00e1n previstas transferencias internacionales de los datos.<br \/><strong>Plazo de Supresi\u00f3n:<\/strong> Se conservar\u00e1n durante un plazo de cinco a\u00f1os desde el momento de la solicitud.<br \/><strong>Medidas de Seguridad:<\/strong> Adaptadas a las exigencias del Reglamento (EU) 2016\/679, Reglamento General de Protecci\u00f3n de Datos.<\/p><p><strong>TRATAMIENTO DE PROVEEDORES<\/strong><\/p><p><strong>Base Jur\u00eddica:<\/strong><\/p><p>RGPD: 6.1.b) Tratamiento necesario para la ejecuci\u00f3n de un contrato en el que el interesado es parte o para la aplicaci\u00f3n a petici\u00f3n de \u00e9ste de medidas precontractuales.<\/p><p>RGPD: 6.1.c) Tratamiento necesario para el cumplimiento de una obligaci\u00f3n legal aplicable al responsable del tratamiento.<\/p><p>Real Decreto Legislativo 2\/2015, de 23 de octubre, por el que se aprueba el texto refundido de la Ley del Estatuto de los Trabajadores.<\/p><p>Ley 58\/2003, de 17 de diciembre, General Tributaria.<\/p><p><br \/><strong>Fines del Tratamiento:<\/strong><\/p><p>&#8211; Adquisici\u00f3n de productos y\/o servicios que necesitamos para el desarrollo de nuestra actividad.<br \/>&#8211; Control de los subcontratistas si procede.<br \/><strong>Colectivo:<\/strong><\/p><p>&#8211; Proveedores.<br \/>&#8211; Personas que trabajan para nuestros proveedores.<\/p><p><br \/><strong>Categor\u00edas de Datos:<\/strong><\/p><p>&#8211; Nombre y apellidos, DNI\/NIF\/Documento identificativo, direcci\u00f3n, firma y tel\u00e9fono.<br \/>&#8211; Datos de detalle de empleo: puesto de trabajo. Formaci\u00f3n en seguridad laboral.<br \/>&#8211; Datos econ\u00f3mico financieros y de seguros: Datos bancarios.<\/p><p><strong>Categor\u00edas de Destinatarios:<\/strong><\/p><p>&#8211; Entidades financieras. (Pago de facturas)<br \/>&#8211; Agencia Estatal de Administraci\u00f3n Tributaria.<br \/><strong>Transferencias Internacionales<\/strong>: No est\u00e1n previstas transferencias internacionales de los datos.<br \/><strong>Plazo de Supresi\u00f3n<\/strong>: Se conservar\u00e1n durante el tiempo necesario para cumplir con la finalidad para la que se recabaron y para determinar las posibles responsabilidades que se pudieran derivar de dicha finalidad y del tratamiento de los datos, conforme a la Ley 58\/2003, de 17 de diciembre, General Tributaria, Medidas de Seguridad: Adaptadas a las exigencias del Reglamento (EU) 2016\/679, Reglamento General de Protecci\u00f3n de Datos.<\/p><p><strong>TRATAMIENTO DE NOTIFICACI\u00d3N DE BRECHAS DE SEGURIDAD<\/strong><\/p><p><br \/><strong>Base Jur\u00eddica:<\/strong><\/p><p>RGPD: 6.1.c) Tratamiento necesario para el cumplimiento de una obligaci\u00f3n legal aplicable al responsable del tratamiento.<\/p><p>Reglamento General de Protecci\u00f3n de Datos. Art\u00edculos 33 y 34.<\/p><p><strong>Fines del Tratamiento:<\/strong> Gesti\u00f3n y evaluaci\u00f3n de las brechas de seguridad que se produjeren en nuestra organizaci\u00f3n.<br \/><strong>Colectivo:<\/strong> Variable: Empleados, Clientes, Proveedores, Personas de Contacto (depender\u00e1 de la brecha de seguridad)<br \/><strong>Categor\u00edas de Datos:<\/strong> Variable. (Depender\u00e1 de la brecha de seguridad)<br \/><strong>Categor\u00edas de Destinatarios:<\/strong> &#8211; Agencia Espa\u00f1ola de Protecci\u00f3n de Datos.<br \/>&#8211; Fuerzas y Cuerpos de Seguridad del Estado.<br \/><strong>Transferencias Internacionales:<\/strong> No est\u00e1n previstas transferencias internacionales de los datos.<br \/><strong>Plazo de Supresi\u00f3n<\/strong>: Se conservar\u00e1n durante el tiempo necesario para cumplir con la finalidad para la que se recabaron y para determinar las posibles responsabilidades que se pudieran derivar de dicha finalidad y del tratamiento de los datos. Ser\u00e1 de aplicaci\u00f3n lo dispuesto en la normativa de archivos y documentaci\u00f3n.<br \/><strong>Medidas de Seguridad:<\/strong> Adaptadas a las exigencias del Reglamento (EU) 2016\/679, Reglamento General de Protecci\u00f3n de Datos.<\/p><p><strong>TRATAMIENTO DE SOCIOS<\/strong><\/p><p><strong>Base Jur\u00eddica<\/strong>:<\/p><p>RGPD: 6.1.b) Tratamiento necesario para la ejecuci\u00f3n de un contrato en el que el interesado es parte o para la aplicaci\u00f3n a petici\u00f3n de \u00e9ste de medidas precontractuales.<br \/>RGPD: 6.1.c) Tratamiento necesario para el cumplimiento de una obligaci\u00f3n legal aplicable al responsable del tratamiento.<br \/>Ley Org\u00e1nica 1\/2002, de 22 de marzo, reguladora del Derecho de Asociaci\u00f3n.<br \/>Fines del Tratamiento: Cumplimiento de los fines definidos en los estatutos de nuestra asociaci\u00f3n.<\/p><p><strong>Colectivo<\/strong>: Personas f\u00edsicas que se han asociado.<br \/><strong>Categor\u00edas de Datos<\/strong>: Nombre y apellidos, DNI\/NIF\/Documento identificativo, direcci\u00f3n, firma y tel\u00e9fono.<br \/><strong>Categor\u00edas de Destinatarios<\/strong>: Entidades bancarias (cobro cuotas asociado).<br \/><strong>Transferencias Internacionales:<\/strong> No est\u00e1n previstas transferencias internacionales de los datos.<br \/><strong>Plazo de Supresi\u00f3n<\/strong>: Se conservar\u00e1n durante el tiempo necesario para cumplir con la finalidad para la que se recabaron y para determinar las posibles responsabilidades que se pudieran derivar de dicha finalidad y del tratamiento de los datos.<br \/><strong>Medidas de Seguridad:<\/strong> Adaptadas a las exigencias del Reglamento (EU) 2016\/679, Reglamento General de Protecci\u00f3n de Datos.<\/p><p><strong>TRATAMIENTO DE VOLUNTARIOS<\/strong><\/p><p><br \/><strong>Base Jur\u00eddica:<\/strong><\/p><p>RGPD 6.1.a) El interesado dio su consentimiento para el tratamiento de sus datos personales para uno o varios fines espec\u00edficos.<br \/>RGPD: 6.1.b) Tratamiento necesario para la ejecuci\u00f3n de un contrato en el que el interesado es parte o para la aplicaci\u00f3n a petici\u00f3n de este de medidas precontractuales.<\/p><p><strong>Fines del Tratamiento<\/strong>: Colaborar de manera voluntaria y altruista con nuestra asociaci\u00f3n para el desarrollo de sus fines.<br \/><strong>Colectivo:<\/strong> Personas que colaboran voluntariamente con nuestra asociaci\u00f3n.<br \/><strong>Categor\u00edas de Datos:<\/strong> Nombre y apellidos, DNI\/CIF\/Documento identificativo, n\u00famero de registro de personal, direcci\u00f3n, firma y tel\u00e9fono.<br \/><strong>Categor\u00edas de Destinatarios:<\/strong> No est\u00e1n previstas cesiones de datos a terceros.<br \/><strong>Transferencias Internacionales:<\/strong> No est\u00e1n previstas transferencias internacionales de los datos.<br \/><strong>Plazo de Supresi\u00f3n:<\/strong> Se conservar\u00e1n durante el tiempo necesario para cumplir con la finalidad para la que se recabaron y para determinar las posibles responsabilidades que se pudieran derivar de dicha finalidad y del tratamiento de los datos.<br \/><strong>Medidas de Seguridad<\/strong>: Adaptadas a las exigencias del Reglamento (EU) 2016\/679, Reglamento General de Protecci\u00f3n de Datos.<\/p><p><strong>TUS DERECHOS<\/strong><\/p><p><br \/>Tienes derecho a solicitarnos una copia de tus datos personales, a rectificar los datos inexactos o completarlos si estuvieren incompletos, o en su caso suprimirlos, cuando ya no sean necesarios para los fines para los que fueron recogidos.<br \/>Tambi\u00e9n tienes derecho a limitar el tratamiento de tus datos personales y a obtener tus datos personales en un formato estructurado y legible.<br \/>Puedes oponerte al tratamiento de tus datos personales en algunas circunstancias (en particular,\u00a0 cuando no tengamos que procesarlos para cumplir con un requisito contractual u otro requisito legal, o cuando el objeto del tratamiento sea el marketing directo).<br \/>Cuando nos hayas otorgado tu consentimiento, podr\u00e1s retirarlo en cualquier momento. En ese momento dejaremos de tratar tus datos o, en su caso, dejaremos de hacerlo para esa finalidad en concreto. Si decides retirar tu consentimiento, esto no afectar\u00e1 a ning\u00fan tratamiento que haya tenido lugar mientras tu consentimiento estaba vigente.<br \/>Estos derechos podr\u00e1n verse limitados; por ejemplo si para cumplir tu solicitud tuvi\u00e9semos que revelar datos sobre otra persona, o si nos solicitas que eliminemos algunos registros que estamos obligados a mantener por una obligaci\u00f3n legal o por un inter\u00e9s leg\u00edtimo, como pueda ser el ejercicio de defensa ante reclamaciones. O incluso en aquellos casos donde debe prevalecer el derecho a la libertad de expresi\u00f3n e informaci\u00f3n.<\/p><p>Puedes contactar con nosotros por cualquiera de los medios indicados en el apartado Responsable del Tratamiento de esta pol\u00edtica de privacidad, aportando una copia de un documento que acredite tu identidad (normalmente el DNI).<br \/>Otro de tus derechos es el de no ser objeto de una decisi\u00f3n basada \u00fanicamente en un tratamiento automatizado, incluida la elaboraci\u00f3n de perfiles que produzca efectos jur\u00eddicos o te afecte.<br \/>Frente a cualquier vulneraci\u00f3n de tus derechos, como, por ejemplo, que no hayamos atendido tu solicitud, tienes derecho a presentar una reclamaci\u00f3n ante la Autoridad de Control en materia de protecci\u00f3n de datos. Esta puede ser la de tu pa\u00eds (si vives fuera de Espa\u00f1a) o la Agencia Espa\u00f1ola de Protecci\u00f3n de Datos (si vives en Espa\u00f1a).<\/p><p><strong>Enlaces a sitios web de terceros.<\/strong><br \/>Nuestro sitio web puede, en algunas ocasiones, contener enlaces hacia otros sitios web. Es tu\u00a0 responsabilidad asegurarte de leer la pol\u00edtica de protecci\u00f3n de datos y las condiciones legales que se apliquen a cada sitio.<br \/><strong>Datos de terceros.<\/strong><br \/>Si nos facilitas datos de terceros, asumes la responsabilidad de informarles previamente seg\u00fan lo establecido en el art\u00edculo 14 del RGPD.<\/p>\t\t\t\t\t\t\t\t<\/div>\n\t\t\t\t<\/div>\n\t\t\t\t\t<\/div>\n\t\t<\/div>\n\t\t\t\t\t<\/div>\n\t\t<\/section>\n\t\t\t\t<\/div>\n\t\t","protected":false},"excerpt":{"rendered":"<p>RESPONSABLE DEL TRATAMIENTO: El Responsable del Tratamiento es AGRUPACI\u00d3N LOCAL DE APAS DE ELDA, C\/Aguilas, 1. Antiguo CEIP El Ser\u00e1fico, 03600, Elda (ALICANTE). Principios de privacidad Desde AGRUPACI\u00d3N LOCAL DE APAS DE ELDA nos comprometemos contigo a trabajar continuamente para garantizar la privacidad en el tratamiento de tus datos personales, y para ofrecerte en cada &hellip; <\/p>\n<p class=\"link-more\"><a href=\"https:\/\/apaselda.es\/?page_id=1852\" class=\"more-link\">Continuar leyendo<span class=\"screen-reader-text\"> &#8220;POL\u00cdTICA DE PRIVACIDAD&#8221;<\/span><\/a><\/p>\n","protected":false},"author":1,"featured_media":0,"parent":0,"menu_order":0,"comment_status":"closed","ping_status":"closed","template":"","meta":{"footnotes":""},"class_list":["post-1852","page","type-page","status-publish","hentry"],"_links":{"self":[{"href":"https:\/\/apaselda.es\/index.php?rest_route=\/wp\/v2\/pages\/1852","targetHints":{"allow":["GET"]}}],"collection":[{"href":"https:\/\/apaselda.es\/index.php?rest_route=\/wp\/v2\/pages"}],"about":[{"href":"https:\/\/apaselda.es\/index.php?rest_route=\/wp\/v2\/types\/page"}],"author":[{"embeddable":true,"href":"https:\/\/apaselda.es\/index.php?rest_route=\/wp\/v2\/users\/1"}],"replies":[{"embeddable":true,"href":"https:\/\/apaselda.es\/index.php?rest_route=%2Fwp%2Fv2%2Fcomments&post=1852"}],"version-history":[{"count":28,"href":"https:\/\/apaselda.es\/index.php?rest_route=\/wp\/v2\/pages\/1852\/revisions"}],"predecessor-version":[{"id":1905,"href":"https:\/\/apaselda.es\/index.php?rest_route=\/wp\/v2\/pages\/1852\/revisions\/1905"}],"wp:attachment":[{"href":"https:\/\/apaselda.es\/index.php?rest_route=%2Fwp%2Fv2%2Fmedia&parent=1852"}],"curies":[{"name":"wp","href":"https:\/\/api.w.org\/{rel}","templated":true}]}}