{"id":158,"date":"2020-05-11T14:13:52","date_gmt":"2020-05-11T14:13:52","guid":{"rendered":"http:\/\/apaselda.es\/?page_id=158"},"modified":"2023-03-21T19:53:22","modified_gmt":"2023-03-21T19:53:22","slug":"ei-el-mirador","status":"publish","type":"page","link":"https:\/\/apaselda.es\/?page_id=158","title":{"rendered":"EI EL MIRADOR"},"content":{"rendered":"<div id=\"fb-root\"><\/div>\n\t\t<div data-elementor-type=\"wp-page\" data-elementor-id=\"158\" class=\"elementor elementor-158\">\n\t\t\t\t\t\t<section class=\"elementor-section elementor-top-section elementor-element elementor-element-57f6cabf elementor-section-boxed elementor-section-height-default elementor-section-height-default\" data-id=\"57f6cabf\" data-element_type=\"section\" data-e-type=\"section\">\n\t\t\t\t\t\t<div class=\"elementor-container elementor-column-gap-default\">\n\t\t\t\t\t<div class=\"elementor-column elementor-col-100 elementor-top-column elementor-element elementor-element-7d50850a\" data-id=\"7d50850a\" data-element_type=\"column\" data-e-type=\"column\">\n\t\t\t<div class=\"elementor-widget-wrap elementor-element-populated\">\n\t\t\t\t\t\t<div class=\"elementor-element elementor-element-531ce47e elementor-widget elementor-widget-text-editor\" data-id=\"531ce47e\" data-element_type=\"widget\" data-e-type=\"widget\" data-widget_type=\"text-editor.default\">\n\t\t\t\t<div class=\"elementor-widget-container\">\n\t\t\t\t\t\t\t\t\t\n<p><strong>NOMBRE:<\/strong> \u00a0E.I. EL MIRADOR\u00a0\u00a0\u00a0\u00a0\u00a0\u00a0\u00a0\u00a0<\/p>\n\n<p><strong>TEL\u00c9FONO:<\/strong> 966957480<\/p>\n\n<p><strong>CORREO ELECTR\u00d3NICO:<\/strong> <a href=\"mailto:03013601@edu.gva.es\">03013601@edu.gva.es<\/a><\/p>\n\n<p><strong>DIRECCI\u00d3N:<\/strong> C\/ S\u00c9NECA s\/n<\/p>\n\n<p><strong><span class=\"has-inline-color has-vivid-red-color\">VIDEO PUERTAS ABIERTAS<\/span><\/strong><\/p>\n\n<p><a href=\"https:\/\/www.facebook.com\/aytoelda\/playlist\/2498230890278543\/\">https:\/\/www.facebook.com\/aytoelda\/playlist\/2498230890278543\/<\/a><\/p>\n\n<p><strong>AULAS: <\/strong><\/p>\n\n<p>-3 AULAS DE 1-2 A\u00d1OS (13 ALUMNOS\/AS POR AULA).<\/p>\n\n<p>-3 AULAS DE 2-3 A\u00d1OS (20 ALUMNOS\/AS POR AULA).<\/p>\n\n<p><strong>SE\u00d1AS DE IDENTIDAD DE LA ESCUELA:<\/strong><\/p>\n\n<p>\u00a0\u00a0La Escuela Infantil \u201cEl Mirador\u201d es un centro p\u00fablico de educaci\u00f3n infantil de 1\u00ba ciclo (0-3 a\u00f1os). Situado en la periferia de la ciudad de Elda, en un barrio obrero (Virgen de la Salud) junto al C.P. Miguel Servet y otros centros educativos de Secundaria (El Monastil y La Melva.)<\/p>\n\n<p>Confiamos en una escuela abierta, cercana, participativa, que implique y tenga en cuenta a las familias y en la que el ni\u00f1o\/a sea el protagonista de su aprendizaje.<\/p>\n\n<p>\u00c9sta es la l\u00ednea de escuela por la que apostamos una escuela que haga la labor de cuidar y transmitir valores a los m\u00e1s peque\u00f1os haciendo part\u00edcipe en todo momento a la familia.<\/p>\n\n<p>El trabajo que nos planteamos actualmente desde la escuela infantil se basa sobre todo en considerar al ni\u00f1o educable desde que nace, y en que estos primeros a\u00f1os son decisivos para todo su desarrollo posterior.<\/p>\n\n<p>Pensamos que la necesidad e importancia de la Escuela Infantil est\u00e1 en que es el lugar donde el ni\u00f1o\/a, a partir de sus primeras experiencias, va construyendo la base de su personalidad, su forma posterior de ser, de sentir, de actuar y de reaccionar frente a los dem\u00e1s y al mundo que le rodea.<\/p>\n\n<p>Nuestra escuela no intenta sustituir a la familia en su tarea, sino que colabora, complementa y cualifica la tarea de padres y madres, realiz\u00e1ndose un permanente trabajo de acercamiento y sensibilizaci\u00f3n. Para nosotras, escuela y familia, son los dos pilares fundamentales en el crecimiento y desarrollo integral del ni\u00f1o\/a.<\/p>\n\n<p>Por esta raz\u00f3n la familia est\u00e1 presente en toda nuestra planificaci\u00f3n y programaci\u00f3n.<\/p>\n\n<p>Adem\u00e1s algo que identifica al centro, es la forma de trabajar especialmente los DESPRENDIMIENTOS:<\/p>\n\n<p>-La separaci\u00f3n de la familia (Periodo de Adaptaci\u00f3n),<\/p>\n\n<p>-La despedida de los chupetes y del pa\u00f1al.<\/p>\n\n<p>Partimos de que el ni\u00f1o\/a tiene que ser el protagonista de su desprendimiento y adem\u00e1s tiene que ser consciente para llegar a elaborarlo, \u00a0interiorizarlo y aceptarlo de forma positiva. Tambi\u00e9n le damos una especial importancia al tipo de v\u00ednculo afectivo que se establece entre ni\u00f1o-adulto ya que esto define la forma en la que se acompa\u00f1a al ni\u00f1o\/a en los aprendizajes y en los distintos pasos del crecimiento.<\/p>\n\n<p>Nuestra escuela lleva funcionando 31 a\u00f1os y contamos con una plantilla de 15 personas, 6 de servicios y 9 que formamos el equipo Educativo, adem\u00e1s de 12 monitoras de comedor. El trabajo que desarrolla cada persona en el centro es important\u00edsimo y necesario para el buen funcionamiento. Independientemente de la funci\u00f3n de cada grupo o sector.<\/p>\n\n<p>Saber escuchar lo que dicen los ni\u00f1os es la clave para saber estar, dar respuesta a sus necesidades y conectar con ellos.<\/p>\n\n<figure class=\"wp-block-gallery columns-2 is-cropped wp-block-gallery-2 is-layout-flex wp-block-gallery-is-layout-flex\">\n<ul class=\"blocks-gallery-grid\">\n<li class=\"blocks-gallery-item\">\n<figure><img fetchpriority=\"high\" decoding=\"async\" width=\"588\" height=\"503\" class=\"wp-image-159\" src=\"http:\/\/apaselda.es\/wp-content\/uploads\/2020\/05\/Entrada-principal-escuela.jpg\" alt=\"\" data-id=\"159\" data-full-url=\"http:\/\/apaselda.es\/wp-content\/uploads\/2020\/05\/Entrada-principal-escuela.jpg\" data-link=\"http:\/\/apaselda.es\/?attachment_id=159\" srcset=\"https:\/\/apaselda.es\/wp-content\/uploads\/2020\/05\/Entrada-principal-escuela.jpg 588w, https:\/\/apaselda.es\/wp-content\/uploads\/2020\/05\/Entrada-principal-escuela-300x257.jpg 300w\" sizes=\"(max-width: 588px) 100vw, 588px\" \/><\/figure>\n<\/li>\n<li class=\"blocks-gallery-item\">\n<figure><img decoding=\"async\" width=\"1024\" height=\"635\" class=\"wp-image-161\" src=\"http:\/\/apaselda.es\/wp-content\/uploads\/2020\/05\/Patio-central-1024x635.jpg\" alt=\"\" data-id=\"161\" data-full-url=\"http:\/\/apaselda.es\/wp-content\/uploads\/2020\/05\/Patio-central.jpg\" data-link=\"http:\/\/apaselda.es\/?attachment_id=161\" srcset=\"https:\/\/apaselda.es\/wp-content\/uploads\/2020\/05\/Patio-central-1024x635.jpg 1024w, https:\/\/apaselda.es\/wp-content\/uploads\/2020\/05\/Patio-central-300x186.jpg 300w, https:\/\/apaselda.es\/wp-content\/uploads\/2020\/05\/Patio-central-768x476.jpg 768w, https:\/\/apaselda.es\/wp-content\/uploads\/2020\/05\/Patio-central.jpg 1280w\" sizes=\"(max-width: 767px) 89vw, (max-width: 1000px) 54vw, (max-width: 1071px) 543px, 580px\" \/><\/figure>\n<\/li>\n<\/ul>\n<\/figure>\n\n<p><strong><u>Instalaciones:<\/u><\/strong><\/p>\n\n<p>El centro tiene capacidad para 99 ni\u00f1os\/as.<\/p>\n\n<p>Sus instalaciones se distribuyen en 2 plantas: en la 1\u00aa se encuentran las 6 aulas, un patio central, la sala de usos m\u00faltiples, tres espacios de siesta, el despacho y el holl.<\/p>\n\n<p>\u00a0En la planta de abajo encontramos los comedores, los dos patios con arenero, la sala de reuniones y la zona de servicios (cocina, despensa, lavadero\u2026).<\/p>\n\n<p>Le damos mucha importancia a los espacios, teniendo en cuenta que es un agente educador m\u00e1s.<\/p>\n\n<p>Pensamos que estos espacios tienen que ser funcionales, lugares acogedores y agradables, vers\u00e1tiles y con personalidad propia (adaptados a las necesidades del grupo y del momento evolutivo del ni\u00f1o\/a)<\/p>\n\n<div class=\"wp-block-image\">\n<figure class=\"aligncenter size-large is-resized\"><img decoding=\"async\" class=\"wp-image-160\" src=\"http:\/\/apaselda.es\/wp-content\/uploads\/2020\/05\/logotipo-escuela-infantil-860x1024.jpg\" alt=\"\" width=\"185\" height=\"219\" srcset=\"https:\/\/apaselda.es\/wp-content\/uploads\/2020\/05\/logotipo-escuela-infantil-860x1024.jpg 860w, https:\/\/apaselda.es\/wp-content\/uploads\/2020\/05\/logotipo-escuela-infantil-252x300.jpg 252w, https:\/\/apaselda.es\/wp-content\/uploads\/2020\/05\/logotipo-escuela-infantil-768x915.jpg 768w, https:\/\/apaselda.es\/wp-content\/uploads\/2020\/05\/logotipo-escuela-infantil-1289x1536.jpg 1289w, https:\/\/apaselda.es\/wp-content\/uploads\/2020\/05\/logotipo-escuela-infantil.jpg 1500w\" sizes=\"(max-width: 185px) 100vw, 185px\" \/><\/figure>\n<\/div>\n\n<p><strong><u>AMPA:<\/u><\/strong><\/p>\n\n<p>En todas nuestras actividades siempre hemos contado con la colaboraci\u00f3n de un gran n\u00famero de mamis\/papis que han dejado huella y forman parte de la escuela.<\/p>\n\n<p>Las familias forman parte de nuestro d\u00eda a d\u00eda, entran diariamente en el aula y por lo tanto la comunicaci\u00f3n es constante pero sobre todo est\u00e1n presentes de forma m\u00e1s concreta en proyectos como el per\u00edodo de adaptaci\u00f3n, en el que sin su colaboraci\u00f3n ser\u00eda todo mucho m\u00e1s complicado, y en el de la familia, donde participan de forma activa en las rutinas y actividades del d\u00eda a d\u00eda. En este proyecto se valora tambi\u00e9n la participaci\u00f3n en la escuela de todas aquellas personas que son importantes para nuestros\/as peques, destacando la participaci\u00f3n de los abuelos\/as.<\/p>\n\n<p>Adem\u00e1s, tenemos planteadas todos los a\u00f1os diferentes actividades que son organizadas por el AMPA con la colaboraci\u00f3n del equipo educativo y todos\/as las disfrutamos, como la fiesta de bienvenida, el teatro de navidad, el teatro de la granja, la fiesta de convivencia,\u2026 Es importante destacar la funci\u00f3n del AMPA dentro de la escuela, y siempre animamos a su participaci\u00f3n en estos \u00f3rganos porque constituyen la representaci\u00f3n oficial de las familias en la escuela<\/p>\n\t\t\t\t\t\t\t\t<\/div>\n\t\t\t\t<\/div>\n\t\t\t\t\t<\/div>\n\t\t<\/div>\n\t\t\t\t\t<\/div>\n\t\t<\/section>\n\t\t\t\t<\/div>\n\t\t","protected":false},"excerpt":{"rendered":"<p>NOMBRE: \u00a0E.I. EL MIRADOR\u00a0\u00a0\u00a0\u00a0\u00a0\u00a0\u00a0\u00a0 TEL\u00c9FONO: 966957480 CORREO ELECTR\u00d3NICO: 03013601@edu.gva.es DIRECCI\u00d3N: C\/ S\u00c9NECA s\/n VIDEO PUERTAS ABIERTAS https:\/\/www.facebook.com\/aytoelda\/playlist\/2498230890278543\/ AULAS: -3 AULAS DE 1-2 A\u00d1OS (13 ALUMNOS\/AS POR AULA). -3 AULAS DE 2-3 A\u00d1OS (20 ALUMNOS\/AS POR AULA). SE\u00d1AS DE IDENTIDAD DE LA ESCUELA: \u00a0\u00a0La Escuela Infantil \u201cEl Mirador\u201d es un centro p\u00fablico de educaci\u00f3n infantil de &hellip; <\/p>\n<p class=\"link-more\"><a href=\"https:\/\/apaselda.es\/?page_id=158\" class=\"more-link\">Continuar leyendo<span class=\"screen-reader-text\"> &#8220;EI EL MIRADOR&#8221;<\/span><\/a><\/p>\n","protected":false},"author":1,"featured_media":0,"parent":0,"menu_order":0,"comment_status":"closed","ping_status":"closed","template":"","meta":{"footnotes":""},"class_list":["post-158","page","type-page","status-publish","hentry"],"_links":{"self":[{"href":"https:\/\/apaselda.es\/index.php?rest_route=\/wp\/v2\/pages\/158","targetHints":{"allow":["GET"]}}],"collection":[{"href":"https:\/\/apaselda.es\/index.php?rest_route=\/wp\/v2\/pages"}],"about":[{"href":"https:\/\/apaselda.es\/index.php?rest_route=\/wp\/v2\/types\/page"}],"author":[{"embeddable":true,"href":"https:\/\/apaselda.es\/index.php?rest_route=\/wp\/v2\/users\/1"}],"replies":[{"embeddable":true,"href":"https:\/\/apaselda.es\/index.php?rest_route=%2Fwp%2Fv2%2Fcomments&post=158"}],"version-history":[{"count":9,"href":"https:\/\/apaselda.es\/index.php?rest_route=\/wp\/v2\/pages\/158\/revisions"}],"predecessor-version":[{"id":3123,"href":"https:\/\/apaselda.es\/index.php?rest_route=\/wp\/v2\/pages\/158\/revisions\/3123"}],"wp:attachment":[{"href":"https:\/\/apaselda.es\/index.php?rest_route=%2Fwp%2Fv2%2Fmedia&parent=158"}],"curies":[{"name":"wp","href":"https:\/\/api.w.org\/{rel}","templated":true}]}}