{"id":1325,"date":"2021-09-15T10:38:12","date_gmt":"2021-09-15T10:38:12","guid":{"rendered":"https:\/\/apaselda.es\/?page_id=1325"},"modified":"2024-09-15T09:28:17","modified_gmt":"2024-09-15T09:28:17","slug":"musica","status":"publish","type":"page","link":"https:\/\/apaselda.es\/?page_id=1325","title":{"rendered":"M\u00fasica"},"content":{"rendered":"<div id=\"fb-root\"><\/div>\n\t\t<div data-elementor-type=\"wp-page\" data-elementor-id=\"1325\" class=\"elementor elementor-1325\">\n\t\t\t\t\t\t<section class=\"elementor-section elementor-top-section elementor-element elementor-element-3065633 elementor-section-boxed elementor-section-height-default elementor-section-height-default\" data-id=\"3065633\" data-element_type=\"section\" data-e-type=\"section\">\n\t\t\t\t\t\t<div class=\"elementor-container elementor-column-gap-default\">\n\t\t\t\t\t<div class=\"elementor-column elementor-col-33 elementor-top-column elementor-element elementor-element-8cd2668\" data-id=\"8cd2668\" data-element_type=\"column\" data-e-type=\"column\">\n\t\t\t<div class=\"elementor-widget-wrap elementor-element-populated\">\n\t\t\t\t\t\t<div class=\"elementor-element elementor-element-e4a5b8b elementor-widget elementor-widget-image\" data-id=\"e4a5b8b\" data-element_type=\"widget\" data-e-type=\"widget\" data-widget_type=\"image.default\">\n\t\t\t\t<div class=\"elementor-widget-container\">\n\t\t\t\t\t\t\t\t\t\t\t\t\t\t\t<img fetchpriority=\"high\" decoding=\"async\" width=\"500\" height=\"141\" src=\"https:\/\/apaselda.es\/wp-content\/uploads\/2021\/09\/sonorama.png\" class=\"attachment-large size-large wp-image-1326\" alt=\"\" srcset=\"https:\/\/apaselda.es\/wp-content\/uploads\/2021\/09\/sonorama.png 500w, https:\/\/apaselda.es\/wp-content\/uploads\/2021\/09\/sonorama-300x85.png 300w\" sizes=\"100vw\" \/>\t\t\t\t\t\t\t\t\t\t\t\t\t\t\t<\/div>\n\t\t\t\t<\/div>\n\t\t\t\t\t<\/div>\n\t\t<\/div>\n\t\t\t\t<div class=\"elementor-column elementor-col-66 elementor-top-column elementor-element elementor-element-20f1e29\" data-id=\"20f1e29\" data-element_type=\"column\" data-e-type=\"column\">\n\t\t\t<div class=\"elementor-widget-wrap elementor-element-populated\">\n\t\t\t\t\t\t<div class=\"elementor-element elementor-element-66682f4 elementor-widget elementor-widget-text-editor\" data-id=\"66682f4\" data-element_type=\"widget\" data-e-type=\"widget\" data-widget_type=\"text-editor.default\">\n\t\t\t\t<div class=\"elementor-widget-container\">\n\t\t\t\t\t\t\t\t\t<h4 data-v-be53585e=\"\">Sonorama Musical<\/h4><p>Web:\u00a0 \u00a0 \u00a0 \u00a0 <a href=\"http:\/\/www.sonoramamusical.com\">www.sonoramamusical.com<\/a><\/p><p>Email:\u00a0 \u00a0<a href=\"mailto:info@sonoramamusical.com\"> info@sonoramamusical.com<\/a><\/p><p>Facebook:\u00a0 \u00a0 \u00a0 \u00a0 \u00a0 \u00a0 \u00a0 \u00a0 \u00a0<a href=\"https:\/\/es-es.facebook.com\/sonoramamusical\/\">sonoramamusical<\/a><\/p><p><strong>Tel\u00e9fono:\u00a0 \u00a0 \u00a0 \u00a0 \u00a0 \u00a0 \u00a0 \u00a0 \u00a0 \u00a0 \u00a0 \u00a0 \u00a0 \u00a0 \u00a0966194665<\/strong><\/p><p><strong>Direcci\u00f3n:\u00a0 \u00a0 \u00a0 \u00a0 \u00a0 \u00a0 \u00a0 \u00a0 \u00a0 \u00a0 \u00a0 \u00a0 \u00a0 \u00a0 \u00a0 \u00a0 \u00a0 \u00a0 \u00a0 \u00a0 \u00a0 \u00a0 \u00a0 \u00a0 \u00a0 \u00a0 \u00a0 \u00a0 \u00a0 \u00a0 \u00a0 \u00a0 \u00a0 \u00a0 Avenida de Elda n\u00ba 10 (Petrer)<\/strong><\/p>\t\t\t\t\t\t\t\t<\/div>\n\t\t\t\t<\/div>\n\t\t\t\t\t<\/div>\n\t\t<\/div>\n\t\t\t\t\t<\/div>\n\t\t<\/section>\n\t\t\t\t<section class=\"elementor-section elementor-top-section elementor-element elementor-element-b07d4da elementor-section-boxed elementor-section-height-default elementor-section-height-default\" data-id=\"b07d4da\" data-element_type=\"section\" data-e-type=\"section\">\n\t\t\t\t\t\t<div class=\"elementor-container elementor-column-gap-default\">\n\t\t\t\t\t<div class=\"elementor-column elementor-col-100 elementor-top-column elementor-element elementor-element-f9b2269\" data-id=\"f9b2269\" data-element_type=\"column\" data-e-type=\"column\">\n\t\t\t<div class=\"elementor-widget-wrap elementor-element-populated\">\n\t\t\t\t\t\t<div class=\"elementor-element elementor-element-636d105 elementor-widget elementor-widget-text-editor\" data-id=\"636d105\" data-element_type=\"widget\" data-e-type=\"widget\" data-widget_type=\"text-editor.default\">\n\t\t\t\t<div class=\"elementor-widget-container\">\n\t\t\t\t\t\t\t\t\t<p><strong><span style=\"color: #ff0000;\">Descuento:\u00a0<\/span><\/strong><\/p><p>10% sobre el PVP<\/p>\t\t\t\t\t\t\t\t<\/div>\n\t\t\t\t<\/div>\n\t\t\t\t\t<\/div>\n\t\t<\/div>\n\t\t\t\t\t<\/div>\n\t\t<\/section>\n\t\t\t\t<section class=\"elementor-section elementor-top-section elementor-element elementor-element-a2382f7 elementor-section-boxed elementor-section-height-default elementor-section-height-default\" data-id=\"a2382f7\" data-element_type=\"section\" data-e-type=\"section\">\n\t\t\t\t\t\t<div class=\"elementor-container elementor-column-gap-default\">\n\t\t\t\t\t<div class=\"elementor-column elementor-col-100 elementor-top-column elementor-element elementor-element-9bed0a8\" data-id=\"9bed0a8\" data-element_type=\"column\" data-e-type=\"column\">\n\t\t\t<div class=\"elementor-widget-wrap elementor-element-populated\">\n\t\t\t\t\t\t<div class=\"elementor-element elementor-element-87976d7 elementor-widget elementor-widget-text-editor\" data-id=\"87976d7\" data-element_type=\"widget\" data-e-type=\"widget\" data-widget_type=\"text-editor.default\">\n\t\t\t\t<div class=\"elementor-widget-container\">\n\t\t\t\t\t\t\t\t\t<p><span style=\"color: #ff0000;\"><strong>Condiciones:<\/strong><\/span><\/p><p>\u00a0<\/p>\t\t\t\t\t\t\t\t<\/div>\n\t\t\t\t<\/div>\n\t\t\t\t\t<\/div>\n\t\t<\/div>\n\t\t\t\t\t<\/div>\n\t\t<\/section>\n\t\t\t\t<section class=\"elementor-section elementor-top-section elementor-element elementor-element-be935b3 elementor-section-boxed elementor-section-height-default elementor-section-height-default\" data-id=\"be935b3\" data-element_type=\"section\" data-e-type=\"section\">\n\t\t\t\t\t\t<div class=\"elementor-container elementor-column-gap-default\">\n\t\t\t\t\t<div class=\"elementor-column elementor-col-100 elementor-top-column elementor-element elementor-element-fbb9f16\" data-id=\"fbb9f16\" data-element_type=\"column\" data-e-type=\"column\">\n\t\t\t<div class=\"elementor-widget-wrap elementor-element-populated\">\n\t\t\t\t\t\t<div class=\"elementor-element elementor-element-42eb660 elementor-widget elementor-widget-spacer\" data-id=\"42eb660\" data-element_type=\"widget\" data-e-type=\"widget\" data-widget_type=\"spacer.default\">\n\t\t\t\t<div class=\"elementor-widget-container\">\n\t\t\t\t\t\t\t<div class=\"elementor-spacer\">\n\t\t\t<div class=\"elementor-spacer-inner\"><\/div>\n\t\t<\/div>\n\t\t\t\t\t\t<\/div>\n\t\t\t\t<\/div>\n\t\t\t\t\t<\/div>\n\t\t<\/div>\n\t\t\t\t\t<\/div>\n\t\t<\/section>\n\t\t\t\t<section class=\"elementor-section elementor-top-section elementor-element elementor-element-063b3b0 elementor-section-boxed elementor-section-height-default elementor-section-height-default\" data-id=\"063b3b0\" data-element_type=\"section\" data-e-type=\"section\">\n\t\t\t\t\t\t<div class=\"elementor-container elementor-column-gap-default\">\n\t\t\t\t\t<div class=\"elementor-column elementor-col-33 elementor-top-column elementor-element elementor-element-5e43f33\" data-id=\"5e43f33\" data-element_type=\"column\" data-e-type=\"column\">\n\t\t\t<div class=\"elementor-widget-wrap elementor-element-populated\">\n\t\t\t\t\t\t<div class=\"elementor-element elementor-element-453b823 elementor-widget elementor-widget-image\" data-id=\"453b823\" data-element_type=\"widget\" data-e-type=\"widget\" data-widget_type=\"image.default\">\n\t\t\t\t<div class=\"elementor-widget-container\">\n\t\t\t\t\t\t\t\t\t\t\t\t\t\t\t<img decoding=\"async\" width=\"421\" height=\"221\" src=\"https:\/\/apaselda.es\/wp-content\/uploads\/2024\/09\/donosti-sound-1.jpg\" class=\"attachment-large size-large wp-image-3720\" alt=\"\" srcset=\"https:\/\/apaselda.es\/wp-content\/uploads\/2024\/09\/donosti-sound-1.jpg 421w, https:\/\/apaselda.es\/wp-content\/uploads\/2024\/09\/donosti-sound-1-300x157.jpg 300w\" sizes=\"100vw\" \/>\t\t\t\t\t\t\t\t\t\t\t\t\t\t\t<\/div>\n\t\t\t\t<\/div>\n\t\t\t\t\t<\/div>\n\t\t<\/div>\n\t\t\t\t<div class=\"elementor-column elementor-col-66 elementor-top-column elementor-element elementor-element-3e288bc\" data-id=\"3e288bc\" data-element_type=\"column\" data-e-type=\"column\">\n\t\t\t<div class=\"elementor-widget-wrap elementor-element-populated\">\n\t\t\t\t\t\t<div class=\"elementor-element elementor-element-87e49e7 elementor-widget elementor-widget-text-editor\" data-id=\"87e49e7\" data-element_type=\"widget\" data-e-type=\"widget\" data-widget_type=\"text-editor.default\">\n\t\t\t\t<div class=\"elementor-widget-container\">\n\t\t\t\t\t\t\t\t\t<h4 data-v-be53585e=\"\">Donostisound<\/h4><p>Web:\u00a0 \u00a0<a style=\"font-size: 1.125rem; font-weight: 800; background-color: #ffffff; color: #221132; box-shadow: #100817 0px -1px 0px inset;\" href=\"http:\/\/www.donostisound.com\/\">http:\/\/www.donostisound.com<\/a><\/p><p><span style=\"color: var( --e-global-color-text );\">Email:\u00a0 \u00a0<\/span><a style=\"font-size: 1.125rem; font-weight: 800; background-color: #ffffff; color: #221132; box-shadow: #100817 0px -1px 0px inset;\" href=\"https:\/\/apaselda.es\/info@donostisound.com\">info@donostisound.com<\/a><\/p><p>\u00a0<\/p><p><strong>Tel\u00e9fonos: 675 761 457\/943374242<\/strong><\/p><p>\u00a0<\/p>\t\t\t\t\t\t\t\t<\/div>\n\t\t\t\t<\/div>\n\t\t\t\t\t<\/div>\n\t\t<\/div>\n\t\t\t\t\t<\/div>\n\t\t<\/section>\n\t\t\t\t<section class=\"elementor-section elementor-top-section elementor-element elementor-element-c7bf953 elementor-section-boxed elementor-section-height-default elementor-section-height-default\" data-id=\"c7bf953\" data-element_type=\"section\" data-e-type=\"section\">\n\t\t\t\t\t\t<div class=\"elementor-container elementor-column-gap-default\">\n\t\t\t\t\t<div class=\"elementor-column elementor-col-100 elementor-top-column elementor-element elementor-element-671730f\" data-id=\"671730f\" data-element_type=\"column\" data-e-type=\"column\">\n\t\t\t<div class=\"elementor-widget-wrap elementor-element-populated\">\n\t\t\t\t\t\t<div class=\"elementor-element elementor-element-b356fe2 elementor-widget elementor-widget-text-editor\" data-id=\"b356fe2\" data-element_type=\"widget\" data-e-type=\"widget\" data-widget_type=\"text-editor.default\">\n\t\t\t\t<div class=\"elementor-widget-container\">\n\t\t\t\t\t\t\t\t\t<p><strong><span style=\"color: #ff0000;\">Descuento:<\/span><\/strong><\/p><p><span style=\"color: #1f1f1f; font-family: 'Google Sans', Roboto, sans-serif; font-size: 12px; font-weight: var( --e-global-typography-text-font-weight ); text-align: start; white-space-collapse: preserve;\">Solo venta online en su p\u00e1gina web. 10% de descuento en instrumentos de la marca sound que no est\u00e9n ofertados. Los pedidos deber\u00e1n ser tramitados por el AMPA del Conservatorio (Contactad con ellos antes de realizar el pedido)<\/span><\/p>\t\t\t\t\t\t\t\t<\/div>\n\t\t\t\t<\/div>\n\t\t\t\t\t<\/div>\n\t\t<\/div>\n\t\t\t\t\t<\/div>\n\t\t<\/section>\n\t\t\t\t<section class=\"elementor-section elementor-top-section elementor-element elementor-element-a220157 elementor-section-boxed elementor-section-height-default elementor-section-height-default\" data-id=\"a220157\" data-element_type=\"section\" data-e-type=\"section\">\n\t\t\t\t\t\t<div class=\"elementor-container elementor-column-gap-default\">\n\t\t\t\t\t<div class=\"elementor-column elementor-col-100 elementor-top-column elementor-element elementor-element-08cab20\" data-id=\"08cab20\" data-element_type=\"column\" data-e-type=\"column\">\n\t\t\t<div class=\"elementor-widget-wrap elementor-element-populated\">\n\t\t\t\t\t\t<div class=\"elementor-element elementor-element-ccc7e0c elementor-widget elementor-widget-text-editor\" data-id=\"ccc7e0c\" data-element_type=\"widget\" data-e-type=\"widget\" data-widget_type=\"text-editor.default\">\n\t\t\t\t<div class=\"elementor-widget-container\">\n\t\t\t\t\t\t\t\t\t<p><span style=\"color: #ff0000;\"><strong>Condiciones:<\/strong><\/span><\/p><p><span style=\"color: #1f1f1f; font-family: 'Google Sans', Roboto, sans-serif; font-size: 12px; text-align: start; white-space-collapse: preserve;\">Exclusivamente instrumentos de viento y venta online. El pedido no se puede realizar directamente, sino que deben contactar previamente con el AMPA del Conservatorio, ya que si no lo realiza la AMPA no se podr\u00e1 aplicar el descuento, y para ello es necesario verificar que son socios de un AMPA. <\/span><\/p>\t\t\t\t\t\t\t\t<\/div>\n\t\t\t\t<\/div>\n\t\t\t\t\t<\/div>\n\t\t<\/div>\n\t\t\t\t\t<\/div>\n\t\t<\/section>\n\t\t\t\t<section class=\"elementor-section elementor-top-section elementor-element elementor-element-0cbb2f8 elementor-section-boxed elementor-section-height-default elementor-section-height-default\" data-id=\"0cbb2f8\" data-element_type=\"section\" data-e-type=\"section\">\n\t\t\t\t\t\t<div class=\"elementor-container elementor-column-gap-default\">\n\t\t\t\t\t<div class=\"elementor-column elementor-col-50 elementor-top-column elementor-element elementor-element-3639cb3\" data-id=\"3639cb3\" data-element_type=\"column\" data-e-type=\"column\">\n\t\t\t<div class=\"elementor-widget-wrap elementor-element-populated\">\n\t\t\t\t\t\t<div class=\"elementor-element elementor-element-8ae00c8 elementor-widget elementor-widget-image\" data-id=\"8ae00c8\" data-element_type=\"widget\" data-e-type=\"widget\" data-widget_type=\"image.default\">\n\t\t\t\t<div class=\"elementor-widget-container\">\n\t\t\t\t\t\t\t\t\t\t\t\t\t\t\t<img decoding=\"async\" width=\"525\" height=\"175\" src=\"https:\/\/apaselda.es\/wp-content\/uploads\/2024\/09\/logo-klavier-alargado-1200x400-2-1024x341.png\" class=\"attachment-large size-large wp-image-3721\" alt=\"\" srcset=\"https:\/\/apaselda.es\/wp-content\/uploads\/2024\/09\/logo-klavier-alargado-1200x400-2-1024x341.png 1024w, https:\/\/apaselda.es\/wp-content\/uploads\/2024\/09\/logo-klavier-alargado-1200x400-2-300x100.png 300w, https:\/\/apaselda.es\/wp-content\/uploads\/2024\/09\/logo-klavier-alargado-1200x400-2-768x256.png 768w, https:\/\/apaselda.es\/wp-content\/uploads\/2024\/09\/logo-klavier-alargado-1200x400-2.png 1200w\" sizes=\"100vw\" \/>\t\t\t\t\t\t\t\t\t\t\t\t\t\t\t<\/div>\n\t\t\t\t<\/div>\n\t\t\t\t\t<\/div>\n\t\t<\/div>\n\t\t\t\t<div class=\"elementor-column elementor-col-50 elementor-top-column elementor-element elementor-element-7da611a\" data-id=\"7da611a\" data-element_type=\"column\" data-e-type=\"column\">\n\t\t\t<div class=\"elementor-widget-wrap elementor-element-populated\">\n\t\t\t\t\t\t<div class=\"elementor-element elementor-element-232c414 elementor-widget elementor-widget-text-editor\" data-id=\"232c414\" data-element_type=\"widget\" data-e-type=\"widget\" data-widget_type=\"text-editor.default\">\n\t\t\t\t<div class=\"elementor-widget-container\">\n\t\t\t\t\t\t\t\t\t<p>Klavier<\/p><p>\u00a0<\/p>\t\t\t\t\t\t\t\t<\/div>\n\t\t\t\t<\/div>\n\t\t\t\t\t<\/div>\n\t\t<\/div>\n\t\t\t\t\t<\/div>\n\t\t<\/section>\n\t\t\t\t<section class=\"elementor-section elementor-top-section elementor-element elementor-element-09fbe85 elementor-section-boxed elementor-section-height-default elementor-section-height-default\" data-id=\"09fbe85\" data-element_type=\"section\" data-e-type=\"section\">\n\t\t\t\t\t\t<div class=\"elementor-container elementor-column-gap-default\">\n\t\t\t\t\t<div class=\"elementor-column elementor-col-100 elementor-top-column elementor-element elementor-element-548b407\" data-id=\"548b407\" data-element_type=\"column\" data-e-type=\"column\">\n\t\t\t<div class=\"elementor-widget-wrap elementor-element-populated\">\n\t\t\t\t\t\t<div class=\"elementor-element elementor-element-66a757a elementor-widget elementor-widget-text-editor\" data-id=\"66a757a\" data-element_type=\"widget\" data-e-type=\"widget\" data-widget_type=\"text-editor.default\">\n\t\t\t\t<div class=\"elementor-widget-container\">\n\t\t\t\t\t\t\t\t\t<p><span style=\"color: #ff0000; font-weight: bold; text-align: justify; font-family: var( --e-global-typography-text-font-family ), Sans-serif; font-size: 1rem;\">Descuento:<\/span><\/p><p><span style=\"color: #1f1f1f; font-family: 'Google Sans', Roboto, sans-serif; font-size: 12px; font-weight: var( --e-global-typography-text-font-weight ); white-space-collapse: preserve;\">5 % de descuento en libros de m\u00fasica y material escolar. 10% de descuento en instrumentos y accesorios.<\/span><\/p>\t\t\t\t\t\t\t\t<\/div>\n\t\t\t\t<\/div>\n\t\t\t\t\t<\/div>\n\t\t<\/div>\n\t\t\t\t\t<\/div>\n\t\t<\/section>\n\t\t\t\t<section class=\"elementor-section elementor-top-section elementor-element elementor-element-a3e5f1a elementor-section-boxed elementor-section-height-default elementor-section-height-default\" data-id=\"a3e5f1a\" data-element_type=\"section\" data-e-type=\"section\">\n\t\t\t\t\t\t<div class=\"elementor-container elementor-column-gap-default\">\n\t\t\t\t\t<div class=\"elementor-column elementor-col-100 elementor-top-column elementor-element elementor-element-3177aa5\" data-id=\"3177aa5\" data-element_type=\"column\" data-e-type=\"column\">\n\t\t\t<div class=\"elementor-widget-wrap elementor-element-populated\">\n\t\t\t\t\t\t<div class=\"elementor-element elementor-element-4377ea6 elementor-widget elementor-widget-text-editor\" data-id=\"4377ea6\" data-element_type=\"widget\" data-e-type=\"widget\" data-widget_type=\"text-editor.default\">\n\t\t\t\t<div class=\"elementor-widget-container\">\n\t\t\t\t\t\t\t\t\t<p><span style=\"color: #ff0000; font-weight: bold; text-align: justify; font-family: var( --e-global-typography-text-font-family ), Sans-serif; font-size: 1rem;\">Condiciones:<\/span><\/p><p><span style=\"color: #1f1f1f; font-family: 'Google Sans', Roboto, sans-serif; font-size: 12px; font-weight: var( --e-global-typography-text-font-weight ); white-space-collapse: preserve;\">Salvo productos ya rebajados y\/o excepciones<\/span><\/p>\t\t\t\t\t\t\t\t<\/div>\n\t\t\t\t<\/div>\n\t\t\t\t\t<\/div>\n\t\t<\/div>\n\t\t\t\t\t<\/div>\n\t\t<\/section>\n\t\t\t\t<\/div>\n\t\t","protected":false},"excerpt":{"rendered":"<p>Sonorama Musical Web:\u00a0 \u00a0 \u00a0 \u00a0 www.sonoramamusical.com Email:\u00a0 \u00a0 info@sonoramamusical.com Facebook:\u00a0 \u00a0 \u00a0 \u00a0 \u00a0 \u00a0 \u00a0 \u00a0 \u00a0sonoramamusical Tel\u00e9fono:\u00a0 \u00a0 \u00a0 \u00a0 \u00a0 \u00a0 \u00a0 \u00a0 \u00a0 \u00a0 \u00a0 \u00a0 \u00a0 \u00a0 \u00a0966194665 Direcci\u00f3n:\u00a0 \u00a0 \u00a0 \u00a0 \u00a0 \u00a0 \u00a0 \u00a0 \u00a0 \u00a0 \u00a0 \u00a0 \u00a0 \u00a0 \u00a0 \u00a0 \u00a0 \u00a0 \u00a0 \u00a0 \u00a0 &hellip; <\/p>\n<p class=\"link-more\"><a href=\"https:\/\/apaselda.es\/?page_id=1325\" class=\"more-link\">Continuar leyendo<span class=\"screen-reader-text\"> &#8220;M\u00fasica&#8221;<\/span><\/a><\/p>\n","protected":false},"author":1,"featured_media":0,"parent":0,"menu_order":0,"comment_status":"closed","ping_status":"closed","template":"","meta":{"footnotes":""},"class_list":["post-1325","page","type-page","status-publish","hentry"],"_links":{"self":[{"href":"https:\/\/apaselda.es\/index.php?rest_route=\/wp\/v2\/pages\/1325","targetHints":{"allow":["GET"]}}],"collection":[{"href":"https:\/\/apaselda.es\/index.php?rest_route=\/wp\/v2\/pages"}],"about":[{"href":"https:\/\/apaselda.es\/index.php?rest_route=\/wp\/v2\/types\/page"}],"author":[{"embeddable":true,"href":"https:\/\/apaselda.es\/index.php?rest_route=\/wp\/v2\/users\/1"}],"replies":[{"embeddable":true,"href":"https:\/\/apaselda.es\/index.php?rest_route=%2Fwp%2Fv2%2Fcomments&post=1325"}],"version-history":[{"count":12,"href":"https:\/\/apaselda.es\/index.php?rest_route=\/wp\/v2\/pages\/1325\/revisions"}],"predecessor-version":[{"id":3724,"href":"https:\/\/apaselda.es\/index.php?rest_route=\/wp\/v2\/pages\/1325\/revisions\/3724"}],"wp:attachment":[{"href":"https:\/\/apaselda.es\/index.php?rest_route=%2Fwp%2Fv2%2Fmedia&parent=1325"}],"curies":[{"name":"wp","href":"https:\/\/api.w.org\/{rel}","templated":true}]}}