{"id":1239,"date":"2021-09-14T21:41:11","date_gmt":"2021-09-14T21:41:11","guid":{"rendered":"https:\/\/apaselda.es\/?page_id=1239"},"modified":"2024-09-22T17:00:57","modified_gmt":"2024-09-22T17:00:57","slug":"fotografia","status":"publish","type":"page","link":"https:\/\/apaselda.es\/?page_id=1239","title":{"rendered":"Fotograf\u00eda"},"content":{"rendered":"<div id=\"fb-root\"><\/div>\n\t\t<div data-elementor-type=\"wp-page\" data-elementor-id=\"1239\" class=\"elementor elementor-1239\">\n\t\t\t\t\t\t<section class=\"elementor-section elementor-top-section elementor-element elementor-element-49caa5b elementor-section-boxed elementor-section-height-default elementor-section-height-default\" data-id=\"49caa5b\" data-element_type=\"section\" data-e-type=\"section\">\n\t\t\t\t\t\t<div class=\"elementor-container elementor-column-gap-default\">\n\t\t\t\t\t<div class=\"elementor-column elementor-col-100 elementor-top-column elementor-element elementor-element-4a21d62\" data-id=\"4a21d62\" data-element_type=\"column\" data-e-type=\"column\">\n\t\t\t<div class=\"elementor-widget-wrap\">\n\t\t\t\t\t\t\t<\/div>\n\t\t<\/div>\n\t\t\t\t\t<\/div>\n\t\t<\/section>\n\t\t\t\t<section class=\"elementor-section elementor-top-section elementor-element elementor-element-9b3f022 elementor-section-boxed elementor-section-height-default elementor-section-height-default\" data-id=\"9b3f022\" data-element_type=\"section\" data-e-type=\"section\">\n\t\t\t\t\t\t<div class=\"elementor-container elementor-column-gap-default\">\n\t\t\t\t\t<div class=\"elementor-column elementor-col-33 elementor-top-column elementor-element elementor-element-fb6fc34\" data-id=\"fb6fc34\" data-element_type=\"column\" data-e-type=\"column\">\n\t\t\t<div class=\"elementor-widget-wrap elementor-element-populated\">\n\t\t\t\t\t\t<div class=\"elementor-element elementor-element-919b69e elementor-widget elementor-widget-image\" data-id=\"919b69e\" data-element_type=\"widget\" data-e-type=\"widget\" data-widget_type=\"image.default\">\n\t\t\t\t<div class=\"elementor-widget-container\">\n\t\t\t\t\t\t\t\t\t\t\t\t\t\t\t<img fetchpriority=\"high\" decoding=\"async\" width=\"740\" height=\"740\" src=\"https:\/\/apaselda.es\/wp-content\/uploads\/2023\/09\/duo-estudio-1024x1024.jpg\" class=\"attachment-large size-large wp-image-3364\" alt=\"\" srcset=\"https:\/\/apaselda.es\/wp-content\/uploads\/2023\/09\/duo-estudio-1024x1024.jpg 1024w, https:\/\/apaselda.es\/wp-content\/uploads\/2023\/09\/duo-estudio-300x300.jpg 300w, https:\/\/apaselda.es\/wp-content\/uploads\/2023\/09\/duo-estudio-150x150.jpg 150w, https:\/\/apaselda.es\/wp-content\/uploads\/2023\/09\/duo-estudio-768x768.jpg 768w, https:\/\/apaselda.es\/wp-content\/uploads\/2023\/09\/duo-estudio-1536x1536.jpg 1536w, https:\/\/apaselda.es\/wp-content\/uploads\/2023\/09\/duo-estudio-100x100.jpg 100w, https:\/\/apaselda.es\/wp-content\/uploads\/2023\/09\/duo-estudio.jpg 2048w\" sizes=\"100vw\" \/>\t\t\t\t\t\t\t\t\t\t\t\t\t\t\t<\/div>\n\t\t\t\t<\/div>\n\t\t\t\t\t<\/div>\n\t\t<\/div>\n\t\t\t\t<div class=\"elementor-column elementor-col-66 elementor-top-column elementor-element elementor-element-4c66424\" data-id=\"4c66424\" data-element_type=\"column\" data-e-type=\"column\">\n\t\t\t<div class=\"elementor-widget-wrap elementor-element-populated\">\n\t\t\t\t\t\t<div class=\"elementor-element elementor-element-aeced8e elementor-widget elementor-widget-text-editor\" data-id=\"aeced8e\" data-element_type=\"widget\" data-e-type=\"widget\" data-widget_type=\"text-editor.default\">\n\t\t\t\t<div class=\"elementor-widget-container\">\n\t\t\t\t\t\t\t\t\t<h4 data-v-be53585e=\"\">Duo Fotograf\u00eda<\/h4><p>Twitter:\u00a0 \u00a0 \u00a0 \u00a0 \u00a0 \u00a0 \u00a0<a href=\"https:\/\/twitter.com\/duofotoelda\/status\/1454182280772132867\">DUO Fotograf\u00eda y V\u00eddeo<\/a><\/p><p>Email:\u00a0 \u00a0 \u00a0 \u00a0 \u00a0 \u00a0 \u00a0 \u00a0 \u00a0 \u00a0 \u00a0 \u00a0 \u00a0 \u00a0 \u00a0 \u00a0<a href=\"duofotografiaelda@gmail.com\">duo fotograf\u00eda<\/a><\/p><p>Facebook:\u00a0 \u00a0 \u00a0 \u00a0 \u00a0 \u00a0 \u00a0 \u00a0 \u00a0 \u00a0 \u00a0 \u00a0<a href=\"https:\/\/es-es.facebook.com\/masunoimagen\">duo fotograf\u00eda<\/a><\/p><p>Instagram:\u00a0 \u00a0 \u00a0 \u00a0 \u00a0 \u00a0 \u00a0 \u00a0 \u00a0 \u00a0 \u00a0 \u00a0<a href=\"https:\/\/www.instagram.com\/duo.fotografia\/?hl=es\">duo fotograf\u00eda<\/a><\/p><p><strong>Tel\u00e9fono:\u00a0 \u00a0 \u00a0 \u00a0 \u00a0 \u00a0 \u00a0 \u00a0 \u00a0 \u00a0 \u00a0 \u00a0 \u00a0 \u00a0 \u00a0 611526172 (Preferible whatsapp)<\/strong><\/p><p><strong>Direcci\u00f3n:\u00a0 \u00a0 \u00a0 \u00a0 \u00a0 \u00a0 \u00a0 \u00a0 \u00a0 \u00a0 \u00a0 \u00a0 \u00a0 \u00a0 \u00a0 \u00a0 \u00a0 \u00a0 \u00a0 \u00a0 \u00a0 \u00a0 \u00a0 \u00a0 \u00a0 \u00a0 \u00a0 \u00a0 \u00a0 \u00a0 \u00a0 \u00a0 \u00a0 \u00a0 \u00a0 Calle Manuel maestre 34 Elda<\/strong><\/p>\t\t\t\t\t\t\t\t<\/div>\n\t\t\t\t<\/div>\n\t\t\t\t\t<\/div>\n\t\t<\/div>\n\t\t\t\t\t<\/div>\n\t\t<\/section>\n\t\t\t\t<section class=\"elementor-section elementor-top-section elementor-element elementor-element-3d506d1 elementor-section-boxed elementor-section-height-default elementor-section-height-default\" data-id=\"3d506d1\" data-element_type=\"section\" data-e-type=\"section\">\n\t\t\t\t\t\t<div class=\"elementor-container elementor-column-gap-default\">\n\t\t\t\t\t<div class=\"elementor-column elementor-col-100 elementor-top-column elementor-element elementor-element-b448e72\" data-id=\"b448e72\" data-element_type=\"column\" data-e-type=\"column\">\n\t\t\t<div class=\"elementor-widget-wrap elementor-element-populated\">\n\t\t\t\t\t\t<div class=\"elementor-element elementor-element-3f2cc16 elementor-widget elementor-widget-text-editor\" data-id=\"3f2cc16\" data-element_type=\"widget\" data-e-type=\"widget\" data-widget_type=\"text-editor.default\">\n\t\t\t\t<div class=\"elementor-widget-container\">\n\t\t\t\t\t\t\t\t\t<p><strong><span style=\"color: #ff0000;\">Descuento:\u00a0<\/span><\/strong><\/p><p>UN 10% DE DESCUENTO EN SERVICIOS FOTOGRAFICOS Y\/O DE V\u00cdDEO, ESTE DESCUENTO NO INCLUIR\u00c1 EN NING\u00daN<\/p>\t\t\t\t\t\t\t\t<\/div>\n\t\t\t\t<\/div>\n\t\t\t\t\t<\/div>\n\t\t<\/div>\n\t\t\t\t\t<\/div>\n\t\t<\/section>\n\t\t\t\t<section class=\"elementor-section elementor-top-section elementor-element elementor-element-eb9a751 elementor-section-boxed elementor-section-height-default elementor-section-height-default\" data-id=\"eb9a751\" data-element_type=\"section\" data-e-type=\"section\">\n\t\t\t\t\t\t<div class=\"elementor-container elementor-column-gap-default\">\n\t\t\t\t\t<div class=\"elementor-column elementor-col-100 elementor-top-column elementor-element elementor-element-8aadb27\" data-id=\"8aadb27\" data-element_type=\"column\" data-e-type=\"column\">\n\t\t\t<div class=\"elementor-widget-wrap elementor-element-populated\">\n\t\t\t\t\t\t<div class=\"elementor-element elementor-element-5635ac6 elementor-widget elementor-widget-text-editor\" data-id=\"5635ac6\" data-element_type=\"widget\" data-e-type=\"widget\" data-widget_type=\"text-editor.default\">\n\t\t\t\t<div class=\"elementor-widget-container\">\n\t\t\t\t\t\t\t\t\t<p><span style=\"color: #ff0000;\"><strong>Condiciones:<\/strong><\/span><\/p><p>NO ACUMULABLE A OTRAS OFERTAS DEL ESTUDIO O PACKS PROMOCIONALES DEL MISMO<\/p><p>\u00a0<\/p>\t\t\t\t\t\t\t\t<\/div>\n\t\t\t\t<\/div>\n\t\t\t\t\t<\/div>\n\t\t<\/div>\n\t\t\t\t\t<\/div>\n\t\t<\/section>\n\t\t\t\t<\/div>\n\t\t","protected":false},"excerpt":{"rendered":"<p>Duo Fotograf\u00eda Twitter:\u00a0 \u00a0 \u00a0 \u00a0 \u00a0 \u00a0 \u00a0DUO Fotograf\u00eda y V\u00eddeo Email:\u00a0 \u00a0 \u00a0 \u00a0 \u00a0 \u00a0 \u00a0 \u00a0 \u00a0 \u00a0 \u00a0 \u00a0 \u00a0 \u00a0 \u00a0 \u00a0duo fotograf\u00eda Facebook:\u00a0 \u00a0 \u00a0 \u00a0 \u00a0 \u00a0 \u00a0 \u00a0 \u00a0 \u00a0 \u00a0 \u00a0duo fotograf\u00eda Instagram:\u00a0 \u00a0 \u00a0 \u00a0 \u00a0 \u00a0 \u00a0 \u00a0 \u00a0 \u00a0 \u00a0 \u00a0duo fotograf\u00eda &hellip; <\/p>\n<p class=\"link-more\"><a href=\"https:\/\/apaselda.es\/?page_id=1239\" class=\"more-link\">Continuar leyendo<span class=\"screen-reader-text\"> &#8220;Fotograf\u00eda&#8221;<\/span><\/a><\/p>\n","protected":false},"author":1,"featured_media":0,"parent":0,"menu_order":0,"comment_status":"closed","ping_status":"closed","template":"","meta":{"footnotes":""},"class_list":["post-1239","page","type-page","status-publish","hentry"],"_links":{"self":[{"href":"https:\/\/apaselda.es\/index.php?rest_route=\/wp\/v2\/pages\/1239","targetHints":{"allow":["GET"]}}],"collection":[{"href":"https:\/\/apaselda.es\/index.php?rest_route=\/wp\/v2\/pages"}],"about":[{"href":"https:\/\/apaselda.es\/index.php?rest_route=\/wp\/v2\/types\/page"}],"author":[{"embeddable":true,"href":"https:\/\/apaselda.es\/index.php?rest_route=\/wp\/v2\/users\/1"}],"replies":[{"embeddable":true,"href":"https:\/\/apaselda.es\/index.php?rest_route=%2Fwp%2Fv2%2Fcomments&post=1239"}],"version-history":[{"count":21,"href":"https:\/\/apaselda.es\/index.php?rest_route=\/wp\/v2\/pages\/1239\/revisions"}],"predecessor-version":[{"id":3862,"href":"https:\/\/apaselda.es\/index.php?rest_route=\/wp\/v2\/pages\/1239\/revisions\/3862"}],"wp:attachment":[{"href":"https:\/\/apaselda.es\/index.php?rest_route=%2Fwp%2Fv2%2Fmedia&parent=1239"}],"curies":[{"name":"wp","href":"https:\/\/api.w.org\/{rel}","templated":true}]}}